{"id":15792,"date":"2025-07-15T13:47:16","date_gmt":"2025-07-15T11:47:16","guid":{"rendered":"https:\/\/uj.adatbank.ro\/lexikon\/termek\/moses-michael-mihaly\/"},"modified":"2025-07-15T13:47:16","modified_gmt":"2025-07-15T11:47:16","slug":"moses-michael-mihaly","status":"publish","type":"product","link":"https:\/\/uj.adatbank.ro\/lexikon\/termek\/moses-michael-mihaly\/","title":{"rendered":"MOSES, Michael, Mih\u00e1ly"},"content":{"rendered":"<p>16. sz., \u2020\u00a0?: tan\u00edt\u00f3. \u2013 Segesv\u00e1ron volt iskolamester (a 16. sz. v\u00e9g\u00e9n). Kr\u00f3nik\u00e1t \u00edrt, amelyben meg\u00edrta a sz\u00e1sz v\u00e1rosok jellegzetes szervezete, a segesv\u00e1ri piact\u00e9ri szomsz\u00e9ds\u00e1g t\u00f6rt\u00e9net\u00e9t, 373\u20131600 \u00f6sz\u00e9ig. \u2013 F.m. : <strong>K\u00e9ziratban:<\/strong> Etliche furnembste vnd merkliche Geschichten, so in Ungarn vnd Sibenburgen gescheen sindt Seydt der Zeit her 373 (Kr\u00f3nik\u00e1ja 1600 \u0151szig terjed). <br \/><strong>Irod.:<\/strong> Kraus: Erd\u00e9lyi kr\u00f3nika; Szinnyei<\/br><\/p>\n","protected":false},"excerpt":{"rendered":"<p>16. sz., \u2020\u00a0?: tan\u00edt\u00f3. \u2013 Segesv\u00e1ron volt iskolamester (a 16. sz. v\u00e9g\u00e9n). Kr\u00f3nik\u00e1t \u00edrt, amelyben meg\u00edrta a sz\u00e1sz v\u00e1rosok jellegzetes szervezete, a segesv\u00e1ri piact\u00e9ri szomsz\u00e9ds\u00e1g t\u00f6rt\u00e9net\u00e9t, 373\u20131600 \u00f6sz\u00e9ig. \u2013 F.m. : K\u00e9ziratban: Etliche furnembste vnd merkliche Geschichten, so in Ungarn vnd Sibenburgen gescheen sindt Seydt der Zeit her 373 (Kr\u00f3nik\u00e1ja 1600 \u0151szig terjed). Irod.: Kraus: [&hellip;]<\/p>\n","protected":false},"featured_media":0,"comment_status":"open","ping_status":"closed","template":"","meta":[],"product_brand":[],"product_cat":[137],"product_tag":[],"class_list":{"0":"post-15792","1":"product","2":"type-product","3":"status-publish","5":"product_cat-maros-megyei-eletrajzi-lexikon","7":"first","8":"instock","9":"shipping-taxable","10":"product-type-simple"},"_links":{"self":[{"href":"https:\/\/uj.adatbank.ro\/lexikon\/wp-json\/wp\/v2\/product\/15792","targetHints":{"allow":["GET"]}}],"collection":[{"href":"https:\/\/uj.adatbank.ro\/lexikon\/wp-json\/wp\/v2\/product"}],"about":[{"href":"https:\/\/uj.adatbank.ro\/lexikon\/wp-json\/wp\/v2\/types\/product"}],"replies":[{"embeddable":true,"href":"https:\/\/uj.adatbank.ro\/lexikon\/wp-json\/wp\/v2\/comments?post=15792"}],"wp:attachment":[{"href":"https:\/\/uj.adatbank.ro\/lexikon\/wp-json\/wp\/v2\/media?parent=15792"}],"wp:term":[{"taxonomy":"product_brand","embeddable":true,"href":"https:\/\/uj.adatbank.ro\/lexikon\/wp-json\/wp\/v2\/product_brand?post=15792"},{"taxonomy":"product_cat","embeddable":true,"href":"https:\/\/uj.adatbank.ro\/lexikon\/wp-json\/wp\/v2\/product_cat?post=15792"},{"taxonomy":"product_tag","embeddable":true,"href":"https:\/\/uj.adatbank.ro\/lexikon\/wp-json\/wp\/v2\/product_tag?post=15792"}],"curies":[{"name":"wp","href":"https:\/\/api.w.org\/{rel}","templated":true}]}}