{"id":15794,"date":"2025-07-15T13:47:21","date_gmt":"2025-07-15T11:47:21","guid":{"rendered":"https:\/\/uj.adatbank.ro\/lexikon\/termek\/moskovits-leb\/"},"modified":"2025-07-15T13:47:21","modified_gmt":"2025-07-15T11:47:21","slug":"moskovits-leb","status":"publish","type":"product","link":"https:\/\/uj.adatbank.ro\/lexikon\/termek\/moskovits-leb\/","title":{"rendered":"MOSKOVITS L\u00e9b"},"content":{"rendered":"<p>? \u2020\u00a0? : p\u00e1szkas\u00fat\u0151. \u2013 Mv.-i lak\u00f3s, a zsid\u00f3 hitk\u00f6zs\u00e9gt\u0151l enged\u00e9lyt kapott k\u00e9zip\u00e1szka s\u00fct\u00e9s\u00e9re (1932). <br \/><strong>Irod.:<\/strong> Mv. zsid\u00f3s\u00e1ga; Sebesty\u00e9n Mih\u00e1ly-Diamanstein Gy\u00f6rgy: Egy els\u00fclyedt vil\u00e1g \u00e9breszt\u00e9se = Eml\u00e9kk. Szab\u00f3 Mikl\u00f3s<\/br><\/p>\n","protected":false},"excerpt":{"rendered":"<p>? \u2020\u00a0? : p\u00e1szkas\u00fat\u0151. \u2013 Mv.-i lak\u00f3s, a zsid\u00f3 hitk\u00f6zs\u00e9gt\u0151l enged\u00e9lyt kapott k\u00e9zip\u00e1szka s\u00fct\u00e9s\u00e9re (1932). Irod.: Mv. zsid\u00f3s\u00e1ga; Sebesty\u00e9n Mih\u00e1ly-Diamanstein Gy\u00f6rgy: Egy els\u00fclyedt vil\u00e1g \u00e9breszt\u00e9se = Eml\u00e9kk. Szab\u00f3 Mikl\u00f3s<\/p>\n","protected":false},"featured_media":0,"comment_status":"open","ping_status":"closed","template":"","meta":[],"product_brand":[],"product_cat":[137],"product_tag":[],"class_list":{"0":"post-15794","1":"product","2":"type-product","3":"status-publish","5":"product_cat-maros-megyei-eletrajzi-lexikon","7":"first","8":"instock","9":"shipping-taxable","10":"product-type-simple"},"_links":{"self":[{"href":"https:\/\/uj.adatbank.ro\/lexikon\/wp-json\/wp\/v2\/product\/15794","targetHints":{"allow":["GET"]}}],"collection":[{"href":"https:\/\/uj.adatbank.ro\/lexikon\/wp-json\/wp\/v2\/product"}],"about":[{"href":"https:\/\/uj.adatbank.ro\/lexikon\/wp-json\/wp\/v2\/types\/product"}],"replies":[{"embeddable":true,"href":"https:\/\/uj.adatbank.ro\/lexikon\/wp-json\/wp\/v2\/comments?post=15794"}],"wp:attachment":[{"href":"https:\/\/uj.adatbank.ro\/lexikon\/wp-json\/wp\/v2\/media?parent=15794"}],"wp:term":[{"taxonomy":"product_brand","embeddable":true,"href":"https:\/\/uj.adatbank.ro\/lexikon\/wp-json\/wp\/v2\/product_brand?post=15794"},{"taxonomy":"product_cat","embeddable":true,"href":"https:\/\/uj.adatbank.ro\/lexikon\/wp-json\/wp\/v2\/product_cat?post=15794"},{"taxonomy":"product_tag","embeddable":true,"href":"https:\/\/uj.adatbank.ro\/lexikon\/wp-json\/wp\/v2\/product_tag?post=15794"}],"curies":[{"name":"wp","href":"https:\/\/api.w.org\/{rel}","templated":true}]}}