{"id":15798,"date":"2025-07-15T13:47:28","date_gmt":"2025-07-15T11:47:28","guid":{"rendered":"https:\/\/uj.adatbank.ro\/lexikon\/termek\/mosonyi-janos-istvan\/"},"modified":"2025-07-15T13:47:28","modified_gmt":"2025-07-15T11:47:28","slug":"mosonyi-janos-istvan","status":"publish","type":"product","link":"https:\/\/uj.adatbank.ro\/lexikon\/termek\/mosonyi-janos-istvan\/","title":{"rendered":"MOSONYI J\u00e1nos\u00a0Istv\u00e1n"},"content":{"rendered":"<p>? \u2020\u00a0?\u00a0: orvos. \u2013 Az OGYI Orvosi Bi\u00f3k\u00e9mia tansz\u00e9k\u00e9nek vezet\u0151je (1947.dec. 13.\u201349), visszat\u00e9rt Mo.-ra. <br \/><strong>Irod.:<\/strong> Genersich; Id\u0151t\u00e1r 4.; Viharban<\/br><\/p>\n","protected":false},"excerpt":{"rendered":"<p>? \u2020\u00a0?\u00a0: orvos. \u2013 Az OGYI Orvosi Bi\u00f3k\u00e9mia tansz\u00e9k\u00e9nek vezet\u0151je (1947.dec. 13.\u201349), visszat\u00e9rt Mo.-ra. Irod.: Genersich; Id\u0151t\u00e1r 4.; Viharban<\/p>\n","protected":false},"featured_media":0,"comment_status":"open","ping_status":"closed","template":"","meta":[],"product_brand":[],"product_cat":[137],"product_tag":[],"class_list":{"0":"post-15798","1":"product","2":"type-product","3":"status-publish","5":"product_cat-maros-megyei-eletrajzi-lexikon","7":"first","8":"instock","9":"shipping-taxable","10":"product-type-simple"},"_links":{"self":[{"href":"https:\/\/uj.adatbank.ro\/lexikon\/wp-json\/wp\/v2\/product\/15798","targetHints":{"allow":["GET"]}}],"collection":[{"href":"https:\/\/uj.adatbank.ro\/lexikon\/wp-json\/wp\/v2\/product"}],"about":[{"href":"https:\/\/uj.adatbank.ro\/lexikon\/wp-json\/wp\/v2\/types\/product"}],"replies":[{"embeddable":true,"href":"https:\/\/uj.adatbank.ro\/lexikon\/wp-json\/wp\/v2\/comments?post=15798"}],"wp:attachment":[{"href":"https:\/\/uj.adatbank.ro\/lexikon\/wp-json\/wp\/v2\/media?parent=15798"}],"wp:term":[{"taxonomy":"product_brand","embeddable":true,"href":"https:\/\/uj.adatbank.ro\/lexikon\/wp-json\/wp\/v2\/product_brand?post=15798"},{"taxonomy":"product_cat","embeddable":true,"href":"https:\/\/uj.adatbank.ro\/lexikon\/wp-json\/wp\/v2\/product_cat?post=15798"},{"taxonomy":"product_tag","embeddable":true,"href":"https:\/\/uj.adatbank.ro\/lexikon\/wp-json\/wp\/v2\/product_tag?post=15798"}],"curies":[{"name":"wp","href":"https:\/\/api.w.org\/{rel}","templated":true}]}}