{"id":1580,"date":"2025-06-28T11:46:35","date_gmt":"2025-06-28T09:46:35","guid":{"rendered":"https:\/\/uj.adatbank.ro\/lexikon\/termek\/abafay-gusztav-offenberger-gusztav\/"},"modified":"2025-06-28T11:46:35","modified_gmt":"2025-06-28T09:46:35","slug":"abafay-gusztav-offenberger-gusztav","status":"publish","type":"product","link":"https:\/\/uj.adatbank.ro\/lexikon\/termek\/abafay-gusztav-offenberger-gusztav\/","title":{"rendered":"ABAF\u00c1Y Guszt\u00e1v, \u00d6ffenberger Guszt\u00e1v"},"content":{"rendered":"<p>Bp.,1901. szept. 12., \u2020 Landshut (N\u00e9meto.), 1995. m\u00e1rc. 2.: irodalomt\u00f6rt\u00e9n\u00e9sz, \u00fajs\u00e1g\u00edr\u00f3. \u2013 K\u00f6z\u00e9piskol\u00e1t Brass\u00f3ban v\u00e9gzett, jogot Bp.-en hallgatott. Brass\u00f3ban volt mag\u00e1ntisztvisel\u0151, kritikai \u00e9s publicisztukai \u00edr\u00e1sai a Brass\u00f3i Lapok, Erd\u00e9lyi, Helikon, P\u00e1sztot\u0171z, F\u00fcggetlen \u00dajs\u00e1g has\u00e1bjain jelentek meg (1935\u2013). Mv.-en szerkesztette a Szabad Sz\u00f3 c. napilapot (1944\u2013), a lap 1951-ig jelent meg de k\u00f6zben c\u00edmv\u00e1ltoz\u00e1s volt (1948), N\u00e9p\u00fajs\u00e1g lett. \u00dajs\u00e1g\u00edr\u00f3 Mv.-en (1945\u201348), majd a buk.-i \u00c1llami K\u00f6nyvkiad\u00f3 m. szerkeszt\u0151s\u00e9g\u00e9nek els\u0151 f\u0151szerkeszt\u0151je; el\u0151ad\u00f3tan\u00e1r a kv.-i BTE-n (1948); Kv.-on a Rom\u00e1n Tud. Akad\u00e9mia K\u00f6nyvt\u00e1r\u00e1ban k\u00f6nyvt\u00e1ros (1951\u2013), majd tudom\u00e1nyos f\u0151kutat\u00f3 nyugalomba vonul\u00e1s\u00e1ig (\u20131966). A KZST tagja (1945\u2013), a NyIrK szerkeszt\u0151je \u00e9s munkat\u00e1rsa. A Mv.-i Kaszin\u00f3 tagja (1945). Adatgy\u0171jt\u0151 \u00e9s bibliogr\u00e1fus munk\u00e1j\u00e1val hozz\u00e1j\u00e1rult a rom\u00e1niai m. pr\u00f3za t\u00f6rt\u00e9net\u00e9nek \u2013 \u00edgy Nagy Istv\u00e1n p\u00e1ly\u00e1j\u00e1nak \u00e9s m\u0171veinek ismeret\u00e9hez, a Bolyaiak hagyat\u00e9k\u00e1nak felt\u00e1r\u00e1s\u00e1hoz \u00e9s az Arany J\u00e1nos\u2013kutat\u00e1shoz. A kv.-i f\u0151iskolai sz\u00ednj\u00e1tsz\u00e1s sz\u00e1m\u00e1ra sz\u00ednpadra alkalmazta Bolyai Farkas A p\u00e1risi per c. dr\u00e1m\u00e1j\u00e1t. \u2013 <strong>F. m.:<\/strong> <strong>t\u00e1rssz.:<\/strong> H\u00e1rom portr\u00e9: Asztalos Istv\u00e1n, Nagy Istv\u00e1n, Kov\u00e1cs Gy\u00f6rgy (Kacs\u00f3 S\u00e1ndorral, S\u0151ni P\u00e1llal; Kv. Buk., 1963); \u00cdr\u00f3k, \u00cdr\u00e1sok, tanulm\u00e1nyok (Kacs\u00f3 S\u00e1ndor \u00e9s S\u0151ni P\u00e1llal. Buk., 1964); <strong>szerk.:<\/strong> \u00daj Erd\u00e9lyi Antol\u00f3gia (Jancs\u00f3 Elem\u00e9rrel, Szeml\u00e9r Ferenccel, Buk.,1937); Szil\u00e1gyi Andr\u00e1s: Gyalogszerrel. Riportok, novell\u00e1k. (el\u0151sz\u00f3., Buc, 1961) Kov\u00e1cs Gy\u00f6rgy: Pletykaf\u00e9szek-Varjak a falu felett (k\u00e9t reg\u00e9ny. Bev. Buk., 1962); Nagy Istv\u00e1n: A Boldog utc\u00e1n t\u00fal (elb., nov., karc.; \u00d6ssze\u00e1ll. jegyz., Buk., 1966); Izs\u00e1k J\u00f3zsef: Asztalos Istv\u00e1n: Monogr\u00e1fia (A. I. m\u0171veinek bibliogr. Bonyh\u00e1ti Jol\u00e1nnal., Buk., 1967.); Varr\u00f3 Dezs\u0151: Gyilkos tavasz (versek; gond., el\u0151sz\u00f3, bibliogr., Kv., 1970); Kov\u00e1cs Gy\u00f6rgy: A hadnagy \u00e9s a t\u00fcnem\u00e9ny. Elbesz\u00e9l\u00e9sek 1941\u20131976. (bibl. Bonyh\u00e1ti Jol\u00e1n, Hal\u00e1sz Borisk\u00e1val. Buk., 1977). <br \/><strong>Irod.:<\/strong> De\u00e9 Nagy Anik\u00f3 2007; Id\u0151t\u00e1r 3; K\u00e1ntor\u2013L\u00e1ng; Marosi\u2013KZST; Molter 3.; R\u00e9thy\u2013V\u00e1czy; R\u00e9thy\u2013\u00d3jv\u00e1ry\u2013V\u00e1czi; RMIL; \u00daM\u00c9L<\/br><\/p>\n","protected":false},"excerpt":{"rendered":"<p>Bp.,1901. szept. 12., \u2020 Landshut (N\u00e9meto.), 1995. m\u00e1rc. 2.: irodalomt\u00f6rt\u00e9n\u00e9sz, \u00fajs\u00e1g\u00edr\u00f3. \u2013 K\u00f6z\u00e9piskol\u00e1t Brass\u00f3ban v\u00e9gzett, jogot Bp.-en hallgatott. Brass\u00f3ban volt mag\u00e1ntisztvisel\u0151, kritikai \u00e9s publicisztukai \u00edr\u00e1sai a Brass\u00f3i Lapok, Erd\u00e9lyi, Helikon, P\u00e1sztot\u0171z, F\u00fcggetlen \u00dajs\u00e1g has\u00e1bjain jelentek meg (1935\u2013). Mv.-en szerkesztette a Szabad Sz\u00f3 c. napilapot (1944\u2013), a lap 1951-ig jelent meg de k\u00f6zben c\u00edmv\u00e1ltoz\u00e1s volt (1948), [&hellip;]<\/p>\n","protected":false},"featured_media":0,"comment_status":"open","ping_status":"closed","template":"","meta":[],"product_brand":[],"product_cat":[137],"product_tag":[],"class_list":{"0":"post-1580","1":"product","2":"type-product","3":"status-publish","5":"product_cat-maros-megyei-eletrajzi-lexikon","7":"first","8":"instock","9":"shipping-taxable","10":"product-type-simple"},"_links":{"self":[{"href":"https:\/\/uj.adatbank.ro\/lexikon\/wp-json\/wp\/v2\/product\/1580","targetHints":{"allow":["GET"]}}],"collection":[{"href":"https:\/\/uj.adatbank.ro\/lexikon\/wp-json\/wp\/v2\/product"}],"about":[{"href":"https:\/\/uj.adatbank.ro\/lexikon\/wp-json\/wp\/v2\/types\/product"}],"replies":[{"embeddable":true,"href":"https:\/\/uj.adatbank.ro\/lexikon\/wp-json\/wp\/v2\/comments?post=1580"}],"wp:attachment":[{"href":"https:\/\/uj.adatbank.ro\/lexikon\/wp-json\/wp\/v2\/media?parent=1580"}],"wp:term":[{"taxonomy":"product_brand","embeddable":true,"href":"https:\/\/uj.adatbank.ro\/lexikon\/wp-json\/wp\/v2\/product_brand?post=1580"},{"taxonomy":"product_cat","embeddable":true,"href":"https:\/\/uj.adatbank.ro\/lexikon\/wp-json\/wp\/v2\/product_cat?post=1580"},{"taxonomy":"product_tag","embeddable":true,"href":"https:\/\/uj.adatbank.ro\/lexikon\/wp-json\/wp\/v2\/product_tag?post=1580"}],"curies":[{"name":"wp","href":"https:\/\/api.w.org\/{rel}","templated":true}]}}