{"id":15811,"date":"2025-07-15T13:47:55","date_gmt":"2025-07-15T11:47:55","guid":{"rendered":"https:\/\/uj.adatbank.ro\/lexikon\/termek\/mozes-andras\/"},"modified":"2025-07-15T13:47:55","modified_gmt":"2025-07-15T11:47:55","slug":"mozes-andras","status":"publish","type":"product","link":"https:\/\/uj.adatbank.ro\/lexikon\/termek\/mozes-andras\/","title":{"rendered":"M\u00d3ZES Andr\u00e1s"},"content":{"rendered":"<p>\u00dcrm\u00f6s, 1837., \u2020\u00a0Kv., 1888: lelk\u00e9sz, tan\u00e1r. \u2013 Sz\u00e9kelykereszt\u00faron \u00e9s Kv.-on tanult.Teol\u00f3gus (1860\u2013), senior (1863). Lelk\u00e9sz Abrudb\u00e1ny\u00e1n (1866\u2013), Kv.-on a koll.-ban tan\u00edtott egyh\u00e1zt\u00f6rt\u00e9netet, vall\u00e1st, m.irodalmat. A teol\u00f3gi\u00e9n jogot, liturgik\u00e1t, lelkip\u00e1sztori gondoz\u00e1st tan\u00edtott. Publik\u00e1lt a Kereszt\u00e9ny Magvet\u0151- ben..-<br \/><strong>Irod.:<\/strong> Kelemen<\/br><\/p>\n","protected":false},"excerpt":{"rendered":"<p>\u00dcrm\u00f6s, 1837., \u2020\u00a0Kv., 1888: lelk\u00e9sz, tan\u00e1r. \u2013 Sz\u00e9kelykereszt\u00faron \u00e9s Kv.-on tanult.Teol\u00f3gus (1860\u2013), senior (1863). Lelk\u00e9sz Abrudb\u00e1ny\u00e1n (1866\u2013), Kv.-on a koll.-ban tan\u00edtott egyh\u00e1zt\u00f6rt\u00e9netet, vall\u00e1st, m.irodalmat. A teol\u00f3gi\u00e9n jogot, liturgik\u00e1t, lelkip\u00e1sztori gondoz\u00e1st tan\u00edtott. Publik\u00e1lt a Kereszt\u00e9ny Magvet\u0151- ben..-Irod.: Kelemen<\/p>\n","protected":false},"featured_media":0,"comment_status":"open","ping_status":"closed","template":"","meta":[],"product_brand":[],"product_cat":[137],"product_tag":[],"class_list":{"0":"post-15811","1":"product","2":"type-product","3":"status-publish","5":"product_cat-maros-megyei-eletrajzi-lexikon","7":"first","8":"instock","9":"shipping-taxable","10":"product-type-simple"},"_links":{"self":[{"href":"https:\/\/uj.adatbank.ro\/lexikon\/wp-json\/wp\/v2\/product\/15811","targetHints":{"allow":["GET"]}}],"collection":[{"href":"https:\/\/uj.adatbank.ro\/lexikon\/wp-json\/wp\/v2\/product"}],"about":[{"href":"https:\/\/uj.adatbank.ro\/lexikon\/wp-json\/wp\/v2\/types\/product"}],"replies":[{"embeddable":true,"href":"https:\/\/uj.adatbank.ro\/lexikon\/wp-json\/wp\/v2\/comments?post=15811"}],"wp:attachment":[{"href":"https:\/\/uj.adatbank.ro\/lexikon\/wp-json\/wp\/v2\/media?parent=15811"}],"wp:term":[{"taxonomy":"product_brand","embeddable":true,"href":"https:\/\/uj.adatbank.ro\/lexikon\/wp-json\/wp\/v2\/product_brand?post=15811"},{"taxonomy":"product_cat","embeddable":true,"href":"https:\/\/uj.adatbank.ro\/lexikon\/wp-json\/wp\/v2\/product_cat?post=15811"},{"taxonomy":"product_tag","embeddable":true,"href":"https:\/\/uj.adatbank.ro\/lexikon\/wp-json\/wp\/v2\/product_tag?post=15811"}],"curies":[{"name":"wp","href":"https:\/\/api.w.org\/{rel}","templated":true}]}}