{"id":15814,"date":"2025-07-15T13:48:00","date_gmt":"2025-07-15T11:48:00","guid":{"rendered":"https:\/\/uj.adatbank.ro\/lexikon\/termek\/mozes-attila\/"},"modified":"2025-07-15T13:48:00","modified_gmt":"2025-07-15T11:48:00","slug":"mozes-attila","status":"publish","type":"product","link":"https:\/\/uj.adatbank.ro\/lexikon\/termek\/mozes-attila\/","title":{"rendered":"M\u00d3ZES Attila"},"content":{"rendered":"<p>Mv, 1952.\u00e1pr.8,.\u2020 Mv., 2017.jan.31.: pr\u00f3za\u00edr\u00f3, irodalomkritikus, szerkeszt\u0151. \u2013 M.Istv\u00e1n \u00e9s Ir\u00e9n fia. Testv\u00e9re: Bal\u00e1zs (1981).- Kv.-on a BBTE orosz- magyar-francia szak\u00e1n v\u00e9gzett (1976).Sz\u00e9kelyhidason tan\u00edtott francia- \u00e9s testnevel\u00e9st (1976\u201379). Kv.-on az Utunk (1979\u2013) \u00e9s a Helikon (1990\u2013) pr\u00f3zarovat\u00e1nak szerk.-je volt. D\u00edjai: Ifj\u00fas\u00e1gi d\u00edj, a Rom\u00e1n \u00cdr\u00f3k Sz\u00f6vets\u00e9ge pr\u00f3zad\u00edja (1981, 1983, 1986, 2004), L\u00e1t\u00f3-d\u00edj (2000) E-MIL-nagyd\u00edj (2002), az E-MIL kritikai d\u00edja (2004), Sz\u00e9kelyf\u00f6ld-d\u00edj (2010), M\u00e1rai S\u00e1ndor-d\u00edj (2012). \u2013 <strong>F. m.:<\/strong> \u00c1tmenetek (elb.Buk., 1978); Egyidej\u0171s\u00e9gek (reg., Buk., 1980); F\u00e9ny, \u00e1rny\u00e9k, \u00e1tdereng (elb., Kv., 1980), \u00dcvegcsend\u00e9let (elb.Buk., 1982); F\u00fcstkorom (elb.Buk., 1984); A Gonosz sz\u00ednev\u00e1ltoz\u00e1sa (h\u00e1rom kamarat\u00f6rt,.Buk., 1985); Ajt\u00f3k (antol\u00f3g., 1986); Epilog la un adio (v\u00e1l.elb. Buk., 1986); \u00c1rv\u00edzkor a foly\u00f3k megkeresik r\u00e9gi medr\u00fcket (reg., 1990); Yesterday.Az Oroszl\u00e1n Hava \u00e9s egy\u00e9b t\u00f6rt\u00e9netek (elb. Buk., 1990), Vil\u00e1gv\u00e1ros (Helikon); Szeptember v\u00e9gi csontz\u00faz\u00e1s (elb.); Csup\u00e1ncsak elviselni egym\u00e1st (Korunk, 1991.4.);.A v\u00e9nasszonyok nyara (kisreg., Kv., 1991); Egy poh\u00e1r vigyor (novell\u00e1k, Fels\u0151magyarorsz\u00e1gi Kiad\u00f3, 1996); Napnyugati v\u00e1ndorl\u00e1s (v\u00e1logatott elb., 2000), C\u00e9da korok t\u00f6rt\u00e9nelme (v\u00e1logatott essz\u00e9k, kritik\u00e1k, 2004), Foglal\u00f3, 13+1 \u00e9rzelmes besz\u00e9ly (pr\u00f3za, 2011), Hamut\u00e1lca (elb.). <br \/><strong>Irod.:<\/strong> EMKK 2010; Fekete Vince: Helikon; M\u00f3zes Attila hal\u00e1l\u00e1ra (Sz\u00e9kelyf\u00f6ld, 2017. 3.sz., p.156\u201358.); K\u00e1ntor Lajos: B\u00facs\u00fa M\u00f3zes Attil\u00e1t\u00f3l = K\u00e1ntor \u2013 L\u00e1ng; Vida G\u00e1bor: A mondat \u00e9s a d\u00e9mon (Korunk, 1994.aug.)<\/br><\/p>\n","protected":false},"excerpt":{"rendered":"<p>Mv, 1952.\u00e1pr.8,.\u2020 Mv., 2017.jan.31.: pr\u00f3za\u00edr\u00f3, irodalomkritikus, szerkeszt\u0151. \u2013 M.Istv\u00e1n \u00e9s Ir\u00e9n fia. Testv\u00e9re: Bal\u00e1zs (1981).- Kv.-on a BBTE orosz- magyar-francia szak\u00e1n v\u00e9gzett (1976).Sz\u00e9kelyhidason tan\u00edtott francia- \u00e9s testnevel\u00e9st (1976\u201379). Kv.-on az Utunk (1979\u2013) \u00e9s a Helikon (1990\u2013) pr\u00f3zarovat\u00e1nak szerk.-je volt. D\u00edjai: Ifj\u00fas\u00e1gi d\u00edj, a Rom\u00e1n \u00cdr\u00f3k Sz\u00f6vets\u00e9ge pr\u00f3zad\u00edja (1981, 1983, 1986, 2004), L\u00e1t\u00f3-d\u00edj (2000) E-MIL-nagyd\u00edj (2002), [&hellip;]<\/p>\n","protected":false},"featured_media":0,"comment_status":"open","ping_status":"closed","template":"","meta":[],"product_brand":[],"product_cat":[137],"product_tag":[],"class_list":{"0":"post-15814","1":"product","2":"type-product","3":"status-publish","5":"product_cat-maros-megyei-eletrajzi-lexikon","7":"first","8":"instock","9":"shipping-taxable","10":"product-type-simple"},"_links":{"self":[{"href":"https:\/\/uj.adatbank.ro\/lexikon\/wp-json\/wp\/v2\/product\/15814","targetHints":{"allow":["GET"]}}],"collection":[{"href":"https:\/\/uj.adatbank.ro\/lexikon\/wp-json\/wp\/v2\/product"}],"about":[{"href":"https:\/\/uj.adatbank.ro\/lexikon\/wp-json\/wp\/v2\/types\/product"}],"replies":[{"embeddable":true,"href":"https:\/\/uj.adatbank.ro\/lexikon\/wp-json\/wp\/v2\/comments?post=15814"}],"wp:attachment":[{"href":"https:\/\/uj.adatbank.ro\/lexikon\/wp-json\/wp\/v2\/media?parent=15814"}],"wp:term":[{"taxonomy":"product_brand","embeddable":true,"href":"https:\/\/uj.adatbank.ro\/lexikon\/wp-json\/wp\/v2\/product_brand?post=15814"},{"taxonomy":"product_cat","embeddable":true,"href":"https:\/\/uj.adatbank.ro\/lexikon\/wp-json\/wp\/v2\/product_cat?post=15814"},{"taxonomy":"product_tag","embeddable":true,"href":"https:\/\/uj.adatbank.ro\/lexikon\/wp-json\/wp\/v2\/product_tag?post=15814"}],"curies":[{"name":"wp","href":"https:\/\/api.w.org\/{rel}","templated":true}]}}