{"id":15815,"date":"2025-07-15T13:48:02","date_gmt":"2025-07-15T11:48:02","guid":{"rendered":"https:\/\/uj.adatbank.ro\/lexikon\/termek\/mozes-bernat\/"},"modified":"2025-07-15T13:48:02","modified_gmt":"2025-07-15T11:48:02","slug":"mozes-bernat","status":"publish","type":"product","link":"https:\/\/uj.adatbank.ro\/lexikon\/termek\/mozes-bernat\/","title":{"rendered":"M\u00d3ZES Bern\u00e1t"},"content":{"rendered":"<p>T\u00f6vis, 1859. j\u00fan. 6. \u2020\u00a0? : keresked\u0151. \u2013 Zsid\u00f3 keresked\u0151 Sz\u00e9naf\u0171ben (1935\u201340), nagy f\u00f6ldbirtokai is voltak. Palesztin\u00e1ba v\u00e1ndorolt ki (1948\u201349), f\u00f6ldjeit \u00f6r\u00f6k\u00f6seire hagyta (Agler, Berkovics, Mendi \u00e9s Izs\u00e1k), akik a f\u00f6ldeket a helyb\u00e9li rom\u00e1n lakosoknak adt\u00e1k el. <br \/><strong>Irod.:<\/strong> T\u0103ureni<\/br><\/p>\n","protected":false},"excerpt":{"rendered":"<p>T\u00f6vis, 1859. j\u00fan. 6. \u2020\u00a0? : keresked\u0151. \u2013 Zsid\u00f3 keresked\u0151 Sz\u00e9naf\u0171ben (1935\u201340), nagy f\u00f6ldbirtokai is voltak. Palesztin\u00e1ba v\u00e1ndorolt ki (1948\u201349), f\u00f6ldjeit \u00f6r\u00f6k\u00f6seire hagyta (Agler, Berkovics, Mendi \u00e9s Izs\u00e1k), akik a f\u00f6ldeket a helyb\u00e9li rom\u00e1n lakosoknak adt\u00e1k el. Irod.: T\u0103ureni<\/p>\n","protected":false},"featured_media":0,"comment_status":"open","ping_status":"closed","template":"","meta":[],"product_brand":[],"product_cat":[137],"product_tag":[],"class_list":{"0":"post-15815","1":"product","2":"type-product","3":"status-publish","5":"product_cat-maros-megyei-eletrajzi-lexikon","7":"first","8":"instock","9":"shipping-taxable","10":"product-type-simple"},"_links":{"self":[{"href":"https:\/\/uj.adatbank.ro\/lexikon\/wp-json\/wp\/v2\/product\/15815","targetHints":{"allow":["GET"]}}],"collection":[{"href":"https:\/\/uj.adatbank.ro\/lexikon\/wp-json\/wp\/v2\/product"}],"about":[{"href":"https:\/\/uj.adatbank.ro\/lexikon\/wp-json\/wp\/v2\/types\/product"}],"replies":[{"embeddable":true,"href":"https:\/\/uj.adatbank.ro\/lexikon\/wp-json\/wp\/v2\/comments?post=15815"}],"wp:attachment":[{"href":"https:\/\/uj.adatbank.ro\/lexikon\/wp-json\/wp\/v2\/media?parent=15815"}],"wp:term":[{"taxonomy":"product_brand","embeddable":true,"href":"https:\/\/uj.adatbank.ro\/lexikon\/wp-json\/wp\/v2\/product_brand?post=15815"},{"taxonomy":"product_cat","embeddable":true,"href":"https:\/\/uj.adatbank.ro\/lexikon\/wp-json\/wp\/v2\/product_cat?post=15815"},{"taxonomy":"product_tag","embeddable":true,"href":"https:\/\/uj.adatbank.ro\/lexikon\/wp-json\/wp\/v2\/product_tag?post=15815"}],"curies":[{"name":"wp","href":"https:\/\/api.w.org\/{rel}","templated":true}]}}