{"id":15824,"date":"2025-07-15T13:48:21","date_gmt":"2025-07-15T11:48:21","guid":{"rendered":"https:\/\/uj.adatbank.ro\/lexikon\/termek\/mozes-kolumban\/"},"modified":"2025-07-15T13:48:21","modified_gmt":"2025-07-15T11:48:21","slug":"mozes-kolumban","status":"publish","type":"product","link":"https:\/\/uj.adatbank.ro\/lexikon\/termek\/mozes-kolumban\/","title":{"rendered":"M\u00d3ZES Kolumb\u00e1n"},"content":{"rendered":"<p>Fels\u0151r\u00e1kos, 1904., \u2020 1973. m\u00e1j. 25. _ orvos. \u2013 a MOGYI \u2013n vezeti az Eg\u00e9zs\u00e9g\u00fcgyi Szervez\u00e9si Katedr\u00e1t. <br \/><strong>Irod.:<\/strong> MMK<\/br><\/p>\n","protected":false},"excerpt":{"rendered":"<p>Fels\u0151r\u00e1kos, 1904., \u2020 1973. m\u00e1j. 25. _ orvos. \u2013 a MOGYI \u2013n vezeti az Eg\u00e9zs\u00e9g\u00fcgyi Szervez\u00e9si Katedr\u00e1t. Irod.: MMK<\/p>\n","protected":false},"featured_media":0,"comment_status":"open","ping_status":"closed","template":"","meta":[],"product_brand":[],"product_cat":[137],"product_tag":[],"class_list":{"0":"post-15824","1":"product","2":"type-product","3":"status-publish","5":"product_cat-maros-megyei-eletrajzi-lexikon","7":"first","8":"instock","9":"shipping-taxable","10":"product-type-simple"},"_links":{"self":[{"href":"https:\/\/uj.adatbank.ro\/lexikon\/wp-json\/wp\/v2\/product\/15824","targetHints":{"allow":["GET"]}}],"collection":[{"href":"https:\/\/uj.adatbank.ro\/lexikon\/wp-json\/wp\/v2\/product"}],"about":[{"href":"https:\/\/uj.adatbank.ro\/lexikon\/wp-json\/wp\/v2\/types\/product"}],"replies":[{"embeddable":true,"href":"https:\/\/uj.adatbank.ro\/lexikon\/wp-json\/wp\/v2\/comments?post=15824"}],"wp:attachment":[{"href":"https:\/\/uj.adatbank.ro\/lexikon\/wp-json\/wp\/v2\/media?parent=15824"}],"wp:term":[{"taxonomy":"product_brand","embeddable":true,"href":"https:\/\/uj.adatbank.ro\/lexikon\/wp-json\/wp\/v2\/product_brand?post=15824"},{"taxonomy":"product_cat","embeddable":true,"href":"https:\/\/uj.adatbank.ro\/lexikon\/wp-json\/wp\/v2\/product_cat?post=15824"},{"taxonomy":"product_tag","embeddable":true,"href":"https:\/\/uj.adatbank.ro\/lexikon\/wp-json\/wp\/v2\/product_tag?post=15824"}],"curies":[{"name":"wp","href":"https:\/\/api.w.org\/{rel}","templated":true}]}}