{"id":15825,"date":"2025-07-15T13:48:23","date_gmt":"2025-07-15T11:48:23","guid":{"rendered":"https:\/\/uj.adatbank.ro\/lexikon\/termek\/mozes-magda-%c2%a7-f-mozes-magda\/"},"modified":"2025-07-15T13:48:23","modified_gmt":"2025-07-15T11:48:23","slug":"mozes-magda-%c2%a7-f-mozes-magda","status":"publish","type":"product","link":"https:\/\/uj.adatbank.ro\/lexikon\/termek\/mozes-magda-%c2%a7-f-mozes-magda\/","title":{"rendered":"M\u00d3ZES Magda, \u00a7 F. M\u00f3zes Magda"},"content":{"rendered":"<p>Konop (Arad), 1923. jan. 31., \u2020 Kv., 1991. dec. 16., a mv.-i ref. temet\u0151ben nyugszik : orvos, egyetemi el\u0151ad\u00f3tan\u00e1ra. \u2013 Kv.-on \u00e9retts\u00e9gizett (1942), orvosi diplom\u00e1t a BTE-en szerzett (1948). A mv.-i OGYI alkalmazotta a Kor\u00e9lettani Tansz\u00e9k vezet\u0151je (1958\u2013), az orvos tudom\u00e1nyok kandid\u00e1tusa (1963\u2013), laborat\u00f3riumi f\u0151orvos (1964\u2013), a k\u00f3r\u00e9lettan el\u0151ad\u00f3tan\u00e1ra (1970\u201383). A Revista Medical\u0103-Orvosi Szemle szerkeszt\u0151s\u00e9gi titk\u00e1ra \u00e9veken \u00e1t. Kutat\u00e1si ter\u00fclete: reflexologia, bels\u0151 elv\u00e1laszt\u00e1s\u00fa mirigyek m\u0171k\u00f6d\u00e9se, a szervezet \u00e1sv\u00e1nyi anyagcser\u00e9je. Tudom\u00e1nyos dolgozatait az: EME Orvosi \u00c9rtes\u00edt\u0151je, Orvosi Szemle, Buletinul \u015etiin\u0163elor Medicale, Studii \u015fi Cercet\u0103ri \u015etiin\u0163ifice, Acta Physiologica Hungarica, Az Aids, Kibernetika, ismeretterjeszt\u0151 cikkeit az Utunk, A H\u00e9t, Brass\u00f3i Lapok, Tett k\u00f6z\u00f6lte. Az \u00fajraalakult KZST alap\u00edt\u00f3 tagja (1990\u2013). \u2013 <strong>F. m.:<\/strong> K\u00f3r\u00e9lettani gyakorlati jegyzet (Mv., 1955, 1956, 1959); K\u00f3r\u00e9lettani jegyzet. 1\u20132 k. (Mv, 1979\u20131980); <strong>t\u00e1rssz.:<\/strong> Az \u00e1ltal\u00e1nos k\u00f3rtan v\u00e1zlata (Mv., 1947); K\u00f3rtan \/ Ob\u00e1l Ferenc el\u0151ad\u00e1sai alapj\u00e1n \u00f6ssze\u00e1ll. D\u00e9zsi Zolt\u00e1n, Vass Jol\u00e1n (Mv., 1947). <br \/><strong>Irod.:<\/strong> Genersich; K\u00f3r\u00e9lettani jegyzet. 1\u20133 k. (Mv, 1953, 1955); \u00c9lettani jegyzet. 3. r\u00e9sz (Mv., 1954\u20131955); Klinikai laborat\u00f3riumi vizsg\u00e1latok. (Mv., 1959); Patologia sistemului cav inferior ( Buc., 1973),<strong>ford.:<\/strong> Markoszjan A, A, : \u00c9lettan (Buk., 1954). <br \/><strong>Irod.:<\/strong> Dezs\u0151 Istv\u00e1n; Genersich; Kiss\u2013P\u00e9terffy\u2013P\u00e9terffy; Nagy L.; [Nekrol\u00f3g] (N\u00fa., 1991. dec. 17.); P\u00e9ter; RMIL.; Sz\u00f6ll\u0151si 2009; TETT (1983\/3; 1986\/1); T\u00f3th\u2013G\u00e1bor; Viharban<\/br><\/p>\n","protected":false},"excerpt":{"rendered":"<p>Konop (Arad), 1923. jan. 31., \u2020 Kv., 1991. dec. 16., a mv.-i ref. temet\u0151ben nyugszik : orvos, egyetemi el\u0151ad\u00f3tan\u00e1ra. \u2013 Kv.-on \u00e9retts\u00e9gizett (1942), orvosi diplom\u00e1t a BTE-en szerzett (1948). A mv.-i OGYI alkalmazotta a Kor\u00e9lettani Tansz\u00e9k vezet\u0151je (1958\u2013), az orvos tudom\u00e1nyok kandid\u00e1tusa (1963\u2013), laborat\u00f3riumi f\u0151orvos (1964\u2013), a k\u00f3r\u00e9lettan el\u0151ad\u00f3tan\u00e1ra (1970\u201383). A Revista Medical\u0103-Orvosi Szemle szerkeszt\u0151s\u00e9gi [&hellip;]<\/p>\n","protected":false},"featured_media":0,"comment_status":"open","ping_status":"closed","template":"","meta":[],"product_brand":[],"product_cat":[137],"product_tag":[],"class_list":{"0":"post-15825","1":"product","2":"type-product","3":"status-publish","5":"product_cat-maros-megyei-eletrajzi-lexikon","7":"first","8":"instock","9":"shipping-taxable","10":"product-type-simple"},"_links":{"self":[{"href":"https:\/\/uj.adatbank.ro\/lexikon\/wp-json\/wp\/v2\/product\/15825","targetHints":{"allow":["GET"]}}],"collection":[{"href":"https:\/\/uj.adatbank.ro\/lexikon\/wp-json\/wp\/v2\/product"}],"about":[{"href":"https:\/\/uj.adatbank.ro\/lexikon\/wp-json\/wp\/v2\/types\/product"}],"replies":[{"embeddable":true,"href":"https:\/\/uj.adatbank.ro\/lexikon\/wp-json\/wp\/v2\/comments?post=15825"}],"wp:attachment":[{"href":"https:\/\/uj.adatbank.ro\/lexikon\/wp-json\/wp\/v2\/media?parent=15825"}],"wp:term":[{"taxonomy":"product_brand","embeddable":true,"href":"https:\/\/uj.adatbank.ro\/lexikon\/wp-json\/wp\/v2\/product_brand?post=15825"},{"taxonomy":"product_cat","embeddable":true,"href":"https:\/\/uj.adatbank.ro\/lexikon\/wp-json\/wp\/v2\/product_cat?post=15825"},{"taxonomy":"product_tag","embeddable":true,"href":"https:\/\/uj.adatbank.ro\/lexikon\/wp-json\/wp\/v2\/product_tag?post=15825"}],"curies":[{"name":"wp","href":"https:\/\/api.w.org\/{rel}","templated":true}]}}