{"id":15829,"date":"2025-07-15T13:48:30","date_gmt":"2025-07-15T11:48:30","guid":{"rendered":"https:\/\/uj.adatbank.ro\/lexikon\/termek\/mozsner-arpad\/"},"modified":"2025-07-15T13:48:30","modified_gmt":"2025-07-15T11:48:30","slug":"mozsner-arpad","status":"publish","type":"product","link":"https:\/\/uj.adatbank.ro\/lexikon\/termek\/mozsner-arpad\/","title":{"rendered":"MOZSNER \u00c1rp\u00e1d"},"content":{"rendered":"<p>Cs\u00edkgyimes, 1904 \u2020\u00a0?: k\u00e9m\u00e9nysepr\u0151. \u2013 Iskol\u00e1i elv\u00e9gz\u00e9se ut\u00e1n a k\u00e9m\u00e9nysepr\u00e9st tanulta, \u00e9s mint seg\u00e9d fejlesztette tud\u00e1s\u00e1t. El\u0151bb Brass\u00f3ban lett \u00f6n\u00e1ll\u00f3, majd Mv.-en tev\u00e9kenykedett. A MP tagja, minden hazafias \u00e9s kultur\u00e1lis \u00fcgy t\u00e1mogat\u00f3ja volt. <br \/><strong>Irod.:<\/strong> Sz\u00e9kelyf\u00f6ld \u00ed.k<\/br><\/p>\n","protected":false},"excerpt":{"rendered":"<p>Cs\u00edkgyimes, 1904 \u2020\u00a0?: k\u00e9m\u00e9nysepr\u0151. \u2013 Iskol\u00e1i elv\u00e9gz\u00e9se ut\u00e1n a k\u00e9m\u00e9nysepr\u00e9st tanulta, \u00e9s mint seg\u00e9d fejlesztette tud\u00e1s\u00e1t. El\u0151bb Brass\u00f3ban lett \u00f6n\u00e1ll\u00f3, majd Mv.-en tev\u00e9kenykedett. A MP tagja, minden hazafias \u00e9s kultur\u00e1lis \u00fcgy t\u00e1mogat\u00f3ja volt. Irod.: Sz\u00e9kelyf\u00f6ld \u00ed.k<\/p>\n","protected":false},"featured_media":0,"comment_status":"open","ping_status":"closed","template":"","meta":[],"product_brand":[],"product_cat":[137],"product_tag":[],"class_list":{"0":"post-15829","1":"product","2":"type-product","3":"status-publish","5":"product_cat-maros-megyei-eletrajzi-lexikon","7":"first","8":"instock","9":"shipping-taxable","10":"product-type-simple"},"_links":{"self":[{"href":"https:\/\/uj.adatbank.ro\/lexikon\/wp-json\/wp\/v2\/product\/15829","targetHints":{"allow":["GET"]}}],"collection":[{"href":"https:\/\/uj.adatbank.ro\/lexikon\/wp-json\/wp\/v2\/product"}],"about":[{"href":"https:\/\/uj.adatbank.ro\/lexikon\/wp-json\/wp\/v2\/types\/product"}],"replies":[{"embeddable":true,"href":"https:\/\/uj.adatbank.ro\/lexikon\/wp-json\/wp\/v2\/comments?post=15829"}],"wp:attachment":[{"href":"https:\/\/uj.adatbank.ro\/lexikon\/wp-json\/wp\/v2\/media?parent=15829"}],"wp:term":[{"taxonomy":"product_brand","embeddable":true,"href":"https:\/\/uj.adatbank.ro\/lexikon\/wp-json\/wp\/v2\/product_brand?post=15829"},{"taxonomy":"product_cat","embeddable":true,"href":"https:\/\/uj.adatbank.ro\/lexikon\/wp-json\/wp\/v2\/product_cat?post=15829"},{"taxonomy":"product_tag","embeddable":true,"href":"https:\/\/uj.adatbank.ro\/lexikon\/wp-json\/wp\/v2\/product_tag?post=15829"}],"curies":[{"name":"wp","href":"https:\/\/api.w.org\/{rel}","templated":true}]}}