{"id":1583,"date":"2025-06-28T11:46:40","date_gmt":"2025-06-28T09:46:40","guid":{"rendered":"https:\/\/uj.adatbank.ro\/lexikon\/termek\/adam-imre\/"},"modified":"2025-06-28T11:46:40","modified_gmt":"2025-06-28T09:46:40","slug":"adam-imre","status":"publish","type":"product","link":"https:\/\/uj.adatbank.ro\/lexikon\/termek\/adam-imre\/","title":{"rendered":"\u00c1D\u00c1M Imre"},"content":{"rendered":"<p>1916., \u2020\u00a01968: orvos, b\u0151rgy\u00f3gy\u00e1sz. <br \/><strong>Irod.:<\/strong> Barab\u00e1s O.<\/br><\/p>\n","protected":false},"excerpt":{"rendered":"<p>1916., \u2020\u00a01968: orvos, b\u0151rgy\u00f3gy\u00e1sz. Irod.: Barab\u00e1s O.<\/p>\n","protected":false},"featured_media":0,"comment_status":"open","ping_status":"closed","template":"","meta":[],"product_brand":[],"product_cat":[137],"product_tag":[],"class_list":{"0":"post-1583","1":"product","2":"type-product","3":"status-publish","5":"product_cat-maros-megyei-eletrajzi-lexikon","7":"first","8":"instock","9":"shipping-taxable","10":"product-type-simple"},"_links":{"self":[{"href":"https:\/\/uj.adatbank.ro\/lexikon\/wp-json\/wp\/v2\/product\/1583","targetHints":{"allow":["GET"]}}],"collection":[{"href":"https:\/\/uj.adatbank.ro\/lexikon\/wp-json\/wp\/v2\/product"}],"about":[{"href":"https:\/\/uj.adatbank.ro\/lexikon\/wp-json\/wp\/v2\/types\/product"}],"replies":[{"embeddable":true,"href":"https:\/\/uj.adatbank.ro\/lexikon\/wp-json\/wp\/v2\/comments?post=1583"}],"wp:attachment":[{"href":"https:\/\/uj.adatbank.ro\/lexikon\/wp-json\/wp\/v2\/media?parent=1583"}],"wp:term":[{"taxonomy":"product_brand","embeddable":true,"href":"https:\/\/uj.adatbank.ro\/lexikon\/wp-json\/wp\/v2\/product_brand?post=1583"},{"taxonomy":"product_cat","embeddable":true,"href":"https:\/\/uj.adatbank.ro\/lexikon\/wp-json\/wp\/v2\/product_cat?post=1583"},{"taxonomy":"product_tag","embeddable":true,"href":"https:\/\/uj.adatbank.ro\/lexikon\/wp-json\/wp\/v2\/product_tag?post=1583"}],"curies":[{"name":"wp","href":"https:\/\/api.w.org\/{rel}","templated":true}]}}