{"id":15830,"date":"2025-07-15T13:48:32","date_gmt":"2025-07-15T11:48:32","guid":{"rendered":"https:\/\/uj.adatbank.ro\/lexikon\/termek\/mriklad-antal-r-p-antonius\/"},"modified":"2025-07-15T13:48:32","modified_gmt":"2025-07-15T11:48:32","slug":"mriklad-antal-r-p-antonius","status":"publish","type":"product","link":"https:\/\/uj.adatbank.ro\/lexikon\/termek\/mriklad-antal-r-p-antonius\/","title":{"rendered":"MRIKL\u00c1D Antal, R. P., Antonius"},"content":{"rendered":"<p>? \u2020\u00a0Mv., 1824. A mv.-i ferences bar\u00e1tok egykori temploma alatt l\u00e9v\u0151 kript\u00e1ban nyugszik : szerzetes, fiatalon hunyt el. <br \/><strong>Irod.:<\/strong> Pantheon<\/br><\/p>\n","protected":false},"excerpt":{"rendered":"<p>? \u2020\u00a0Mv., 1824. A mv.-i ferences bar\u00e1tok egykori temploma alatt l\u00e9v\u0151 kript\u00e1ban nyugszik : szerzetes, fiatalon hunyt el. Irod.: Pantheon<\/p>\n","protected":false},"featured_media":0,"comment_status":"open","ping_status":"closed","template":"","meta":[],"product_brand":[],"product_cat":[137],"product_tag":[],"class_list":{"0":"post-15830","1":"product","2":"type-product","3":"status-publish","5":"product_cat-maros-megyei-eletrajzi-lexikon","7":"first","8":"instock","9":"shipping-taxable","10":"product-type-simple"},"_links":{"self":[{"href":"https:\/\/uj.adatbank.ro\/lexikon\/wp-json\/wp\/v2\/product\/15830","targetHints":{"allow":["GET"]}}],"collection":[{"href":"https:\/\/uj.adatbank.ro\/lexikon\/wp-json\/wp\/v2\/product"}],"about":[{"href":"https:\/\/uj.adatbank.ro\/lexikon\/wp-json\/wp\/v2\/types\/product"}],"replies":[{"embeddable":true,"href":"https:\/\/uj.adatbank.ro\/lexikon\/wp-json\/wp\/v2\/comments?post=15830"}],"wp:attachment":[{"href":"https:\/\/uj.adatbank.ro\/lexikon\/wp-json\/wp\/v2\/media?parent=15830"}],"wp:term":[{"taxonomy":"product_brand","embeddable":true,"href":"https:\/\/uj.adatbank.ro\/lexikon\/wp-json\/wp\/v2\/product_brand?post=15830"},{"taxonomy":"product_cat","embeddable":true,"href":"https:\/\/uj.adatbank.ro\/lexikon\/wp-json\/wp\/v2\/product_cat?post=15830"},{"taxonomy":"product_tag","embeddable":true,"href":"https:\/\/uj.adatbank.ro\/lexikon\/wp-json\/wp\/v2\/product_tag?post=15830"}],"curies":[{"name":"wp","href":"https:\/\/api.w.org\/{rel}","templated":true}]}}