{"id":15835,"date":"2025-07-15T13:48:38","date_gmt":"2025-07-15T11:48:38","guid":{"rendered":"https:\/\/uj.adatbank.ro\/lexikon\/termek\/muhits-sandor\/"},"modified":"2025-07-15T13:48:38","modified_gmt":"2025-07-15T11:48:38","slug":"muhits-sandor","status":"publish","type":"product","link":"https:\/\/uj.adatbank.ro\/lexikon\/termek\/muhits-sandor\/","title":{"rendered":"MUHITS S\u00e1ndor"},"content":{"rendered":"<p>Bakonypeterd, 1882., \u2020 Bp., 1956: fest\u0151, iparm\u0171v\u00e9sz, tan\u00e1r, a miskolci m\u0171v\u00e9sztelep vezet\u0151je. \u2013 Az Iparm\u0171v\u00e9szeti Iskola tan\u00e1ra. A mv.-i Kult\u00farpalota \u00fcvegfestm\u00e9nyeihez terveket k\u00e9sz\u00edtett. A t\u00fck\u00f6rterem ablakaira keze nyom\u00e1n ker\u00fcltek az alakok. <br \/><strong>Irod.:<\/strong> Keresztes; Keresztes Gyula: Szecesszi\u00f3 Mv.-en: 5.: K\u00f6zm\u0171vel\u0151d\u00e9si h\u00e1z 1\u20135. (N\u00fa., 1991. nov. 23.; 1991. dec. 7.; 1991. dec. 14.; 1992. jan. 4.; 1992. jan. 11.); Mv.-i Kult\u00farpalota 2013<\/br><\/p>\n","protected":false},"excerpt":{"rendered":"<p>Bakonypeterd, 1882., \u2020 Bp., 1956: fest\u0151, iparm\u0171v\u00e9sz, tan\u00e1r, a miskolci m\u0171v\u00e9sztelep vezet\u0151je. \u2013 Az Iparm\u0171v\u00e9szeti Iskola tan\u00e1ra. A mv.-i Kult\u00farpalota \u00fcvegfestm\u00e9nyeihez terveket k\u00e9sz\u00edtett. A t\u00fck\u00f6rterem ablakaira keze nyom\u00e1n ker\u00fcltek az alakok. Irod.: Keresztes; Keresztes Gyula: Szecesszi\u00f3 Mv.-en: 5.: K\u00f6zm\u0171vel\u0151d\u00e9si h\u00e1z 1\u20135. (N\u00fa., 1991. nov. 23.; 1991. dec. 7.; 1991. dec. 14.; 1992. jan. 4.; 1992. [&hellip;]<\/p>\n","protected":false},"featured_media":0,"comment_status":"open","ping_status":"closed","template":"","meta":[],"product_brand":[],"product_cat":[137],"product_tag":[],"class_list":{"0":"post-15835","1":"product","2":"type-product","3":"status-publish","5":"product_cat-maros-megyei-eletrajzi-lexikon","7":"first","8":"instock","9":"shipping-taxable","10":"product-type-simple"},"_links":{"self":[{"href":"https:\/\/uj.adatbank.ro\/lexikon\/wp-json\/wp\/v2\/product\/15835","targetHints":{"allow":["GET"]}}],"collection":[{"href":"https:\/\/uj.adatbank.ro\/lexikon\/wp-json\/wp\/v2\/product"}],"about":[{"href":"https:\/\/uj.adatbank.ro\/lexikon\/wp-json\/wp\/v2\/types\/product"}],"replies":[{"embeddable":true,"href":"https:\/\/uj.adatbank.ro\/lexikon\/wp-json\/wp\/v2\/comments?post=15835"}],"wp:attachment":[{"href":"https:\/\/uj.adatbank.ro\/lexikon\/wp-json\/wp\/v2\/media?parent=15835"}],"wp:term":[{"taxonomy":"product_brand","embeddable":true,"href":"https:\/\/uj.adatbank.ro\/lexikon\/wp-json\/wp\/v2\/product_brand?post=15835"},{"taxonomy":"product_cat","embeddable":true,"href":"https:\/\/uj.adatbank.ro\/lexikon\/wp-json\/wp\/v2\/product_cat?post=15835"},{"taxonomy":"product_tag","embeddable":true,"href":"https:\/\/uj.adatbank.ro\/lexikon\/wp-json\/wp\/v2\/product_tag?post=15835"}],"curies":[{"name":"wp","href":"https:\/\/api.w.org\/{rel}","templated":true}]}}