{"id":15837,"date":"2025-07-15T13:48:41","date_gmt":"2025-07-15T11:48:41","guid":{"rendered":"https:\/\/uj.adatbank.ro\/lexikon\/termek\/muhsam-frigyes\/"},"modified":"2025-07-15T13:48:41","modified_gmt":"2025-07-15T11:48:41","slug":"muhsam-frigyes","status":"publish","type":"product","link":"https:\/\/uj.adatbank.ro\/lexikon\/termek\/muhsam-frigyes\/","title":{"rendered":"M\u00dcHSAM Frigyes"},"content":{"rendered":"<p>Segesv\u00e1r, 1896., \u2020\u00a0?: keresked\u0151. \u2013 Iskol\u00e1it Segesv\u00e1ron v\u00e9gezte, majd keresked\u00e9st tanult, \u00f6n\u00e1ll\u00f3 lett Mv.-en (1928\u2013). Az esl\u0151 vh.-ban a 31. gy. ezredben szolg\u00e1lt, mint tizedes szerelt le, a II. o ez\u00fcst, bronz vit. \u00e9rem \u00e9s a K\u00e1roly Csapatkereszt kit\u00fcntet\u00e9ssel. <br \/><strong>Irod.:<\/strong> Sz\u00e9kelyf\u00f6ld \u00ed.k.<\/br><\/p>\n","protected":false},"excerpt":{"rendered":"<p>Segesv\u00e1r, 1896., \u2020\u00a0?: keresked\u0151. \u2013 Iskol\u00e1it Segesv\u00e1ron v\u00e9gezte, majd keresked\u00e9st tanult, \u00f6n\u00e1ll\u00f3 lett Mv.-en (1928\u2013). Az esl\u0151 vh.-ban a 31. gy. ezredben szolg\u00e1lt, mint tizedes szerelt le, a II. o ez\u00fcst, bronz vit. \u00e9rem \u00e9s a K\u00e1roly Csapatkereszt kit\u00fcntet\u00e9ssel. Irod.: Sz\u00e9kelyf\u00f6ld \u00ed.k.<\/p>\n","protected":false},"featured_media":0,"comment_status":"open","ping_status":"closed","template":"","meta":[],"product_brand":[],"product_cat":[137],"product_tag":[],"class_list":{"0":"post-15837","1":"product","2":"type-product","3":"status-publish","5":"product_cat-maros-megyei-eletrajzi-lexikon","7":"first","8":"instock","9":"shipping-taxable","10":"product-type-simple"},"_links":{"self":[{"href":"https:\/\/uj.adatbank.ro\/lexikon\/wp-json\/wp\/v2\/product\/15837","targetHints":{"allow":["GET"]}}],"collection":[{"href":"https:\/\/uj.adatbank.ro\/lexikon\/wp-json\/wp\/v2\/product"}],"about":[{"href":"https:\/\/uj.adatbank.ro\/lexikon\/wp-json\/wp\/v2\/types\/product"}],"replies":[{"embeddable":true,"href":"https:\/\/uj.adatbank.ro\/lexikon\/wp-json\/wp\/v2\/comments?post=15837"}],"wp:attachment":[{"href":"https:\/\/uj.adatbank.ro\/lexikon\/wp-json\/wp\/v2\/media?parent=15837"}],"wp:term":[{"taxonomy":"product_brand","embeddable":true,"href":"https:\/\/uj.adatbank.ro\/lexikon\/wp-json\/wp\/v2\/product_brand?post=15837"},{"taxonomy":"product_cat","embeddable":true,"href":"https:\/\/uj.adatbank.ro\/lexikon\/wp-json\/wp\/v2\/product_cat?post=15837"},{"taxonomy":"product_tag","embeddable":true,"href":"https:\/\/uj.adatbank.ro\/lexikon\/wp-json\/wp\/v2\/product_tag?post=15837"}],"curies":[{"name":"wp","href":"https:\/\/api.w.org\/{rel}","templated":true}]}}