{"id":1584,"date":"2025-06-28T11:46:41","date_gmt":"2025-06-28T09:46:41","guid":{"rendered":"https:\/\/uj.adatbank.ro\/lexikon\/termek\/adi-laszlo\/"},"modified":"2025-06-28T11:46:41","modified_gmt":"2025-06-28T09:46:41","slug":"adi-laszlo","status":"publish","type":"product","link":"https:\/\/uj.adatbank.ro\/lexikon\/termek\/adi-laszlo\/","title":{"rendered":"ADI L\u00e1szl\u00f3"},"content":{"rendered":"<p>? \u2020 ?: tan\u00edt\u00f3. \u2013 Backamadarason tan\u00edtott (1859\u20131898). Egyed\u00fcl tan\u00edtott 100-n\u00e1l t\u00f6bb ref.vall\u00e1s\u00fa gyermeket, ez\u00e9rt a presbit\u00e9rium hat\u00e1rozata alapj\u00e1n seg\u00e9dtan\u00edt\u00f3t fogadtak (1869\u2013). Az \u0151 idej\u00e9ben \u00faj\u00edtott\u00e1k fel az iskola b\u00fatorzat\u00e1t. A meglev\u0151 iskola m\u00e1r kicsinek bizonyult, erd\u0151k elad\u00e1si \u00e1r\u00e1b\u00f3l \u00faj iskola \u00e9p\u00fcletet, papi lak\u00e1st \u00e9s k\u00e1ntortan\u00edt\u00f3i lak\u00e1st emeltek (1890\u20131900). Iskolai alapot l\u00e9tes\u00edtettek a szeg\u00e9ny gyermekek t\u00e1mogat\u00e1s\u00e1ra (1897). L\u00e9trehozta a Backa-Madarasi Ev. Ref. Dalk\u00f6rt (1893), amely azt\u00e1n a k\u00e9s\u0151bbiekben is mag\u00e1rav\u00e1llalta a falu \u00f6sszes kult\u00farrendezv\u00e9ny\u00e9t: dal\u00e1rda, kosaras b\u00e1lok, sz\u00ednm\u0171vek bemutat\u00e1sa, iskolai m\u0171sorok szervez\u00e9se, stb. <br \/><strong>Irod.:<\/strong> Backamadaras<\/br><\/p>\n","protected":false},"excerpt":{"rendered":"<p>? \u2020 ?: tan\u00edt\u00f3. \u2013 Backamadarason tan\u00edtott (1859\u20131898). Egyed\u00fcl tan\u00edtott 100-n\u00e1l t\u00f6bb ref.vall\u00e1s\u00fa gyermeket, ez\u00e9rt a presbit\u00e9rium hat\u00e1rozata alapj\u00e1n seg\u00e9dtan\u00edt\u00f3t fogadtak (1869\u2013). Az \u0151 idej\u00e9ben \u00faj\u00edtott\u00e1k fel az iskola b\u00fatorzat\u00e1t. A meglev\u0151 iskola m\u00e1r kicsinek bizonyult, erd\u0151k elad\u00e1si \u00e1r\u00e1b\u00f3l \u00faj iskola \u00e9p\u00fcletet, papi lak\u00e1st \u00e9s k\u00e1ntortan\u00edt\u00f3i lak\u00e1st emeltek (1890\u20131900). Iskolai alapot l\u00e9tes\u00edtettek a szeg\u00e9ny gyermekek [&hellip;]<\/p>\n","protected":false},"featured_media":0,"comment_status":"open","ping_status":"closed","template":"","meta":[],"product_brand":[],"product_cat":[137],"product_tag":[],"class_list":{"0":"post-1584","1":"product","2":"type-product","3":"status-publish","5":"product_cat-maros-megyei-eletrajzi-lexikon","7":"first","8":"instock","9":"shipping-taxable","10":"product-type-simple"},"_links":{"self":[{"href":"https:\/\/uj.adatbank.ro\/lexikon\/wp-json\/wp\/v2\/product\/1584","targetHints":{"allow":["GET"]}}],"collection":[{"href":"https:\/\/uj.adatbank.ro\/lexikon\/wp-json\/wp\/v2\/product"}],"about":[{"href":"https:\/\/uj.adatbank.ro\/lexikon\/wp-json\/wp\/v2\/types\/product"}],"replies":[{"embeddable":true,"href":"https:\/\/uj.adatbank.ro\/lexikon\/wp-json\/wp\/v2\/comments?post=1584"}],"wp:attachment":[{"href":"https:\/\/uj.adatbank.ro\/lexikon\/wp-json\/wp\/v2\/media?parent=1584"}],"wp:term":[{"taxonomy":"product_brand","embeddable":true,"href":"https:\/\/uj.adatbank.ro\/lexikon\/wp-json\/wp\/v2\/product_brand?post=1584"},{"taxonomy":"product_cat","embeddable":true,"href":"https:\/\/uj.adatbank.ro\/lexikon\/wp-json\/wp\/v2\/product_cat?post=1584"},{"taxonomy":"product_tag","embeddable":true,"href":"https:\/\/uj.adatbank.ro\/lexikon\/wp-json\/wp\/v2\/product_tag?post=1584"}],"curies":[{"name":"wp","href":"https:\/\/api.w.org\/{rel}","templated":true}]}}