{"id":15841,"date":"2025-07-15T13:48:47","date_gmt":"2025-07-15T11:48:47","guid":{"rendered":"https:\/\/uj.adatbank.ro\/lexikon\/termek\/mulfay-laszlo\/"},"modified":"2025-07-15T13:48:47","modified_gmt":"2025-07-15T11:48:47","slug":"mulfay-laszlo","status":"publish","type":"product","link":"https:\/\/uj.adatbank.ro\/lexikon\/termek\/mulfay-laszlo\/","title":{"rendered":"M\u00dcLFAY L\u00e1szl\u00f3"},"content":{"rendered":"<p>Mv., 1923. \u00e1pr. 20., \u2020 Mv., 2007.: orvos, egyetemi tan\u00e1r. \u2013 Feles\u00e9ge: Uzoni Kov\u00e1cs \u00c9va (\u2020 Mv., 2004. j\u00fal. 13.). \u2013 A k\u00f6z\u00e9piskol\u00e1t Buk.-ben, Nagyenyeden t\u00f6lt\u00f6tt tanulm\u00e1ny\u00e9vek ut\u00e1n sz\u00fcl\u0151v\u00e1rosa R.K. Gimn.-ban v\u00e9gezte (1942), az egyetemet pedig Kv., Bp. \u00e9s a Halle-i M\u00fcncheni egyetemek l\u00e1togat\u00e1sa ut\u00e1n a MOGYI \u2013n ahol orvosi oklevelet nyert (1948). Oktat\u00f3i p\u00e1ly\u00e1j\u00e1t Kv.-on kezdte, tan\u00e1rseg\u00e9d a MOGYI-n (1951\u2013), az F\u00fcl- Orr- G\u00e9ge Klinik\u00e1j\u00e1n, mint f\u00fcl-orr-g\u00e9g\u00e9sz orvos (1948\u2013), az orvostudom\u00e1nyok doktora (1966), egyetemi adjunktus docens (1970), el\u0151ad\u00f3tan\u00e1r \u00e9s klinikavezet\u0151 (1972\u2013). majd egyetemi tan\u00e1r (1971\u201382\u2013), egyetemi el\u0151ad\u00f3tan\u00e1r (1982\u2013)., k\u00e9nyszernyugd\u00edjazt\u00e1k (1991\u2013).Konzult\u00e1ns professzor (1991).. A MTA tagja (2001\u2013) T\u00f6bb mint 300 dolgozat\u00e1t szaklapok k\u00f6z\u00f6lt\u00e9k: Buletinul ORL, Anuarul IMF TgM, Orvosi Szemle-Revista Medical\u0103, Oto-rino-laringologie, Orvosi Hetilap, Orvostudom\u00e1nyi \u00c9rtes\u00edt\u0151, Via\u0163a medical\u0103, Chirurgia, HNO Berlin-New-York, Radiologie, Oftalmologie, Jurnalul medicinei rom\u00e2ne\u015fti, Almanahul medical, Wiener Klinische Wochenschrift, Monatschrift f\u00fcr Ohrenheilkunde, ORL Digest. \u00c9vekig a heidelbergi f\u00f6l-orr-g\u00e9g\u00e9szeti szaklap referense, valamint a HNO Zentralblatt Berlin szerkeszt\u0151bizotts\u00e1g\u00e1nak tagja. 3 orsz\u00e1gos konferenci\u00e1t rendezett Mv., Szov\u00e1ta \u00e9s Sepsiszentgy\u00f6rgy\u00f6n. A Rom\u00e1niai F\u00fcl-Orr-G\u00e9ge T\u00e1rsas\u00e1g vezet\u0151s\u00e9gi tagja. \u2013 <strong>F. m.:<\/strong> Hall\u00e1s\u00e9less\u00e9g vizsg\u00e1latok (Buk., 1984); Profilaxia \u015fi tratamentul ORL (Buc., 1993); Az egyh\u00e1zi iskol\u00e1k erk\u00f6lcsi, tudom\u00e1nyos sz\u00ednvonala = Mv.-i R.K.okt.; <strong>t\u00e1rssz.:<\/strong> Otorinolaringologie (Tg.M., 1974.); Curs de otorinolaringologie (Ia\u015fi, 1975, 1980); Criterii de expertiz\u0103 medical\u0103 \u015fi recuperarea capacit\u0103\u0163ii de munc\u0103 \u00een unele afec\u0163iuni ORL. (Buc., 1976); Conferin\u0163a na\u0163ional\u0103 ORL (1977, Sovata) (Sovata, 1977); F\u00fcl-, orr-, g\u00e9gegy\u00f3gy\u00e1szat egyetemi hallgat\u00f3k sz\u00e1m\u00e1ra (Dra\u015foveanu, C.-nal; Mv., 1978, 1979, 1990); F\u00fcl-, orr-, g\u00e9gegy\u00f3gy\u00e1szat (Mv., 1979); Otorinolaringologie (Dra\u015foveanu, C.-nal; Tg.M., 1980, 1988); Metode de neurofiziologie clinic\u0103. (Buc., 1984); Neur\u00f3logiai m\u0171szeres vizsg\u00e1latok (Buk., 1984), Congresul european EUFOS (1; 1988; Paris). (Paris, 1988); Etiopatogenia, profilaxia \u015fi tratamentul otitelor medii (Buc., 1999). <br \/><strong>Irod.:<\/strong> Genersich; Kiss-P.- P ; KKACs; KMKOF; Magy kutat\u00f3k;. Mv.-i R.K.okt.; Nagy Mikl\u00f3s Kund: A t\u00e1voz\u00e1sra felsz\u00f3l\u00edtottak n\u00e9vsora (N\u00fa., 1991. j\u00fan. 18.); P\u00e9ter; RMIL; RMKK; Sz\u00f6ll\u0151si 2009; Todea\u2013F\u00fcl\u00f6p\u2013Avram<\/br><\/p>\n","protected":false},"excerpt":{"rendered":"<p>Mv., 1923. \u00e1pr. 20., \u2020 Mv., 2007.: orvos, egyetemi tan\u00e1r. \u2013 Feles\u00e9ge: Uzoni Kov\u00e1cs \u00c9va (\u2020 Mv., 2004. j\u00fal. 13.). \u2013 A k\u00f6z\u00e9piskol\u00e1t Buk.-ben, Nagyenyeden t\u00f6lt\u00f6tt tanulm\u00e1ny\u00e9vek ut\u00e1n sz\u00fcl\u0151v\u00e1rosa R.K. Gimn.-ban v\u00e9gezte (1942), az egyetemet pedig Kv., Bp. \u00e9s a Halle-i M\u00fcncheni egyetemek l\u00e1togat\u00e1sa ut\u00e1n a MOGYI \u2013n ahol orvosi oklevelet nyert (1948). Oktat\u00f3i p\u00e1ly\u00e1j\u00e1t [&hellip;]<\/p>\n","protected":false},"featured_media":0,"comment_status":"open","ping_status":"closed","template":"","meta":[],"product_brand":[],"product_cat":[137],"product_tag":[],"class_list":{"0":"post-15841","1":"product","2":"type-product","3":"status-publish","5":"product_cat-maros-megyei-eletrajzi-lexikon","7":"first","8":"instock","9":"shipping-taxable","10":"product-type-simple"},"_links":{"self":[{"href":"https:\/\/uj.adatbank.ro\/lexikon\/wp-json\/wp\/v2\/product\/15841","targetHints":{"allow":["GET"]}}],"collection":[{"href":"https:\/\/uj.adatbank.ro\/lexikon\/wp-json\/wp\/v2\/product"}],"about":[{"href":"https:\/\/uj.adatbank.ro\/lexikon\/wp-json\/wp\/v2\/types\/product"}],"replies":[{"embeddable":true,"href":"https:\/\/uj.adatbank.ro\/lexikon\/wp-json\/wp\/v2\/comments?post=15841"}],"wp:attachment":[{"href":"https:\/\/uj.adatbank.ro\/lexikon\/wp-json\/wp\/v2\/media?parent=15841"}],"wp:term":[{"taxonomy":"product_brand","embeddable":true,"href":"https:\/\/uj.adatbank.ro\/lexikon\/wp-json\/wp\/v2\/product_brand?post=15841"},{"taxonomy":"product_cat","embeddable":true,"href":"https:\/\/uj.adatbank.ro\/lexikon\/wp-json\/wp\/v2\/product_cat?post=15841"},{"taxonomy":"product_tag","embeddable":true,"href":"https:\/\/uj.adatbank.ro\/lexikon\/wp-json\/wp\/v2\/product_tag?post=15841"}],"curies":[{"name":"wp","href":"https:\/\/api.w.org\/{rel}","templated":true}]}}