{"id":15844,"date":"2025-07-15T13:48:55","date_gmt":"2025-07-15T11:48:55","guid":{"rendered":"https:\/\/uj.adatbank.ro\/lexikon\/termek\/muller-cornelius\/"},"modified":"2025-07-15T13:48:55","modified_gmt":"2025-07-15T11:48:55","slug":"muller-cornelius","status":"publish","type":"product","link":"https:\/\/uj.adatbank.ro\/lexikon\/termek\/muller-cornelius\/","title":{"rendered":"M\u00dcLLER Cornelius"},"content":{"rendered":"<p>K\u0151halom, 1879. j\u00fal. 4. \u2020\u00a0Segesv\u00e1r, 1951. \u00e1pr. 22 : orvos. \u2013 Apja orvosdoktor. A nagyszebeni ev. Gimn\u00e1ziumban \u00e9retts\u00e9gizett. Kv.-on j\u00e1rt az orvosira (1997\u201398) majd tanulm\u00e1nyait folytatta B\u00e9csben, Grazban ahol az Anatomia Tansz\u00e9ken tan\u00e1rseg\u00e9d (1903\u201304), seb\u00e9szseg\u00e9d a Seb\u00e9szeti klinik\u00e1n (1904\u201305), gyakornok a bp.-i egy. K\u00f3rbonctani Int\u00e9zet\u00e9ben (1905\u201306), haj\u00f3orvos a cs. k. haditenger\u00e9szetn\u00e9l (1907\u201308), seg\u00e9dorvos, k\u00e9s\u0151bb f\u0151orvos Segesv\u00e1ron a v\u00e1rmegyei k\u00f3rh\u00e1zban. Az els\u0151 vh. idej\u00e9n haj\u00f3orvos Pol\u00e1ban. A Julius Leonhardttal k\u00f6z\u00f6s szanat\u00f3riumban vezet\u0151 orvos (1925\u201348), annak \u00e1llamos\u00edt\u00e1sa ut\u00e1n uo. orvos, k\u00e9s\u0151bb mag\u00e1norvos (1950\u201351).-<br \/><strong>Irod.:<\/strong> Szab\u00f3\u2013Simon\u2013Sz\u00f6gi:<\/br><\/p>\n","protected":false},"excerpt":{"rendered":"<p>K\u0151halom, 1879. j\u00fal. 4. \u2020\u00a0Segesv\u00e1r, 1951. \u00e1pr. 22 : orvos. \u2013 Apja orvosdoktor. A nagyszebeni ev. Gimn\u00e1ziumban \u00e9retts\u00e9gizett. Kv.-on j\u00e1rt az orvosira (1997\u201398) majd tanulm\u00e1nyait folytatta B\u00e9csben, Grazban ahol az Anatomia Tansz\u00e9ken tan\u00e1rseg\u00e9d (1903\u201304), seb\u00e9szseg\u00e9d a Seb\u00e9szeti klinik\u00e1n (1904\u201305), gyakornok a bp.-i egy. K\u00f3rbonctani Int\u00e9zet\u00e9ben (1905\u201306), haj\u00f3orvos a cs. k. haditenger\u00e9szetn\u00e9l (1907\u201308), seg\u00e9dorvos, k\u00e9s\u0151bb f\u0151orvos [&hellip;]<\/p>\n","protected":false},"featured_media":0,"comment_status":"open","ping_status":"closed","template":"","meta":[],"product_brand":[],"product_cat":[137],"product_tag":[],"class_list":{"0":"post-15844","1":"product","2":"type-product","3":"status-publish","5":"product_cat-maros-megyei-eletrajzi-lexikon","7":"first","8":"instock","9":"shipping-taxable","10":"product-type-simple"},"_links":{"self":[{"href":"https:\/\/uj.adatbank.ro\/lexikon\/wp-json\/wp\/v2\/product\/15844","targetHints":{"allow":["GET"]}}],"collection":[{"href":"https:\/\/uj.adatbank.ro\/lexikon\/wp-json\/wp\/v2\/product"}],"about":[{"href":"https:\/\/uj.adatbank.ro\/lexikon\/wp-json\/wp\/v2\/types\/product"}],"replies":[{"embeddable":true,"href":"https:\/\/uj.adatbank.ro\/lexikon\/wp-json\/wp\/v2\/comments?post=15844"}],"wp:attachment":[{"href":"https:\/\/uj.adatbank.ro\/lexikon\/wp-json\/wp\/v2\/media?parent=15844"}],"wp:term":[{"taxonomy":"product_brand","embeddable":true,"href":"https:\/\/uj.adatbank.ro\/lexikon\/wp-json\/wp\/v2\/product_brand?post=15844"},{"taxonomy":"product_cat","embeddable":true,"href":"https:\/\/uj.adatbank.ro\/lexikon\/wp-json\/wp\/v2\/product_cat?post=15844"},{"taxonomy":"product_tag","embeddable":true,"href":"https:\/\/uj.adatbank.ro\/lexikon\/wp-json\/wp\/v2\/product_tag?post=15844"}],"curies":[{"name":"wp","href":"https:\/\/api.w.org\/{rel}","templated":true}]}}