{"id":15851,"date":"2025-07-15T13:49:11","date_gmt":"2025-07-15T11:49:11","guid":{"rendered":"https:\/\/uj.adatbank.ro\/lexikon\/termek\/muller-frigyes-ifj\/"},"modified":"2025-07-15T13:49:11","modified_gmt":"2025-07-15T11:49:11","slug":"muller-frigyes-ifj","status":"publish","type":"product","link":"https:\/\/uj.adatbank.ro\/lexikon\/termek\/muller-frigyes-ifj\/","title":{"rendered":"M\u00dcLLER Frigyes, ifj."},"content":{"rendered":"<p>Sz\u00e1szszentgy\u00f6rgy, 1882, \u2020\u00a0?: gy\u00f3gyszer\u00e9sz. \u2013 Apja M. Frigyes \u2013 Gy\u00f3gyszer\u00e9szmesteri oklevelet Kv.-on kapott (1905. j\u00fan. 16.). Apja M. Frigyes gy\u00f3gyszert\u00e1r tulajdonos volt Nasz\u00f3don, itt kezdett dolgozni, ezt eladta (1913) \u00e9s Mv.-re k\u00f6lt\u00f6z\u00f6tt. Mv.-en az Arany Kereszt gy\u00f3gyszert\u00e1rat b\u00e9relte (1913\u201314), majd Tord\u00e1n volt b\u00e9rl\u0151 (1918\u2013). <br \/><strong>Irod.:<\/strong> P\u00e9ter H. M.; P\u00e9ter H. M. 2013; RNL<\/br><\/p>\n","protected":false},"excerpt":{"rendered":"<p>Sz\u00e1szszentgy\u00f6rgy, 1882, \u2020\u00a0?: gy\u00f3gyszer\u00e9sz. \u2013 Apja M. Frigyes \u2013 Gy\u00f3gyszer\u00e9szmesteri oklevelet Kv.-on kapott (1905. j\u00fan. 16.). Apja M. Frigyes gy\u00f3gyszert\u00e1r tulajdonos volt Nasz\u00f3don, itt kezdett dolgozni, ezt eladta (1913) \u00e9s Mv.-re k\u00f6lt\u00f6z\u00f6tt. Mv.-en az Arany Kereszt gy\u00f3gyszert\u00e1rat b\u00e9relte (1913\u201314), majd Tord\u00e1n volt b\u00e9rl\u0151 (1918\u2013). Irod.: P\u00e9ter H. M.; P\u00e9ter H. M. 2013; RNL<\/p>\n","protected":false},"featured_media":0,"comment_status":"open","ping_status":"closed","template":"","meta":[],"product_brand":[],"product_cat":[137],"product_tag":[],"class_list":{"0":"post-15851","1":"product","2":"type-product","3":"status-publish","5":"product_cat-maros-megyei-eletrajzi-lexikon","7":"first","8":"instock","9":"shipping-taxable","10":"product-type-simple"},"_links":{"self":[{"href":"https:\/\/uj.adatbank.ro\/lexikon\/wp-json\/wp\/v2\/product\/15851","targetHints":{"allow":["GET"]}}],"collection":[{"href":"https:\/\/uj.adatbank.ro\/lexikon\/wp-json\/wp\/v2\/product"}],"about":[{"href":"https:\/\/uj.adatbank.ro\/lexikon\/wp-json\/wp\/v2\/types\/product"}],"replies":[{"embeddable":true,"href":"https:\/\/uj.adatbank.ro\/lexikon\/wp-json\/wp\/v2\/comments?post=15851"}],"wp:attachment":[{"href":"https:\/\/uj.adatbank.ro\/lexikon\/wp-json\/wp\/v2\/media?parent=15851"}],"wp:term":[{"taxonomy":"product_brand","embeddable":true,"href":"https:\/\/uj.adatbank.ro\/lexikon\/wp-json\/wp\/v2\/product_brand?post=15851"},{"taxonomy":"product_cat","embeddable":true,"href":"https:\/\/uj.adatbank.ro\/lexikon\/wp-json\/wp\/v2\/product_cat?post=15851"},{"taxonomy":"product_tag","embeddable":true,"href":"https:\/\/uj.adatbank.ro\/lexikon\/wp-json\/wp\/v2\/product_tag?post=15851"}],"curies":[{"name":"wp","href":"https:\/\/api.w.org\/{rel}","templated":true}]}}