{"id":15852,"date":"2025-07-15T13:49:14","date_gmt":"2025-07-15T11:49:14","guid":{"rendered":"https:\/\/uj.adatbank.ro\/lexikon\/termek\/muller-georg\/"},"modified":"2025-07-15T13:49:14","modified_gmt":"2025-07-15T11:49:14","slug":"muller-georg","status":"publish","type":"product","link":"https:\/\/uj.adatbank.ro\/lexikon\/termek\/muller-georg\/","title":{"rendered":"M\u00dcLLER, Georg"},"content":{"rendered":"<p>Segesv\u00e1r, ? \u2020 H\u00e9gen, 1850. \u00e1pr. 10: lelk\u00e9sz. \u2013 Tanult B\u00e9csben a prot. teol\u00f3gi\u00e1n (1825\u201326). Lelk\u00e9sz Sz\u00e1szbud\u00e1n (1842\u2013), H\u00e9gen-ben (1848\u2013). <br \/><strong>Irod.:<\/strong> Szab\u00f3-Sz\u00f6gi<\/br><\/p>\n","protected":false},"excerpt":{"rendered":"<p>Segesv\u00e1r, ? \u2020 H\u00e9gen, 1850. \u00e1pr. 10: lelk\u00e9sz. \u2013 Tanult B\u00e9csben a prot. teol\u00f3gi\u00e1n (1825\u201326). Lelk\u00e9sz Sz\u00e1szbud\u00e1n (1842\u2013), H\u00e9gen-ben (1848\u2013). Irod.: Szab\u00f3-Sz\u00f6gi<\/p>\n","protected":false},"featured_media":0,"comment_status":"open","ping_status":"closed","template":"","meta":[],"product_brand":[],"product_cat":[137],"product_tag":[],"class_list":{"0":"post-15852","1":"product","2":"type-product","3":"status-publish","5":"product_cat-maros-megyei-eletrajzi-lexikon","7":"first","8":"instock","9":"shipping-taxable","10":"product-type-simple"},"_links":{"self":[{"href":"https:\/\/uj.adatbank.ro\/lexikon\/wp-json\/wp\/v2\/product\/15852","targetHints":{"allow":["GET"]}}],"collection":[{"href":"https:\/\/uj.adatbank.ro\/lexikon\/wp-json\/wp\/v2\/product"}],"about":[{"href":"https:\/\/uj.adatbank.ro\/lexikon\/wp-json\/wp\/v2\/types\/product"}],"replies":[{"embeddable":true,"href":"https:\/\/uj.adatbank.ro\/lexikon\/wp-json\/wp\/v2\/comments?post=15852"}],"wp:attachment":[{"href":"https:\/\/uj.adatbank.ro\/lexikon\/wp-json\/wp\/v2\/media?parent=15852"}],"wp:term":[{"taxonomy":"product_brand","embeddable":true,"href":"https:\/\/uj.adatbank.ro\/lexikon\/wp-json\/wp\/v2\/product_brand?post=15852"},{"taxonomy":"product_cat","embeddable":true,"href":"https:\/\/uj.adatbank.ro\/lexikon\/wp-json\/wp\/v2\/product_cat?post=15852"},{"taxonomy":"product_tag","embeddable":true,"href":"https:\/\/uj.adatbank.ro\/lexikon\/wp-json\/wp\/v2\/product_tag?post=15852"}],"curies":[{"name":"wp","href":"https:\/\/api.w.org\/{rel}","templated":true}]}}