{"id":15853,"date":"2025-07-15T13:49:16","date_gmt":"2025-07-15T11:49:16","guid":{"rendered":"https:\/\/uj.adatbank.ro\/lexikon\/termek\/muller-georg-georgiu\/"},"modified":"2025-07-15T13:49:16","modified_gmt":"2025-07-15T11:49:16","slug":"muller-georg-georgiu","status":"publish","type":"product","link":"https:\/\/uj.adatbank.ro\/lexikon\/termek\/muller-georg-georgiu\/","title":{"rendered":"M\u00dcLLER, Georg; Georgiu"},"content":{"rendered":"<p>Segesv\u00e1r, 1760., \u2020 Segesv\u00e1r, 1845. j\u00fan. 18.: lelk\u00e9sz. \u2013 Tanult T\u00fcbingenben teol\u00f3gi\u00e1t (1784). Segesv\u00e1ron rektor, pr\u00e9dik\u00e1tor (1792\u201396). Nev\u00e9hez f\u0171z\u0151dik a hegyi isola \u00e9p\u00edt\u00e9s\u00e9nek folytat\u00e1sa, a gimn\u00e1ziumi k\u00f6nyvt\u00e1r \u00faj k\u00f6nyvekkel val\u00f3 b\u0151v\u00edt\u00e9se, azok rendez\u00e9se \u00e9s katal\u00f3giz\u00e1l\u00e1sa a templom emelet\u00e9re k\u00f6lt\u00f6ztet\u00e9se (1776\u2013) ut\u00e1n. Els\u0151k\u00e9nt bocs\u00e1totta a tanul\u00f3k rendelkez\u00e9s\u00e9re a k\u00f6nyvt\u00e1rat.; lelkip\u00e1sztor Holdvil\u00e1gon (1798\u2013), Sz\u00e9naver\u0151s\u00f6n (1808\u2013), Segesv\u00e1ron (1819\u2013). <br \/><strong>Irod.:<\/strong> Sighi\u015foara; Szab\u00f3-Sz\u00f6gi<\/br><\/p>\n","protected":false},"excerpt":{"rendered":"<p>Segesv\u00e1r, 1760., \u2020 Segesv\u00e1r, 1845. j\u00fan. 18.: lelk\u00e9sz. \u2013 Tanult T\u00fcbingenben teol\u00f3gi\u00e1t (1784). Segesv\u00e1ron rektor, pr\u00e9dik\u00e1tor (1792\u201396). Nev\u00e9hez f\u0171z\u0151dik a hegyi isola \u00e9p\u00edt\u00e9s\u00e9nek folytat\u00e1sa, a gimn\u00e1ziumi k\u00f6nyvt\u00e1r \u00faj k\u00f6nyvekkel val\u00f3 b\u0151v\u00edt\u00e9se, azok rendez\u00e9se \u00e9s katal\u00f3giz\u00e1l\u00e1sa a templom emelet\u00e9re k\u00f6lt\u00f6ztet\u00e9se (1776\u2013) ut\u00e1n. Els\u0151k\u00e9nt bocs\u00e1totta a tanul\u00f3k rendelkez\u00e9s\u00e9re a k\u00f6nyvt\u00e1rat.; lelkip\u00e1sztor Holdvil\u00e1gon (1798\u2013), Sz\u00e9naver\u0151s\u00f6n (1808\u2013), Segesv\u00e1ron (1819\u2013). [&hellip;]<\/p>\n","protected":false},"featured_media":0,"comment_status":"open","ping_status":"closed","template":"","meta":[],"product_brand":[],"product_cat":[137],"product_tag":[],"class_list":{"0":"post-15853","1":"product","2":"type-product","3":"status-publish","5":"product_cat-maros-megyei-eletrajzi-lexikon","7":"first","8":"instock","9":"shipping-taxable","10":"product-type-simple"},"_links":{"self":[{"href":"https:\/\/uj.adatbank.ro\/lexikon\/wp-json\/wp\/v2\/product\/15853","targetHints":{"allow":["GET"]}}],"collection":[{"href":"https:\/\/uj.adatbank.ro\/lexikon\/wp-json\/wp\/v2\/product"}],"about":[{"href":"https:\/\/uj.adatbank.ro\/lexikon\/wp-json\/wp\/v2\/types\/product"}],"replies":[{"embeddable":true,"href":"https:\/\/uj.adatbank.ro\/lexikon\/wp-json\/wp\/v2\/comments?post=15853"}],"wp:attachment":[{"href":"https:\/\/uj.adatbank.ro\/lexikon\/wp-json\/wp\/v2\/media?parent=15853"}],"wp:term":[{"taxonomy":"product_brand","embeddable":true,"href":"https:\/\/uj.adatbank.ro\/lexikon\/wp-json\/wp\/v2\/product_brand?post=15853"},{"taxonomy":"product_cat","embeddable":true,"href":"https:\/\/uj.adatbank.ro\/lexikon\/wp-json\/wp\/v2\/product_cat?post=15853"},{"taxonomy":"product_tag","embeddable":true,"href":"https:\/\/uj.adatbank.ro\/lexikon\/wp-json\/wp\/v2\/product_tag?post=15853"}],"curies":[{"name":"wp","href":"https:\/\/api.w.org\/{rel}","templated":true}]}}