{"id":15854,"date":"2025-07-15T13:49:18","date_gmt":"2025-07-15T11:49:18","guid":{"rendered":"https:\/\/uj.adatbank.ro\/lexikon\/termek\/muller-georg-friedrich\/"},"modified":"2025-07-15T13:49:18","modified_gmt":"2025-07-15T11:49:18","slug":"muller-georg-friedrich","status":"publish","type":"product","link":"https:\/\/uj.adatbank.ro\/lexikon\/termek\/muller-georg-friedrich\/","title":{"rendered":"M\u00dcLLER, Georg Friedrich"},"content":{"rendered":"<p>Segesv\u00e1r, 1791. m\u00e1rc. 29., \u2020 S\u00e1ros (Brass\u00f3), 1879. jan. 3.: tan\u00e1r, lelk\u00e9sz. \u2013 Apja M. Gy\u00f6rgy lelk\u00e9sz volt. A t\u00fcbingai egyetemen tanult (1814\u2013); haz\u00e1j\u00e1ba viszszat\u00e9rve a medgyesi gimn\u00e1zium tan\u00e1ra, k\u00e9s\u0151bb lelk\u00e9sz, Medgyesen, Fels\u0151-Bajomban (1834\u2013), S\u00e1roson (1854\u201375). \u2013 F.m. : De ritu sacro prodromus seu dissertatio brevis. (Cibinii, 1821). <br \/><strong>Irod.:<\/strong> Bianu; Szab\u00f3-Sz\u00f6gi; Szinnyei, Szinnyei J.; Veress<\/br><\/p>\n","protected":false},"excerpt":{"rendered":"<p>Segesv\u00e1r, 1791. m\u00e1rc. 29., \u2020 S\u00e1ros (Brass\u00f3), 1879. jan. 3.: tan\u00e1r, lelk\u00e9sz. \u2013 Apja M. Gy\u00f6rgy lelk\u00e9sz volt. A t\u00fcbingai egyetemen tanult (1814\u2013); haz\u00e1j\u00e1ba viszszat\u00e9rve a medgyesi gimn\u00e1zium tan\u00e1ra, k\u00e9s\u0151bb lelk\u00e9sz, Medgyesen, Fels\u0151-Bajomban (1834\u2013), S\u00e1roson (1854\u201375). \u2013 F.m. : De ritu sacro prodromus seu dissertatio brevis. (Cibinii, 1821). Irod.: Bianu; Szab\u00f3-Sz\u00f6gi; Szinnyei, Szinnyei J.; Veress<\/p>\n","protected":false},"featured_media":0,"comment_status":"open","ping_status":"closed","template":"","meta":[],"product_brand":[],"product_cat":[137],"product_tag":[],"class_list":{"0":"post-15854","1":"product","2":"type-product","3":"status-publish","5":"product_cat-maros-megyei-eletrajzi-lexikon","7":"first","8":"instock","9":"shipping-taxable","10":"product-type-simple"},"_links":{"self":[{"href":"https:\/\/uj.adatbank.ro\/lexikon\/wp-json\/wp\/v2\/product\/15854","targetHints":{"allow":["GET"]}}],"collection":[{"href":"https:\/\/uj.adatbank.ro\/lexikon\/wp-json\/wp\/v2\/product"}],"about":[{"href":"https:\/\/uj.adatbank.ro\/lexikon\/wp-json\/wp\/v2\/types\/product"}],"replies":[{"embeddable":true,"href":"https:\/\/uj.adatbank.ro\/lexikon\/wp-json\/wp\/v2\/comments?post=15854"}],"wp:attachment":[{"href":"https:\/\/uj.adatbank.ro\/lexikon\/wp-json\/wp\/v2\/media?parent=15854"}],"wp:term":[{"taxonomy":"product_brand","embeddable":true,"href":"https:\/\/uj.adatbank.ro\/lexikon\/wp-json\/wp\/v2\/product_brand?post=15854"},{"taxonomy":"product_cat","embeddable":true,"href":"https:\/\/uj.adatbank.ro\/lexikon\/wp-json\/wp\/v2\/product_cat?post=15854"},{"taxonomy":"product_tag","embeddable":true,"href":"https:\/\/uj.adatbank.ro\/lexikon\/wp-json\/wp\/v2\/product_tag?post=15854"}],"curies":[{"name":"wp","href":"https:\/\/api.w.org\/{rel}","templated":true}]}}