{"id":15855,"date":"2025-07-15T13:49:20","date_gmt":"2025-07-15T11:49:20","guid":{"rendered":"https:\/\/uj.adatbank.ro\/lexikon\/termek\/muller-gusztav\/"},"modified":"2025-07-15T13:49:20","modified_gmt":"2025-07-15T11:49:20","slug":"muller-gusztav","status":"publish","type":"product","link":"https:\/\/uj.adatbank.ro\/lexikon\/termek\/muller-gusztav\/","title":{"rendered":"M\u00dcLLER Guszt\u00e1v"},"content":{"rendered":"<p>? \u2020 ?: tan\u00e1r. \u2013 A sz\u00e1szr\u00e9geni \u00c1llami M. Tannyelv\u0171 Tan\u00edt\u00f3n\u0151k\u00e9pz\u0151 tan\u00e1ra (1948\u201356). Sz\u00e1sz k\u00f6nyvgy\u0171jt\u0151, ex libris tulajdonos. <br \/><strong>Irod.:<\/strong> Csern\u00e1toni; De\u00e9 Nagy Anik\u00f3 2001<\/br><\/p>\n","protected":false},"excerpt":{"rendered":"<p>? \u2020 ?: tan\u00e1r. \u2013 A sz\u00e1szr\u00e9geni \u00c1llami M. Tannyelv\u0171 Tan\u00edt\u00f3n\u0151k\u00e9pz\u0151 tan\u00e1ra (1948\u201356). Sz\u00e1sz k\u00f6nyvgy\u0171jt\u0151, ex libris tulajdonos. Irod.: Csern\u00e1toni; De\u00e9 Nagy Anik\u00f3 2001<\/p>\n","protected":false},"featured_media":0,"comment_status":"open","ping_status":"closed","template":"","meta":[],"product_brand":[],"product_cat":[137],"product_tag":[],"class_list":{"0":"post-15855","1":"product","2":"type-product","3":"status-publish","5":"product_cat-maros-megyei-eletrajzi-lexikon","7":"first","8":"instock","9":"shipping-taxable","10":"product-type-simple"},"_links":{"self":[{"href":"https:\/\/uj.adatbank.ro\/lexikon\/wp-json\/wp\/v2\/product\/15855","targetHints":{"allow":["GET"]}}],"collection":[{"href":"https:\/\/uj.adatbank.ro\/lexikon\/wp-json\/wp\/v2\/product"}],"about":[{"href":"https:\/\/uj.adatbank.ro\/lexikon\/wp-json\/wp\/v2\/types\/product"}],"replies":[{"embeddable":true,"href":"https:\/\/uj.adatbank.ro\/lexikon\/wp-json\/wp\/v2\/comments?post=15855"}],"wp:attachment":[{"href":"https:\/\/uj.adatbank.ro\/lexikon\/wp-json\/wp\/v2\/media?parent=15855"}],"wp:term":[{"taxonomy":"product_brand","embeddable":true,"href":"https:\/\/uj.adatbank.ro\/lexikon\/wp-json\/wp\/v2\/product_brand?post=15855"},{"taxonomy":"product_cat","embeddable":true,"href":"https:\/\/uj.adatbank.ro\/lexikon\/wp-json\/wp\/v2\/product_cat?post=15855"},{"taxonomy":"product_tag","embeddable":true,"href":"https:\/\/uj.adatbank.ro\/lexikon\/wp-json\/wp\/v2\/product_tag?post=15855"}],"curies":[{"name":"wp","href":"https:\/\/api.w.org\/{rel}","templated":true}]}}