{"id":15856,"date":"2025-07-15T13:49:23","date_gmt":"2025-07-15T11:49:23","guid":{"rendered":"https:\/\/uj.adatbank.ro\/lexikon\/termek\/muller-heinrich-henrik\/"},"modified":"2025-07-15T13:49:23","modified_gmt":"2025-07-15T11:49:23","slug":"muller-heinrich-henrik","status":"publish","type":"product","link":"https:\/\/uj.adatbank.ro\/lexikon\/termek\/muller-heinrich-henrik\/","title":{"rendered":"M\u00dcLLER, Heinrich, Henrik"},"content":{"rendered":"<p>Segesv\u00e1r, 1856. okt. 4. \u2020 Nagyszeben, 1928. nov 24.: \u00e1g. ev. Lelk\u00e9sz.- M. Frigyes \u00e1g. ev. p\u00fcsp\u00f6k fia.- Segesv\u00e1ron \u00e9retts\u00e9gizett (1874), els\u0151 szemeszterben a nagyszebeni jogakad\u00e9mi\u00e1ban tanult (az 1874\u201375. t\u00e9li f\u00e9l\u00e9vben); a ny\u00e1ri f\u00e9l\u00e9vre Bernbe ment teologia \u00e9s klasszika-filologiai tanulm\u00e1nyokra (1875\u201376); egy \u00e9vi ott tart\u00f3zkod\u00e1sa ut\u00e1n a berlini egyetem Hittud. Kar\u00e1nak hallgat\u00f3ja (1876\u20131878. m\u00e1j) Tan\u00e1r Nagyszebenben a polg\u00e1ri iskol\u00e1n\u00e1l (1881); a fels\u0151 le\u00e1nyiskol\u00e1n\u00e1l (1883), v\u00e9g\u00fcl a f\u0151gimn\u00e1ziumn\u00e1l volt (1886\u201395); Lesesen (Nagy-K\u00fck\u00fcll\u0151m.) lelk\u00e9sz (1895\u20131902), Ezut\u00e1n Schellenberken m\u0171k\u00f6d\u00f6tt (\u20131923), k\u00f6zben a szebeni egyh\u00e1zmegye esperese (1913\u201316), majd nyugalomba vonult. A Bruckenthal-m\u00fazeum adjunctusa (1879\u201392), \u0151re volt (1892\u201395). R\u00e9g\u00e9szeti \u00e9s nyelv\u00e9szeti munk\u00e1kat \u00edrt. Cikkei a Korrespondenzblatt f\u00fcr Landeskundeban (kisebb cikkek \u00e9s XV. 1880. Arch\u00e4ologische Streifz\u00fcge, apj\u00e1val M. Frigyessel egy\u00fctt). <br \/><strong>Irod.:<\/strong> Szab\u00f3\u2013Simon\u2013Sz\u00f6gi; Szinnyei<\/br><\/p>\n","protected":false},"excerpt":{"rendered":"<p>Segesv\u00e1r, 1856. okt. 4. \u2020 Nagyszeben, 1928. nov 24.: \u00e1g. ev. Lelk\u00e9sz.- M. Frigyes \u00e1g. ev. p\u00fcsp\u00f6k fia.- Segesv\u00e1ron \u00e9retts\u00e9gizett (1874), els\u0151 szemeszterben a nagyszebeni jogakad\u00e9mi\u00e1ban tanult (az 1874\u201375. t\u00e9li f\u00e9l\u00e9vben); a ny\u00e1ri f\u00e9l\u00e9vre Bernbe ment teologia \u00e9s klasszika-filologiai tanulm\u00e1nyokra (1875\u201376); egy \u00e9vi ott tart\u00f3zkod\u00e1sa ut\u00e1n a berlini egyetem Hittud. Kar\u00e1nak hallgat\u00f3ja (1876\u20131878. m\u00e1j) Tan\u00e1r [&hellip;]<\/p>\n","protected":false},"featured_media":0,"comment_status":"open","ping_status":"closed","template":"","meta":[],"product_brand":[],"product_cat":[137],"product_tag":[],"class_list":{"0":"post-15856","1":"product","2":"type-product","3":"status-publish","5":"product_cat-maros-megyei-eletrajzi-lexikon","7":"first","8":"instock","9":"shipping-taxable","10":"product-type-simple"},"_links":{"self":[{"href":"https:\/\/uj.adatbank.ro\/lexikon\/wp-json\/wp\/v2\/product\/15856","targetHints":{"allow":["GET"]}}],"collection":[{"href":"https:\/\/uj.adatbank.ro\/lexikon\/wp-json\/wp\/v2\/product"}],"about":[{"href":"https:\/\/uj.adatbank.ro\/lexikon\/wp-json\/wp\/v2\/types\/product"}],"replies":[{"embeddable":true,"href":"https:\/\/uj.adatbank.ro\/lexikon\/wp-json\/wp\/v2\/comments?post=15856"}],"wp:attachment":[{"href":"https:\/\/uj.adatbank.ro\/lexikon\/wp-json\/wp\/v2\/media?parent=15856"}],"wp:term":[{"taxonomy":"product_brand","embeddable":true,"href":"https:\/\/uj.adatbank.ro\/lexikon\/wp-json\/wp\/v2\/product_brand?post=15856"},{"taxonomy":"product_cat","embeddable":true,"href":"https:\/\/uj.adatbank.ro\/lexikon\/wp-json\/wp\/v2\/product_cat?post=15856"},{"taxonomy":"product_tag","embeddable":true,"href":"https:\/\/uj.adatbank.ro\/lexikon\/wp-json\/wp\/v2\/product_tag?post=15856"}],"curies":[{"name":"wp","href":"https:\/\/api.w.org\/{rel}","templated":true}]}}