{"id":15859,"date":"2025-07-15T13:49:29","date_gmt":"2025-07-15T11:49:29","guid":{"rendered":"https:\/\/uj.adatbank.ro\/lexikon\/termek\/muller-janos\/"},"modified":"2025-07-15T13:49:29","modified_gmt":"2025-07-15T11:49:29","slug":"muller-janos","status":"publish","type":"product","link":"https:\/\/uj.adatbank.ro\/lexikon\/termek\/muller-janos\/","title":{"rendered":"M\u00dcLLER J\u00e1nos"},"content":{"rendered":"<p>? \u2020\u00a0?: \u00f3r\u00e1s. \u2013 A mv.-i volt V\u00e1rosh\u00e1za (ma prefektusi hivatal) \u00e9p\u00fclet\u00e9nek \u00f3r\u00e1j\u00e1t k\u00e9sz\u00edtette (1906\u201307). \u2013 Irod: Kereszetes Gyula: Szecesszi\u00f3 Mv.-en 4.: A V\u00e1rosh\u00e1za (N\u00fa., 1991. okt. 26.); Maros megye; Mv. r\u00e9gi V\u00e1rosh\u00e1za<\/br><\/p>\n","protected":false},"excerpt":{"rendered":"<p>? \u2020\u00a0?: \u00f3r\u00e1s. \u2013 A mv.-i volt V\u00e1rosh\u00e1za (ma prefektusi hivatal) \u00e9p\u00fclet\u00e9nek \u00f3r\u00e1j\u00e1t k\u00e9sz\u00edtette (1906\u201307). \u2013 Irod: Kereszetes Gyula: Szecesszi\u00f3 Mv.-en 4.: A V\u00e1rosh\u00e1za (N\u00fa., 1991. okt. 26.); Maros megye; Mv. r\u00e9gi V\u00e1rosh\u00e1za<\/p>\n","protected":false},"featured_media":0,"comment_status":"open","ping_status":"closed","template":"","meta":[],"product_brand":[],"product_cat":[137],"product_tag":[],"class_list":{"0":"post-15859","1":"product","2":"type-product","3":"status-publish","5":"product_cat-maros-megyei-eletrajzi-lexikon","7":"first","8":"instock","9":"shipping-taxable","10":"product-type-simple"},"_links":{"self":[{"href":"https:\/\/uj.adatbank.ro\/lexikon\/wp-json\/wp\/v2\/product\/15859","targetHints":{"allow":["GET"]}}],"collection":[{"href":"https:\/\/uj.adatbank.ro\/lexikon\/wp-json\/wp\/v2\/product"}],"about":[{"href":"https:\/\/uj.adatbank.ro\/lexikon\/wp-json\/wp\/v2\/types\/product"}],"replies":[{"embeddable":true,"href":"https:\/\/uj.adatbank.ro\/lexikon\/wp-json\/wp\/v2\/comments?post=15859"}],"wp:attachment":[{"href":"https:\/\/uj.adatbank.ro\/lexikon\/wp-json\/wp\/v2\/media?parent=15859"}],"wp:term":[{"taxonomy":"product_brand","embeddable":true,"href":"https:\/\/uj.adatbank.ro\/lexikon\/wp-json\/wp\/v2\/product_brand?post=15859"},{"taxonomy":"product_cat","embeddable":true,"href":"https:\/\/uj.adatbank.ro\/lexikon\/wp-json\/wp\/v2\/product_cat?post=15859"},{"taxonomy":"product_tag","embeddable":true,"href":"https:\/\/uj.adatbank.ro\/lexikon\/wp-json\/wp\/v2\/product_tag?post=15859"}],"curies":[{"name":"wp","href":"https:\/\/api.w.org\/{rel}","templated":true}]}}