{"id":1586,"date":"2025-06-28T11:46:45","date_gmt":"2025-06-28T09:46:45","guid":{"rendered":"https:\/\/uj.adatbank.ro\/lexikon\/termek\/adleff-arthur\/"},"modified":"2025-06-28T11:46:45","modified_gmt":"2025-06-28T09:46:45","slug":"adleff-arthur","status":"publish","type":"product","link":"https:\/\/uj.adatbank.ro\/lexikon\/termek\/adleff-arthur\/","title":{"rendered":"ADLEFF Arthur"},"content":{"rendered":"<p>Sz\u00e1szr\u00e9gen, 1881. dec.11.,\u2020 Sz\u00e1szr\u00e9gen, ? : \u00e1llatorvos. \u2013 A k\u00f6z\u00e9piskol\u00e1t a sz\u00fcl\u0151v\u00e1rosban, \u00e1llatorvosi egyetemet Bp.-en \u00e9s Stuttgartban v\u00e9gezte. Sz\u00e1szr\u00e9genben \u00f6n\u00e1ll\u00f3 \u00e1llatorvosi rendel\u0151je volt (1904\u2013). A v\u00e1ros f\u0151\u00e1llatorvosa, a v\u00e1g\u00f3h\u00edd igazgat\u00f3ja. Eln\u00f6ke a Mez\u0151gazdas\u00e1gi Egyes\u00fcletnek, tagja a Term\u00e9szettudom\u00e1nyi Egyes\u00fcletnek. R\u00e9szt vett az I. vh.-ban, \u00e9rdemei\u00e9rt Koron\u00e1s Arany \u00c9rdemkereszttel \u00e9s Signum Laudis \u00c9rdem\u00e9remmel t\u00fcntett\u00e9k ki. Hathat\u00f3s v\u00e9delmez\u0151je volt a sz\u00e1szok jogainak \u00e9s nemzeti \u00e9rdekeinek. <br \/><strong>Irod.:<\/strong> Lexiconul vie\u0163ii publice<\/br><\/p>\n","protected":false},"excerpt":{"rendered":"<p>Sz\u00e1szr\u00e9gen, 1881. dec.11.,\u2020 Sz\u00e1szr\u00e9gen, ? : \u00e1llatorvos. \u2013 A k\u00f6z\u00e9piskol\u00e1t a sz\u00fcl\u0151v\u00e1rosban, \u00e1llatorvosi egyetemet Bp.-en \u00e9s Stuttgartban v\u00e9gezte. Sz\u00e1szr\u00e9genben \u00f6n\u00e1ll\u00f3 \u00e1llatorvosi rendel\u0151je volt (1904\u2013). A v\u00e1ros f\u0151\u00e1llatorvosa, a v\u00e1g\u00f3h\u00edd igazgat\u00f3ja. Eln\u00f6ke a Mez\u0151gazdas\u00e1gi Egyes\u00fcletnek, tagja a Term\u00e9szettudom\u00e1nyi Egyes\u00fcletnek. R\u00e9szt vett az I. vh.-ban, \u00e9rdemei\u00e9rt Koron\u00e1s Arany \u00c9rdemkereszttel \u00e9s Signum Laudis \u00c9rdem\u00e9remmel t\u00fcntett\u00e9k ki. Hathat\u00f3s v\u00e9delmez\u0151je [&hellip;]<\/p>\n","protected":false},"featured_media":0,"comment_status":"open","ping_status":"closed","template":"","meta":[],"product_brand":[],"product_cat":[137],"product_tag":[],"class_list":{"0":"post-1586","1":"product","2":"type-product","3":"status-publish","5":"product_cat-maros-megyei-eletrajzi-lexikon","7":"first","8":"instock","9":"shipping-taxable","10":"product-type-simple"},"_links":{"self":[{"href":"https:\/\/uj.adatbank.ro\/lexikon\/wp-json\/wp\/v2\/product\/1586","targetHints":{"allow":["GET"]}}],"collection":[{"href":"https:\/\/uj.adatbank.ro\/lexikon\/wp-json\/wp\/v2\/product"}],"about":[{"href":"https:\/\/uj.adatbank.ro\/lexikon\/wp-json\/wp\/v2\/types\/product"}],"replies":[{"embeddable":true,"href":"https:\/\/uj.adatbank.ro\/lexikon\/wp-json\/wp\/v2\/comments?post=1586"}],"wp:attachment":[{"href":"https:\/\/uj.adatbank.ro\/lexikon\/wp-json\/wp\/v2\/media?parent=1586"}],"wp:term":[{"taxonomy":"product_brand","embeddable":true,"href":"https:\/\/uj.adatbank.ro\/lexikon\/wp-json\/wp\/v2\/product_brand?post=1586"},{"taxonomy":"product_cat","embeddable":true,"href":"https:\/\/uj.adatbank.ro\/lexikon\/wp-json\/wp\/v2\/product_cat?post=1586"},{"taxonomy":"product_tag","embeddable":true,"href":"https:\/\/uj.adatbank.ro\/lexikon\/wp-json\/wp\/v2\/product_tag?post=1586"}],"curies":[{"name":"wp","href":"https:\/\/api.w.org\/{rel}","templated":true}]}}