{"id":15866,"date":"2025-07-15T13:49:44","date_gmt":"2025-07-15T11:49:44","guid":{"rendered":"https:\/\/uj.adatbank.ro\/lexikon\/termek\/muller-karl\/"},"modified":"2025-07-15T13:49:44","modified_gmt":"2025-07-15T11:49:44","slug":"muller-karl","status":"publish","type":"product","link":"https:\/\/uj.adatbank.ro\/lexikon\/termek\/muller-karl\/","title":{"rendered":"M\u00dcLLER, Karl"},"content":{"rendered":"<p>Segesv\u00e1r, 1889. okt. 2. \u2020 : lelk\u00e9sz, tan\u00e1r. Apja k\u00e1rpitos.- Tanult a j\u00e9nai egy. Hitud. \u00c9s B\u00f6lcs\u00e9sz Kar\u00e1n (1917\u2013), a berlini egy. B\u00f6lcs. Kar\u00e1n (1908\u201309; 1910\u201311). Tanult Bp.-en is. , a marburgi egyetem Term\u00e9szetud. Kar\u00e1n (1909). Hazat\u00e9rve tan\u00e1r volt M. Karl Traugott n\u00e9ven Segesv\u00e1ron (\u20131915). Innen Sz\u00e1szd\u00e1ny\u00e1ra vitt\u00e9k lelk\u00e9sznek (\u20131921), Sz\u00e1szr\u00e9genben tan\u00e1r (1921\u2013). <br \/><strong>Irod.:<\/strong> Szab\u00f3\u2013Simon\u2013Sz\u00f6gi<\/br><\/p>\n","protected":false},"excerpt":{"rendered":"<p>Segesv\u00e1r, 1889. okt. 2. \u2020 : lelk\u00e9sz, tan\u00e1r. Apja k\u00e1rpitos.- Tanult a j\u00e9nai egy. Hitud. \u00c9s B\u00f6lcs\u00e9sz Kar\u00e1n (1917\u2013), a berlini egy. B\u00f6lcs. Kar\u00e1n (1908\u201309; 1910\u201311). Tanult Bp.-en is. , a marburgi egyetem Term\u00e9szetud. Kar\u00e1n (1909). Hazat\u00e9rve tan\u00e1r volt M. Karl Traugott n\u00e9ven Segesv\u00e1ron (\u20131915). Innen Sz\u00e1szd\u00e1ny\u00e1ra vitt\u00e9k lelk\u00e9sznek (\u20131921), Sz\u00e1szr\u00e9genben tan\u00e1r (1921\u2013). Irod.: Szab\u00f3\u2013Simon\u2013Sz\u00f6gi<\/p>\n","protected":false},"featured_media":0,"comment_status":"open","ping_status":"closed","template":"","meta":[],"product_brand":[],"product_cat":[137],"product_tag":[],"class_list":{"0":"post-15866","1":"product","2":"type-product","3":"status-publish","5":"product_cat-maros-megyei-eletrajzi-lexikon","7":"first","8":"instock","9":"shipping-taxable","10":"product-type-simple"},"_links":{"self":[{"href":"https:\/\/uj.adatbank.ro\/lexikon\/wp-json\/wp\/v2\/product\/15866","targetHints":{"allow":["GET"]}}],"collection":[{"href":"https:\/\/uj.adatbank.ro\/lexikon\/wp-json\/wp\/v2\/product"}],"about":[{"href":"https:\/\/uj.adatbank.ro\/lexikon\/wp-json\/wp\/v2\/types\/product"}],"replies":[{"embeddable":true,"href":"https:\/\/uj.adatbank.ro\/lexikon\/wp-json\/wp\/v2\/comments?post=15866"}],"wp:attachment":[{"href":"https:\/\/uj.adatbank.ro\/lexikon\/wp-json\/wp\/v2\/media?parent=15866"}],"wp:term":[{"taxonomy":"product_brand","embeddable":true,"href":"https:\/\/uj.adatbank.ro\/lexikon\/wp-json\/wp\/v2\/product_brand?post=15866"},{"taxonomy":"product_cat","embeddable":true,"href":"https:\/\/uj.adatbank.ro\/lexikon\/wp-json\/wp\/v2\/product_cat?post=15866"},{"taxonomy":"product_tag","embeddable":true,"href":"https:\/\/uj.adatbank.ro\/lexikon\/wp-json\/wp\/v2\/product_tag?post=15866"}],"curies":[{"name":"wp","href":"https:\/\/api.w.org\/{rel}","templated":true}]}}