{"id":15867,"date":"2025-07-15T13:49:45","date_gmt":"2025-07-15T11:49:45","guid":{"rendered":"https:\/\/uj.adatbank.ro\/lexikon\/termek\/muller-karl-georg\/"},"modified":"2025-07-15T13:49:45","modified_gmt":"2025-07-15T11:49:45","slug":"muller-karl-georg","status":"publish","type":"product","link":"https:\/\/uj.adatbank.ro\/lexikon\/termek\/muller-karl-georg\/","title":{"rendered":"M\u00dcLLER, Karl Georg"},"content":{"rendered":"<p>Segesv\u00e1r, ? \u2020 Herm\u00e1ny, 1836. szept. 17. : lelk\u00e9sz. \u2013 Tanult : J\u00e9na (1812), T\u00fcbingen (1813). Tan\u00e1r, pr\u00e9dik\u00e1tor Szebenben; lelk\u00e9sz Herm\u00e1nyban (1828\u201336). \u2013 Irod. : Szab\u00f3-Sz\u00f6gi<\/br><\/p>\n","protected":false},"excerpt":{"rendered":"<p>Segesv\u00e1r, ? \u2020 Herm\u00e1ny, 1836. szept. 17. : lelk\u00e9sz. \u2013 Tanult : J\u00e9na (1812), T\u00fcbingen (1813). Tan\u00e1r, pr\u00e9dik\u00e1tor Szebenben; lelk\u00e9sz Herm\u00e1nyban (1828\u201336). \u2013 Irod. : Szab\u00f3-Sz\u00f6gi<\/p>\n","protected":false},"featured_media":0,"comment_status":"open","ping_status":"closed","template":"","meta":[],"product_brand":[],"product_cat":[137],"product_tag":[],"class_list":{"0":"post-15867","1":"product","2":"type-product","3":"status-publish","5":"product_cat-maros-megyei-eletrajzi-lexikon","7":"first","8":"instock","9":"shipping-taxable","10":"product-type-simple"},"_links":{"self":[{"href":"https:\/\/uj.adatbank.ro\/lexikon\/wp-json\/wp\/v2\/product\/15867","targetHints":{"allow":["GET"]}}],"collection":[{"href":"https:\/\/uj.adatbank.ro\/lexikon\/wp-json\/wp\/v2\/product"}],"about":[{"href":"https:\/\/uj.adatbank.ro\/lexikon\/wp-json\/wp\/v2\/types\/product"}],"replies":[{"embeddable":true,"href":"https:\/\/uj.adatbank.ro\/lexikon\/wp-json\/wp\/v2\/comments?post=15867"}],"wp:attachment":[{"href":"https:\/\/uj.adatbank.ro\/lexikon\/wp-json\/wp\/v2\/media?parent=15867"}],"wp:term":[{"taxonomy":"product_brand","embeddable":true,"href":"https:\/\/uj.adatbank.ro\/lexikon\/wp-json\/wp\/v2\/product_brand?post=15867"},{"taxonomy":"product_cat","embeddable":true,"href":"https:\/\/uj.adatbank.ro\/lexikon\/wp-json\/wp\/v2\/product_cat?post=15867"},{"taxonomy":"product_tag","embeddable":true,"href":"https:\/\/uj.adatbank.ro\/lexikon\/wp-json\/wp\/v2\/product_tag?post=15867"}],"curies":[{"name":"wp","href":"https:\/\/api.w.org\/{rel}","templated":true}]}}