{"id":15868,"date":"2025-07-15T13:49:47","date_gmt":"2025-07-15T11:49:47","guid":{"rendered":"https:\/\/uj.adatbank.ro\/lexikon\/termek\/muller-michael-joseph\/"},"modified":"2025-07-15T13:49:47","modified_gmt":"2025-07-15T11:49:47","slug":"muller-michael-joseph","status":"publish","type":"product","link":"https:\/\/uj.adatbank.ro\/lexikon\/termek\/muller-michael-joseph\/","title":{"rendered":"M\u00dcLLER Michael Joseph"},"content":{"rendered":"<p>Segesv\u00e1r, 1796. j\u00fal. 15., \u2020 K\u0151halom (Brass\u00f3), 1867. okt. 6.: orvosdoktor. \u2013 Apja M. Gy\u00f6rgy \u00e1g. ev. lelk\u00e9sz volt. Az orvosi tudom\u00e1nyt a b\u00e9csi egyetemen tanulta, hol orvosdoktorr\u00e1 avatt\u00e1k (1817) \u00e9s mint gyakorl\u00f3 orvos K\u0151halomban (Nagy-K\u00fck\u00fcll\u0151m.) telepedett le s egyszersmind K\u0151halomsz\u00e9k f\u0151orvosa volt. \u2013 F.m. : Dissertatio inaug. medica de varioloide vaccina insitorum. (Vindobonae, 1823). <br \/><strong>Irod.:<\/strong> Gy\u0151ry; Szab\u00f3-Sz\u00f6gi; Szinnyei; Szinnyei J-Sz. J.<\/br><\/p>\n","protected":false},"excerpt":{"rendered":"<p>Segesv\u00e1r, 1796. j\u00fal. 15., \u2020 K\u0151halom (Brass\u00f3), 1867. okt. 6.: orvosdoktor. \u2013 Apja M. Gy\u00f6rgy \u00e1g. ev. lelk\u00e9sz volt. Az orvosi tudom\u00e1nyt a b\u00e9csi egyetemen tanulta, hol orvosdoktorr\u00e1 avatt\u00e1k (1817) \u00e9s mint gyakorl\u00f3 orvos K\u0151halomban (Nagy-K\u00fck\u00fcll\u0151m.) telepedett le s egyszersmind K\u0151halomsz\u00e9k f\u0151orvosa volt. \u2013 F.m. : Dissertatio inaug. medica de varioloide vaccina insitorum. (Vindobonae, 1823). [&hellip;]<\/p>\n","protected":false},"featured_media":0,"comment_status":"open","ping_status":"closed","template":"","meta":[],"product_brand":[],"product_cat":[137],"product_tag":[],"class_list":{"0":"post-15868","1":"product","2":"type-product","3":"status-publish","5":"product_cat-maros-megyei-eletrajzi-lexikon","7":"first","8":"instock","9":"shipping-taxable","10":"product-type-simple"},"_links":{"self":[{"href":"https:\/\/uj.adatbank.ro\/lexikon\/wp-json\/wp\/v2\/product\/15868","targetHints":{"allow":["GET"]}}],"collection":[{"href":"https:\/\/uj.adatbank.ro\/lexikon\/wp-json\/wp\/v2\/product"}],"about":[{"href":"https:\/\/uj.adatbank.ro\/lexikon\/wp-json\/wp\/v2\/types\/product"}],"replies":[{"embeddable":true,"href":"https:\/\/uj.adatbank.ro\/lexikon\/wp-json\/wp\/v2\/comments?post=15868"}],"wp:attachment":[{"href":"https:\/\/uj.adatbank.ro\/lexikon\/wp-json\/wp\/v2\/media?parent=15868"}],"wp:term":[{"taxonomy":"product_brand","embeddable":true,"href":"https:\/\/uj.adatbank.ro\/lexikon\/wp-json\/wp\/v2\/product_brand?post=15868"},{"taxonomy":"product_cat","embeddable":true,"href":"https:\/\/uj.adatbank.ro\/lexikon\/wp-json\/wp\/v2\/product_cat?post=15868"},{"taxonomy":"product_tag","embeddable":true,"href":"https:\/\/uj.adatbank.ro\/lexikon\/wp-json\/wp\/v2\/product_tag?post=15868"}],"curies":[{"name":"wp","href":"https:\/\/api.w.org\/{rel}","templated":true}]}}