{"id":15869,"date":"2025-07-15T13:49:50","date_gmt":"2025-07-15T11:49:50","guid":{"rendered":"https:\/\/uj.adatbank.ro\/lexikon\/termek\/muller-mihaly\/"},"modified":"2025-07-15T13:49:50","modified_gmt":"2025-07-15T11:49:50","slug":"muller-mihaly","status":"publish","type":"product","link":"https:\/\/uj.adatbank.ro\/lexikon\/termek\/muller-mihaly\/","title":{"rendered":"M\u00dcLLER Mih\u00e1ly"},"content":{"rendered":"<p>? \u2020 Mv., 1992. okt. 12.: tan\u00e1r, fizikus. \u2013 A faipari Iskolak\u00f6zpontban is tan\u00edtott. El\u0151ad\u00f3tan\u00e1r volt a tan\u00e1rk\u00e9pz\u0151 f\u0151iskol\u00e1n, majd a Bolyai Farkas L\u00edc. tan\u00e1ra. <br \/><strong>Irod.:<\/strong> [Nekrol\u00f3g] (N\u00fa., 1992. okt.13.); Viharban<\/br><\/p>\n","protected":false},"excerpt":{"rendered":"<p>? \u2020 Mv., 1992. okt. 12.: tan\u00e1r, fizikus. \u2013 A faipari Iskolak\u00f6zpontban is tan\u00edtott. El\u0151ad\u00f3tan\u00e1r volt a tan\u00e1rk\u00e9pz\u0151 f\u0151iskol\u00e1n, majd a Bolyai Farkas L\u00edc. tan\u00e1ra. Irod.: [Nekrol\u00f3g] (N\u00fa., 1992. okt.13.); Viharban<\/p>\n","protected":false},"featured_media":0,"comment_status":"open","ping_status":"closed","template":"","meta":[],"product_brand":[],"product_cat":[137],"product_tag":[],"class_list":{"0":"post-15869","1":"product","2":"type-product","3":"status-publish","5":"product_cat-maros-megyei-eletrajzi-lexikon","7":"first","8":"instock","9":"shipping-taxable","10":"product-type-simple"},"_links":{"self":[{"href":"https:\/\/uj.adatbank.ro\/lexikon\/wp-json\/wp\/v2\/product\/15869","targetHints":{"allow":["GET"]}}],"collection":[{"href":"https:\/\/uj.adatbank.ro\/lexikon\/wp-json\/wp\/v2\/product"}],"about":[{"href":"https:\/\/uj.adatbank.ro\/lexikon\/wp-json\/wp\/v2\/types\/product"}],"replies":[{"embeddable":true,"href":"https:\/\/uj.adatbank.ro\/lexikon\/wp-json\/wp\/v2\/comments?post=15869"}],"wp:attachment":[{"href":"https:\/\/uj.adatbank.ro\/lexikon\/wp-json\/wp\/v2\/media?parent=15869"}],"wp:term":[{"taxonomy":"product_brand","embeddable":true,"href":"https:\/\/uj.adatbank.ro\/lexikon\/wp-json\/wp\/v2\/product_brand?post=15869"},{"taxonomy":"product_cat","embeddable":true,"href":"https:\/\/uj.adatbank.ro\/lexikon\/wp-json\/wp\/v2\/product_cat?post=15869"},{"taxonomy":"product_tag","embeddable":true,"href":"https:\/\/uj.adatbank.ro\/lexikon\/wp-json\/wp\/v2\/product_tag?post=15869"}],"curies":[{"name":"wp","href":"https:\/\/api.w.org\/{rel}","templated":true}]}}