{"id":1587,"date":"2025-06-28T11:46:47","date_gmt":"2025-06-28T09:46:47","guid":{"rendered":"https:\/\/uj.adatbank.ro\/lexikon\/termek\/adleff-carl-adleff-karoly\/"},"modified":"2025-06-28T11:46:47","modified_gmt":"2025-06-28T09:46:47","slug":"adleff-carl-adleff-karoly","status":"publish","type":"product","link":"https:\/\/uj.adatbank.ro\/lexikon\/termek\/adleff-carl-adleff-karoly\/","title":{"rendered":"ADLEFF Carl, Adleff K\u00e1roly"},"content":{"rendered":"<p>? \u2020 ? : gy\u00e1riparos \u2013 Fon\u00f3d\u00e1ja volt Segesv\u00e1ron. A Bp.-i Orsz\u00e1gos \u00c1ltal\u00e1nos Ki\u00e1ll.-on kit\u00fcntett\u00e9k (1885). Talp \u00e9s b\u0151rgy\u00e1rat alap\u00edtott (1895). A segesv\u00e1ri Ipari \u00e9s Jelz\u00e1logbank R.T. igazgat\u00f3tan\u00e1csnak a tagja. <br \/><strong>Irod.:<\/strong> Az 1885. \u00e9vi Bp.-i Orsz\u00e1gos \u00c1ltal\u00e1nos Ki\u00e1ll\u00edt\u00e1s (Bp., 1885); A M. Korona orsz\u00e1gainak kivitelk\u00e9pes ipartelepei (Bp, 1897); Pan\u0103; Popa<\/br><\/p>\n","protected":false},"excerpt":{"rendered":"<p>? \u2020 ? : gy\u00e1riparos \u2013 Fon\u00f3d\u00e1ja volt Segesv\u00e1ron. A Bp.-i Orsz\u00e1gos \u00c1ltal\u00e1nos Ki\u00e1ll.-on kit\u00fcntett\u00e9k (1885). Talp \u00e9s b\u0151rgy\u00e1rat alap\u00edtott (1895). A segesv\u00e1ri Ipari \u00e9s Jelz\u00e1logbank R.T. igazgat\u00f3tan\u00e1csnak a tagja. Irod.: Az 1885. \u00e9vi Bp.-i Orsz\u00e1gos \u00c1ltal\u00e1nos Ki\u00e1ll\u00edt\u00e1s (Bp., 1885); A M. Korona orsz\u00e1gainak kivitelk\u00e9pes ipartelepei (Bp, 1897); Pan\u0103; Popa<\/p>\n","protected":false},"featured_media":0,"comment_status":"open","ping_status":"closed","template":"","meta":[],"product_brand":[],"product_cat":[137],"product_tag":[],"class_list":{"0":"post-1587","1":"product","2":"type-product","3":"status-publish","5":"product_cat-maros-megyei-eletrajzi-lexikon","7":"first","8":"instock","9":"shipping-taxable","10":"product-type-simple"},"_links":{"self":[{"href":"https:\/\/uj.adatbank.ro\/lexikon\/wp-json\/wp\/v2\/product\/1587","targetHints":{"allow":["GET"]}}],"collection":[{"href":"https:\/\/uj.adatbank.ro\/lexikon\/wp-json\/wp\/v2\/product"}],"about":[{"href":"https:\/\/uj.adatbank.ro\/lexikon\/wp-json\/wp\/v2\/types\/product"}],"replies":[{"embeddable":true,"href":"https:\/\/uj.adatbank.ro\/lexikon\/wp-json\/wp\/v2\/comments?post=1587"}],"wp:attachment":[{"href":"https:\/\/uj.adatbank.ro\/lexikon\/wp-json\/wp\/v2\/media?parent=1587"}],"wp:term":[{"taxonomy":"product_brand","embeddable":true,"href":"https:\/\/uj.adatbank.ro\/lexikon\/wp-json\/wp\/v2\/product_brand?post=1587"},{"taxonomy":"product_cat","embeddable":true,"href":"https:\/\/uj.adatbank.ro\/lexikon\/wp-json\/wp\/v2\/product_cat?post=1587"},{"taxonomy":"product_tag","embeddable":true,"href":"https:\/\/uj.adatbank.ro\/lexikon\/wp-json\/wp\/v2\/product_tag?post=1587"}],"curies":[{"name":"wp","href":"https:\/\/api.w.org\/{rel}","templated":true}]}}