{"id":15872,"date":"2025-07-15T13:49:55","date_gmt":"2025-07-15T11:49:55","guid":{"rendered":"https:\/\/uj.adatbank.ro\/lexikon\/termek\/mulner-jozsef\/"},"modified":"2025-07-15T13:49:55","modified_gmt":"2025-07-15T11:49:55","slug":"mulner-jozsef","status":"publish","type":"product","link":"https:\/\/uj.adatbank.ro\/lexikon\/termek\/mulner-jozsef\/","title":{"rendered":"M\u00dcLNER J\u00f3zsef"},"content":{"rendered":"<p>1969., \u2020\u00a0Mv., 1993. dec. 3.: sportol\u00f3, az 1989-es forradalom sebes\u00fcltje. \u2013 labdar\u00fag\u00f3 az ASA, k\u00e9s\u0151bb az IRA ifi csapat\u00e1ban.Craiov\u00e1n volt katona (1989. dec. 24. \u00e9jjel l\u0151tt\u00e9k meg), elvesztette az egyik szem\u00e9t, lev\u00e1gt\u00e1k egyik l\u00e1b\u00e1t, a betegs\u00e9g megt\u00e1madta a t\u00fcdej\u00e9t is. Joghallgat\u00f3 volt.<br \/><strong>Irod.:<\/strong> [Nekrol\u00f3g](N\u00fa., 1993.dec. 7); Szucher Ervin: Megk\u00e9sett riport helyett&#8230; (N\u00fa., 1993. dec. 21.)<\/br><\/p>\n","protected":false},"excerpt":{"rendered":"<p>1969., \u2020\u00a0Mv., 1993. dec. 3.: sportol\u00f3, az 1989-es forradalom sebes\u00fcltje. \u2013 labdar\u00fag\u00f3 az ASA, k\u00e9s\u0151bb az IRA ifi csapat\u00e1ban.Craiov\u00e1n volt katona (1989. dec. 24. \u00e9jjel l\u0151tt\u00e9k meg), elvesztette az egyik szem\u00e9t, lev\u00e1gt\u00e1k egyik l\u00e1b\u00e1t, a betegs\u00e9g megt\u00e1madta a t\u00fcdej\u00e9t is. Joghallgat\u00f3 volt.Irod.: [Nekrol\u00f3g](N\u00fa., 1993.dec. 7); Szucher Ervin: Megk\u00e9sett riport helyett&#8230; (N\u00fa., 1993. dec. 21.)<\/p>\n","protected":false},"featured_media":0,"comment_status":"open","ping_status":"closed","template":"","meta":[],"product_brand":[],"product_cat":[137],"product_tag":[],"class_list":{"0":"post-15872","1":"product","2":"type-product","3":"status-publish","5":"product_cat-maros-megyei-eletrajzi-lexikon","7":"first","8":"instock","9":"shipping-taxable","10":"product-type-simple"},"_links":{"self":[{"href":"https:\/\/uj.adatbank.ro\/lexikon\/wp-json\/wp\/v2\/product\/15872","targetHints":{"allow":["GET"]}}],"collection":[{"href":"https:\/\/uj.adatbank.ro\/lexikon\/wp-json\/wp\/v2\/product"}],"about":[{"href":"https:\/\/uj.adatbank.ro\/lexikon\/wp-json\/wp\/v2\/types\/product"}],"replies":[{"embeddable":true,"href":"https:\/\/uj.adatbank.ro\/lexikon\/wp-json\/wp\/v2\/comments?post=15872"}],"wp:attachment":[{"href":"https:\/\/uj.adatbank.ro\/lexikon\/wp-json\/wp\/v2\/media?parent=15872"}],"wp:term":[{"taxonomy":"product_brand","embeddable":true,"href":"https:\/\/uj.adatbank.ro\/lexikon\/wp-json\/wp\/v2\/product_brand?post=15872"},{"taxonomy":"product_cat","embeddable":true,"href":"https:\/\/uj.adatbank.ro\/lexikon\/wp-json\/wp\/v2\/product_cat?post=15872"},{"taxonomy":"product_tag","embeddable":true,"href":"https:\/\/uj.adatbank.ro\/lexikon\/wp-json\/wp\/v2\/product_tag?post=15872"}],"curies":[{"name":"wp","href":"https:\/\/api.w.org\/{rel}","templated":true}]}}