{"id":15875,"date":"2025-07-15T13:50:02","date_gmt":"2025-07-15T11:50:02","guid":{"rendered":"https:\/\/uj.adatbank.ro\/lexikon\/termek\/muncher-vilmos-muncher-wilhelmus\/"},"modified":"2025-07-15T13:50:02","modified_gmt":"2025-07-15T11:50:02","slug":"muncher-vilmos-muncher-wilhelmus","status":"publish","type":"product","link":"https:\/\/uj.adatbank.ro\/lexikon\/termek\/muncher-vilmos-muncher-wilhelmus\/","title":{"rendered":"M\u00dcNCHER Vilmos, M\u00fcncher Wilhelmus"},"content":{"rendered":"<p>? \u2020\u00a0?: asztalos, esk\u00fcdt polg\u00e1r. \u2013 Mv.-en polg\u00e1ri esk\u00fct tett (1771), R\u00e9szt vett a Kir. T\u00e1bla sz\u00e9kh\u00e1z\u00e1nak jav\u00edt\u00e1si munk\u00e1lataiban, k\u00e9t ablakr\u00e1m\u00e1t k\u00e9sz\u00edtett (1775), majd a lev\u00e9lt\u00e1r k\u00fcls\u0151 ajtaj\u00e1t rendelt\u00e9k meg t\u0151le (1799)..- a Mv.-i esk\u00fcdt k\u00f6z\u00f6ns\u00e9g tagja (1791). <br \/><strong>Irod.:<\/strong> Orb\u00e1n J\u00e1nos: A Kir. T\u00e1bla els\u0151 k\u00e9t Mv.-i sz\u00e9kh\u00e1za  =  St\u00edlusok, m\u0171vek, mesterek; P\u00e1l-Antal 2006<\/br><\/p>\n","protected":false},"excerpt":{"rendered":"<p>? \u2020\u00a0?: asztalos, esk\u00fcdt polg\u00e1r. \u2013 Mv.-en polg\u00e1ri esk\u00fct tett (1771), R\u00e9szt vett a Kir. T\u00e1bla sz\u00e9kh\u00e1z\u00e1nak jav\u00edt\u00e1si munk\u00e1lataiban, k\u00e9t ablakr\u00e1m\u00e1t k\u00e9sz\u00edtett (1775), majd a lev\u00e9lt\u00e1r k\u00fcls\u0151 ajtaj\u00e1t rendelt\u00e9k meg t\u0151le (1799)..- a Mv.-i esk\u00fcdt k\u00f6z\u00f6ns\u00e9g tagja (1791). Irod.: Orb\u00e1n J\u00e1nos: A Kir. T\u00e1bla els\u0151 k\u00e9t Mv.-i sz\u00e9kh\u00e1za = St\u00edlusok, m\u0171vek, mesterek; P\u00e1l-Antal 2006<\/p>\n","protected":false},"featured_media":0,"comment_status":"open","ping_status":"closed","template":"","meta":[],"product_brand":[],"product_cat":[137],"product_tag":[],"class_list":{"0":"post-15875","1":"product","2":"type-product","3":"status-publish","5":"product_cat-maros-megyei-eletrajzi-lexikon","7":"first","8":"instock","9":"shipping-taxable","10":"product-type-simple"},"_links":{"self":[{"href":"https:\/\/uj.adatbank.ro\/lexikon\/wp-json\/wp\/v2\/product\/15875","targetHints":{"allow":["GET"]}}],"collection":[{"href":"https:\/\/uj.adatbank.ro\/lexikon\/wp-json\/wp\/v2\/product"}],"about":[{"href":"https:\/\/uj.adatbank.ro\/lexikon\/wp-json\/wp\/v2\/types\/product"}],"replies":[{"embeddable":true,"href":"https:\/\/uj.adatbank.ro\/lexikon\/wp-json\/wp\/v2\/comments?post=15875"}],"wp:attachment":[{"href":"https:\/\/uj.adatbank.ro\/lexikon\/wp-json\/wp\/v2\/media?parent=15875"}],"wp:term":[{"taxonomy":"product_brand","embeddable":true,"href":"https:\/\/uj.adatbank.ro\/lexikon\/wp-json\/wp\/v2\/product_brand?post=15875"},{"taxonomy":"product_cat","embeddable":true,"href":"https:\/\/uj.adatbank.ro\/lexikon\/wp-json\/wp\/v2\/product_cat?post=15875"},{"taxonomy":"product_tag","embeddable":true,"href":"https:\/\/uj.adatbank.ro\/lexikon\/wp-json\/wp\/v2\/product_tag?post=15875"}],"curies":[{"name":"wp","href":"https:\/\/api.w.org\/{rel}","templated":true}]}}