{"id":15878,"date":"2025-07-15T13:50:07","date_gmt":"2025-07-15T11:50:07","guid":{"rendered":"https:\/\/uj.adatbank.ro\/lexikon\/termek\/munker-arnold\/"},"modified":"2025-07-15T13:50:07","modified_gmt":"2025-07-15T11:50:07","slug":"munker-arnold","status":"publish","type":"product","link":"https:\/\/uj.adatbank.ro\/lexikon\/termek\/munker-arnold\/","title":{"rendered":"M\u00dcNKER Arnold"},"content":{"rendered":"<p>? \u2020\u00a0?: \u00fajs\u00e1g\u00edr\u00f3, szerkeszt\u0151. \u2013 Szerkesztette a Maros-Vid\u00e9k t\u00e1rsadalmi , k\u00f6zm\u0171vel\u0151d\u00e9si \u00e9s sz\u00e9pirodalmi foly\u00f3iratot. <br \/><strong>Irod.:<\/strong> Er\u0151ss<\/br><\/p>\n","protected":false},"excerpt":{"rendered":"<p>? \u2020\u00a0?: \u00fajs\u00e1g\u00edr\u00f3, szerkeszt\u0151. \u2013 Szerkesztette a Maros-Vid\u00e9k t\u00e1rsadalmi , k\u00f6zm\u0171vel\u0151d\u00e9si \u00e9s sz\u00e9pirodalmi foly\u00f3iratot. Irod.: Er\u0151ss<\/p>\n","protected":false},"featured_media":0,"comment_status":"open","ping_status":"closed","template":"","meta":[],"product_brand":[],"product_cat":[137],"product_tag":[],"class_list":{"0":"post-15878","1":"product","2":"type-product","3":"status-publish","5":"product_cat-maros-megyei-eletrajzi-lexikon","7":"first","8":"instock","9":"shipping-taxable","10":"product-type-simple"},"_links":{"self":[{"href":"https:\/\/uj.adatbank.ro\/lexikon\/wp-json\/wp\/v2\/product\/15878","targetHints":{"allow":["GET"]}}],"collection":[{"href":"https:\/\/uj.adatbank.ro\/lexikon\/wp-json\/wp\/v2\/product"}],"about":[{"href":"https:\/\/uj.adatbank.ro\/lexikon\/wp-json\/wp\/v2\/types\/product"}],"replies":[{"embeddable":true,"href":"https:\/\/uj.adatbank.ro\/lexikon\/wp-json\/wp\/v2\/comments?post=15878"}],"wp:attachment":[{"href":"https:\/\/uj.adatbank.ro\/lexikon\/wp-json\/wp\/v2\/media?parent=15878"}],"wp:term":[{"taxonomy":"product_brand","embeddable":true,"href":"https:\/\/uj.adatbank.ro\/lexikon\/wp-json\/wp\/v2\/product_brand?post=15878"},{"taxonomy":"product_cat","embeddable":true,"href":"https:\/\/uj.adatbank.ro\/lexikon\/wp-json\/wp\/v2\/product_cat?post=15878"},{"taxonomy":"product_tag","embeddable":true,"href":"https:\/\/uj.adatbank.ro\/lexikon\/wp-json\/wp\/v2\/product_tag?post=15878"}],"curies":[{"name":"wp","href":"https:\/\/api.w.org\/{rel}","templated":true}]}}