{"id":15879,"date":"2025-07-15T13:50:10","date_gmt":"2025-07-15T11:50:10","guid":{"rendered":"https:\/\/uj.adatbank.ro\/lexikon\/termek\/munkher-jozsef\/"},"modified":"2025-07-15T13:50:10","modified_gmt":"2025-07-15T11:50:10","slug":"munkher-jozsef","status":"publish","type":"product","link":"https:\/\/uj.adatbank.ro\/lexikon\/termek\/munkher-jozsef\/","title":{"rendered":"M\u00dcNKHER J\u00f3zsef"},"content":{"rendered":"<p>? \u2020 Mv., 1860. j\u00fal. 16.: \u00edrnok. \u2013 Feles\u00e9ge: Csengeri K\u00e1rolina. Gyermekeik: \u00c1rnold, G\u00e9za, Berta, Emma. \u2013 Kir. k\u00f6z\u00fcgyigazgat\u00f3s\u00e1gi irnok, cs. Kir. t\u00f6rv\u00e9nysz\u00e9ki hivatalnok (16 \u00e9vig). <br \/><strong>Irod.:<\/strong> Gy\u00e1szjelent\u0151<\/br><\/p>\n","protected":false},"excerpt":{"rendered":"<p>? \u2020 Mv., 1860. j\u00fal. 16.: \u00edrnok. \u2013 Feles\u00e9ge: Csengeri K\u00e1rolina. Gyermekeik: \u00c1rnold, G\u00e9za, Berta, Emma. \u2013 Kir. k\u00f6z\u00fcgyigazgat\u00f3s\u00e1gi irnok, cs. Kir. t\u00f6rv\u00e9nysz\u00e9ki hivatalnok (16 \u00e9vig). Irod.: Gy\u00e1szjelent\u0151<\/p>\n","protected":false},"featured_media":0,"comment_status":"open","ping_status":"closed","template":"","meta":[],"product_brand":[],"product_cat":[137],"product_tag":[],"class_list":{"0":"post-15879","1":"product","2":"type-product","3":"status-publish","5":"product_cat-maros-megyei-eletrajzi-lexikon","7":"first","8":"instock","9":"shipping-taxable","10":"product-type-simple"},"_links":{"self":[{"href":"https:\/\/uj.adatbank.ro\/lexikon\/wp-json\/wp\/v2\/product\/15879","targetHints":{"allow":["GET"]}}],"collection":[{"href":"https:\/\/uj.adatbank.ro\/lexikon\/wp-json\/wp\/v2\/product"}],"about":[{"href":"https:\/\/uj.adatbank.ro\/lexikon\/wp-json\/wp\/v2\/types\/product"}],"replies":[{"embeddable":true,"href":"https:\/\/uj.adatbank.ro\/lexikon\/wp-json\/wp\/v2\/comments?post=15879"}],"wp:attachment":[{"href":"https:\/\/uj.adatbank.ro\/lexikon\/wp-json\/wp\/v2\/media?parent=15879"}],"wp:term":[{"taxonomy":"product_brand","embeddable":true,"href":"https:\/\/uj.adatbank.ro\/lexikon\/wp-json\/wp\/v2\/product_brand?post=15879"},{"taxonomy":"product_cat","embeddable":true,"href":"https:\/\/uj.adatbank.ro\/lexikon\/wp-json\/wp\/v2\/product_cat?post=15879"},{"taxonomy":"product_tag","embeddable":true,"href":"https:\/\/uj.adatbank.ro\/lexikon\/wp-json\/wp\/v2\/product_tag?post=15879"}],"curies":[{"name":"wp","href":"https:\/\/api.w.org\/{rel}","templated":true}]}}