{"id":1588,"date":"2025-06-28T11:46:50","date_gmt":"2025-06-28T09:46:50","guid":{"rendered":"https:\/\/uj.adatbank.ro\/lexikon\/termek\/adleff-johann-adlephius-joannes\/"},"modified":"2025-06-28T11:46:50","modified_gmt":"2025-06-28T09:46:50","slug":"adleff-johann-adlephius-joannes","status":"publish","type":"product","link":"https:\/\/uj.adatbank.ro\/lexikon\/termek\/adleff-johann-adlephius-joannes\/","title":{"rendered":"ADLEFF Johann, Adlephius, Joannes"},"content":{"rendered":"<p>Sz\u00e1szr\u00e9gen,1731. okt. 5.,\u2020 Petele, 1774. m\u00e1j. 15.: luther\u00e1nus ev. lelk\u00e9sz. \u2013 Wittenbergben tanult (1731. okt. 5.\u2013). Erd\u00e9lybe visszat\u00e9rve egyh\u00e1zi szolg\u00e1latba l\u00e9pett: Magyarigenben (1748-ig), Als\u00f3idecsen, majd Petel\u00e9n volt lelk\u00e9sz (1756\u2013). <br \/><strong>Irod.:<\/strong> Szab\u00f3\u2013Sz\u00f6gi<\/br><\/p>\n","protected":false},"excerpt":{"rendered":"<p>Sz\u00e1szr\u00e9gen,1731. okt. 5.,\u2020 Petele, 1774. m\u00e1j. 15.: luther\u00e1nus ev. lelk\u00e9sz. \u2013 Wittenbergben tanult (1731. okt. 5.\u2013). Erd\u00e9lybe visszat\u00e9rve egyh\u00e1zi szolg\u00e1latba l\u00e9pett: Magyarigenben (1748-ig), Als\u00f3idecsen, majd Petel\u00e9n volt lelk\u00e9sz (1756\u2013). Irod.: Szab\u00f3\u2013Sz\u00f6gi<\/p>\n","protected":false},"featured_media":0,"comment_status":"open","ping_status":"closed","template":"","meta":[],"product_brand":[],"product_cat":[137],"product_tag":[],"class_list":{"0":"post-1588","1":"product","2":"type-product","3":"status-publish","5":"product_cat-maros-megyei-eletrajzi-lexikon","7":"first","8":"instock","9":"shipping-taxable","10":"product-type-simple"},"_links":{"self":[{"href":"https:\/\/uj.adatbank.ro\/lexikon\/wp-json\/wp\/v2\/product\/1588","targetHints":{"allow":["GET"]}}],"collection":[{"href":"https:\/\/uj.adatbank.ro\/lexikon\/wp-json\/wp\/v2\/product"}],"about":[{"href":"https:\/\/uj.adatbank.ro\/lexikon\/wp-json\/wp\/v2\/types\/product"}],"replies":[{"embeddable":true,"href":"https:\/\/uj.adatbank.ro\/lexikon\/wp-json\/wp\/v2\/comments?post=1588"}],"wp:attachment":[{"href":"https:\/\/uj.adatbank.ro\/lexikon\/wp-json\/wp\/v2\/media?parent=1588"}],"wp:term":[{"taxonomy":"product_brand","embeddable":true,"href":"https:\/\/uj.adatbank.ro\/lexikon\/wp-json\/wp\/v2\/product_brand?post=1588"},{"taxonomy":"product_cat","embeddable":true,"href":"https:\/\/uj.adatbank.ro\/lexikon\/wp-json\/wp\/v2\/product_cat?post=1588"},{"taxonomy":"product_tag","embeddable":true,"href":"https:\/\/uj.adatbank.ro\/lexikon\/wp-json\/wp\/v2\/product_tag?post=1588"}],"curies":[{"name":"wp","href":"https:\/\/api.w.org\/{rel}","templated":true}]}}