{"id":15889,"date":"2025-07-15T13:50:31","date_gmt":"2025-07-15T11:50:31","guid":{"rendered":"https:\/\/uj.adatbank.ro\/lexikon\/termek\/munteanu-eugeniu\/"},"modified":"2025-07-15T13:50:31","modified_gmt":"2025-07-15T11:50:31","slug":"munteanu-eugeniu","status":"publish","type":"product","link":"https:\/\/uj.adatbank.ro\/lexikon\/termek\/munteanu-eugeniu\/","title":{"rendered":"MUNTEANU, Eugeniu"},"content":{"rendered":"<p>Sz\u00e1szk\u00e9zd (Maros), 1887. j\u00fan. 16., \u2020 ? : tan\u00e1r. \u2013 Teol\u00f3gi\u00e1t \u00e9s filol\u00f3gi\u00e1t v\u00e9gzett. Az erzs\u00e9betv\u00e1rosi szakiskola tan\u00e1cs\u00e1nak eln\u00f6ke, megalap\u00edt\u00e1s\u00e1t\u00f3l kezdve, eln\u00f6ke a keresked\u0151k egyes\u00fclet\u00e9nek, a Kisk\u00fck\u00fcll\u0151 vid\u00e9ki liber\u00e1lis p\u00e1rt aleln\u00f6ke, szen\u00e1tor (1927\u201333). \u2013 F. m.\u00a0: Din durerile noastre trecute \u015fi prezente (Agnita, 1923). <br \/><strong>Irod.:<\/strong> Predescu<\/br><\/p>\n","protected":false},"excerpt":{"rendered":"<p>Sz\u00e1szk\u00e9zd (Maros), 1887. j\u00fan. 16., \u2020 ? : tan\u00e1r. \u2013 Teol\u00f3gi\u00e1t \u00e9s filol\u00f3gi\u00e1t v\u00e9gzett. Az erzs\u00e9betv\u00e1rosi szakiskola tan\u00e1cs\u00e1nak eln\u00f6ke, megalap\u00edt\u00e1s\u00e1t\u00f3l kezdve, eln\u00f6ke a keresked\u0151k egyes\u00fclet\u00e9nek, a Kisk\u00fck\u00fcll\u0151 vid\u00e9ki liber\u00e1lis p\u00e1rt aleln\u00f6ke, szen\u00e1tor (1927\u201333). \u2013 F. m.\u00a0: Din durerile noastre trecute \u015fi prezente (Agnita, 1923). Irod.: Predescu<\/p>\n","protected":false},"featured_media":0,"comment_status":"open","ping_status":"closed","template":"","meta":[],"product_brand":[],"product_cat":[137],"product_tag":[],"class_list":{"0":"post-15889","1":"product","2":"type-product","3":"status-publish","5":"product_cat-maros-megyei-eletrajzi-lexikon","7":"first","8":"instock","9":"shipping-taxable","10":"product-type-simple"},"_links":{"self":[{"href":"https:\/\/uj.adatbank.ro\/lexikon\/wp-json\/wp\/v2\/product\/15889","targetHints":{"allow":["GET"]}}],"collection":[{"href":"https:\/\/uj.adatbank.ro\/lexikon\/wp-json\/wp\/v2\/product"}],"about":[{"href":"https:\/\/uj.adatbank.ro\/lexikon\/wp-json\/wp\/v2\/types\/product"}],"replies":[{"embeddable":true,"href":"https:\/\/uj.adatbank.ro\/lexikon\/wp-json\/wp\/v2\/comments?post=15889"}],"wp:attachment":[{"href":"https:\/\/uj.adatbank.ro\/lexikon\/wp-json\/wp\/v2\/media?parent=15889"}],"wp:term":[{"taxonomy":"product_brand","embeddable":true,"href":"https:\/\/uj.adatbank.ro\/lexikon\/wp-json\/wp\/v2\/product_brand?post=15889"},{"taxonomy":"product_cat","embeddable":true,"href":"https:\/\/uj.adatbank.ro\/lexikon\/wp-json\/wp\/v2\/product_cat?post=15889"},{"taxonomy":"product_tag","embeddable":true,"href":"https:\/\/uj.adatbank.ro\/lexikon\/wp-json\/wp\/v2\/product_tag?post=15889"}],"curies":[{"name":"wp","href":"https:\/\/api.w.org\/{rel}","templated":true}]}}