{"id":1589,"date":"2025-06-28T11:46:51","date_gmt":"2025-06-28T09:46:51","guid":{"rendered":"https:\/\/uj.adatbank.ro\/lexikon\/termek\/adleff-josefine\/"},"modified":"2025-06-28T11:46:51","modified_gmt":"2025-06-28T09:46:51","slug":"adleff-josefine","status":"publish","type":"product","link":"https:\/\/uj.adatbank.ro\/lexikon\/termek\/adleff-josefine\/","title":{"rendered":"ADLEFF Josefine"},"content":{"rendered":"<p>? \u2020 Mv., 1908. m\u00e1rc. 28.: tan\u00edt\u00f3n\u0151. \u2013 Ben\u00e9ben volt tan\u00edt\u00f3n\u0151, majd Mv.-en v\u00e1lasztott\u00e1k meg az ev. iskol\u00e1ba (1903\u2013). <br \/><strong>Irod.:<\/strong> Beyer<\/br><\/p>\n","protected":false},"excerpt":{"rendered":"<p>? \u2020 Mv., 1908. m\u00e1rc. 28.: tan\u00edt\u00f3n\u0151. \u2013 Ben\u00e9ben volt tan\u00edt\u00f3n\u0151, majd Mv.-en v\u00e1lasztott\u00e1k meg az ev. iskol\u00e1ba (1903\u2013). Irod.: Beyer<\/p>\n","protected":false},"featured_media":0,"comment_status":"open","ping_status":"closed","template":"","meta":[],"product_brand":[],"product_cat":[137],"product_tag":[],"class_list":{"0":"post-1589","1":"product","2":"type-product","3":"status-publish","5":"product_cat-maros-megyei-eletrajzi-lexikon","7":"first","8":"instock","9":"shipping-taxable","10":"product-type-simple"},"_links":{"self":[{"href":"https:\/\/uj.adatbank.ro\/lexikon\/wp-json\/wp\/v2\/product\/1589","targetHints":{"allow":["GET"]}}],"collection":[{"href":"https:\/\/uj.adatbank.ro\/lexikon\/wp-json\/wp\/v2\/product"}],"about":[{"href":"https:\/\/uj.adatbank.ro\/lexikon\/wp-json\/wp\/v2\/types\/product"}],"replies":[{"embeddable":true,"href":"https:\/\/uj.adatbank.ro\/lexikon\/wp-json\/wp\/v2\/comments?post=1589"}],"wp:attachment":[{"href":"https:\/\/uj.adatbank.ro\/lexikon\/wp-json\/wp\/v2\/media?parent=1589"}],"wp:term":[{"taxonomy":"product_brand","embeddable":true,"href":"https:\/\/uj.adatbank.ro\/lexikon\/wp-json\/wp\/v2\/product_brand?post=1589"},{"taxonomy":"product_cat","embeddable":true,"href":"https:\/\/uj.adatbank.ro\/lexikon\/wp-json\/wp\/v2\/product_cat?post=1589"},{"taxonomy":"product_tag","embeddable":true,"href":"https:\/\/uj.adatbank.ro\/lexikon\/wp-json\/wp\/v2\/product_tag?post=1589"}],"curies":[{"name":"wp","href":"https:\/\/api.w.org\/{rel}","templated":true}]}}