{"id":15890,"date":"2025-07-15T13:50:33","date_gmt":"2025-07-15T11:50:33","guid":{"rendered":"https:\/\/uj.adatbank.ro\/lexikon\/termek\/munteanu-gheorghe\/"},"modified":"2025-07-15T13:50:33","modified_gmt":"2025-07-15T11:50:33","slug":"munteanu-gheorghe","status":"publish","type":"product","link":"https:\/\/uj.adatbank.ro\/lexikon\/termek\/munteanu-gheorghe\/","title":{"rendered":"MUNTEANU, Gheorghe"},"content":{"rendered":"<p>1905 \u2020 ?: \u00fcgyn\u00f6k. \u2013 Egykori Siguranca \u00fcgyn\u00f6k. A kommunist\u00e1k hatalomra ker\u00fcl\u00e9se ut\u00e1n letart\u00f3ztatt\u00e1k, t\u00f6rv\u00e9nysz\u00e9k el\u00e9 \u00e1ll\u00edtott\u00e1k (1954). Az ellene felhozott v\u00e1dak k\u00f6z\u00f6tt szerepelt, h.\u00fcld\u00f6zte a kommunist\u00e1kat, sz\u00f6kev\u00e9nyeket tart\u00f3ztatott le Antonescu hadsereg\u00e9b\u0151l, titkos \u00fcgyn\u00f6k\u00f6ket szervezett be. <br \/><strong>Irod.:<\/strong> Balint<\/br><\/p>\n","protected":false},"excerpt":{"rendered":"<p>1905 \u2020 ?: \u00fcgyn\u00f6k. \u2013 Egykori Siguranca \u00fcgyn\u00f6k. A kommunist\u00e1k hatalomra ker\u00fcl\u00e9se ut\u00e1n letart\u00f3ztatt\u00e1k, t\u00f6rv\u00e9nysz\u00e9k el\u00e9 \u00e1ll\u00edtott\u00e1k (1954). Az ellene felhozott v\u00e1dak k\u00f6z\u00f6tt szerepelt, h.\u00fcld\u00f6zte a kommunist\u00e1kat, sz\u00f6kev\u00e9nyeket tart\u00f3ztatott le Antonescu hadsereg\u00e9b\u0151l, titkos \u00fcgyn\u00f6k\u00f6ket szervezett be. Irod.: Balint<\/p>\n","protected":false},"featured_media":0,"comment_status":"open","ping_status":"closed","template":"","meta":[],"product_brand":[],"product_cat":[137],"product_tag":[],"class_list":{"0":"post-15890","1":"product","2":"type-product","3":"status-publish","5":"product_cat-maros-megyei-eletrajzi-lexikon","7":"first","8":"instock","9":"shipping-taxable","10":"product-type-simple"},"_links":{"self":[{"href":"https:\/\/uj.adatbank.ro\/lexikon\/wp-json\/wp\/v2\/product\/15890","targetHints":{"allow":["GET"]}}],"collection":[{"href":"https:\/\/uj.adatbank.ro\/lexikon\/wp-json\/wp\/v2\/product"}],"about":[{"href":"https:\/\/uj.adatbank.ro\/lexikon\/wp-json\/wp\/v2\/types\/product"}],"replies":[{"embeddable":true,"href":"https:\/\/uj.adatbank.ro\/lexikon\/wp-json\/wp\/v2\/comments?post=15890"}],"wp:attachment":[{"href":"https:\/\/uj.adatbank.ro\/lexikon\/wp-json\/wp\/v2\/media?parent=15890"}],"wp:term":[{"taxonomy":"product_brand","embeddable":true,"href":"https:\/\/uj.adatbank.ro\/lexikon\/wp-json\/wp\/v2\/product_brand?post=15890"},{"taxonomy":"product_cat","embeddable":true,"href":"https:\/\/uj.adatbank.ro\/lexikon\/wp-json\/wp\/v2\/product_cat?post=15890"},{"taxonomy":"product_tag","embeddable":true,"href":"https:\/\/uj.adatbank.ro\/lexikon\/wp-json\/wp\/v2\/product_tag?post=15890"}],"curies":[{"name":"wp","href":"https:\/\/api.w.org\/{rel}","templated":true}]}}