{"id":15894,"date":"2025-07-15T13:50:42","date_gmt":"2025-07-15T11:50:42","guid":{"rendered":"https:\/\/uj.adatbank.ro\/lexikon\/termek\/munteanu-mihai\/"},"modified":"2025-07-15T13:50:42","modified_gmt":"2025-07-15T11:50:42","slug":"munteanu-mihai","status":"publish","type":"product","link":"https:\/\/uj.adatbank.ro\/lexikon\/termek\/munteanu-mihai\/","title":{"rendered":"MUNTEANU, Mihai"},"content":{"rendered":"<p>? \u2020 ?: ort.. pap. \u2013 Papp\u00e1 szentelt\u00e9k (1771). Sz\u00e9lk\u00fatban szolg\u00e1lt, abban az id\u0151ben 102 ort. csal\u00e1d \u00e9lt a faluban, \u00e9s az \u0151 idej\u00e9ben \u00e9p\u00fclt az ort. fatemplom (1793). <br \/><strong>Irod.:<\/strong> S\u0103lcud<\/br><\/p>\n","protected":false},"excerpt":{"rendered":"<p>? \u2020 ?: ort.. pap. \u2013 Papp\u00e1 szentelt\u00e9k (1771). Sz\u00e9lk\u00fatban szolg\u00e1lt, abban az id\u0151ben 102 ort. csal\u00e1d \u00e9lt a faluban, \u00e9s az \u0151 idej\u00e9ben \u00e9p\u00fclt az ort. fatemplom (1793). Irod.: S\u0103lcud<\/p>\n","protected":false},"featured_media":0,"comment_status":"open","ping_status":"closed","template":"","meta":[],"product_brand":[],"product_cat":[137],"product_tag":[],"class_list":{"0":"post-15894","1":"product","2":"type-product","3":"status-publish","5":"product_cat-maros-megyei-eletrajzi-lexikon","7":"first","8":"instock","9":"shipping-taxable","10":"product-type-simple"},"_links":{"self":[{"href":"https:\/\/uj.adatbank.ro\/lexikon\/wp-json\/wp\/v2\/product\/15894","targetHints":{"allow":["GET"]}}],"collection":[{"href":"https:\/\/uj.adatbank.ro\/lexikon\/wp-json\/wp\/v2\/product"}],"about":[{"href":"https:\/\/uj.adatbank.ro\/lexikon\/wp-json\/wp\/v2\/types\/product"}],"replies":[{"embeddable":true,"href":"https:\/\/uj.adatbank.ro\/lexikon\/wp-json\/wp\/v2\/comments?post=15894"}],"wp:attachment":[{"href":"https:\/\/uj.adatbank.ro\/lexikon\/wp-json\/wp\/v2\/media?parent=15894"}],"wp:term":[{"taxonomy":"product_brand","embeddable":true,"href":"https:\/\/uj.adatbank.ro\/lexikon\/wp-json\/wp\/v2\/product_brand?post=15894"},{"taxonomy":"product_cat","embeddable":true,"href":"https:\/\/uj.adatbank.ro\/lexikon\/wp-json\/wp\/v2\/product_cat?post=15894"},{"taxonomy":"product_tag","embeddable":true,"href":"https:\/\/uj.adatbank.ro\/lexikon\/wp-json\/wp\/v2\/product_tag?post=15894"}],"curies":[{"name":"wp","href":"https:\/\/api.w.org\/{rel}","templated":true}]}}