{"id":15899,"date":"2025-07-15T13:50:49","date_gmt":"2025-07-15T11:50:49","guid":{"rendered":"https:\/\/uj.adatbank.ro\/lexikon\/termek\/muntenescu-vasile-berbecariu-%c2%a7-alneve-vasile-berbecariu\/"},"modified":"2025-07-15T13:50:49","modified_gmt":"2025-07-15T11:50:49","slug":"muntenescu-vasile-berbecariu-%c2%a7-alneve-vasile-berbecariu","status":"publish","type":"product","link":"https:\/\/uj.adatbank.ro\/lexikon\/termek\/muntenescu-vasile-berbecariu-%c2%a7-alneve-vasile-berbecariu\/","title":{"rendered":"MUNTENESCU, Vasile Berbecariu, \u00a7 \u00e1lneve: Vasile Berbecariu"},"content":{"rendered":"<p>Mez\u0151k\u00f6b\u00f6lk\u00fat 1858., \u2020 Dics\u0151szentm\u00e1rton, 1942. m\u00e1j. 14.: g. kat. pap, k\u00f6lt\u0151, m\u0171ford\u00edt\u00f3. \u2013 Tanult sz\u00fcl\u0151faluj\u00e1ban, Bal\u00e1zsfalv\u00e1n a gimn\u00e1ziumban (1989\u201377) \u00e9s tanulm\u00e1nyait a Teol\u00f3giai Int\u00e9zetben folytatta, ahol papp\u00e1 szentelt\u00e9k. G. kat. pap Marosd\u00e1toson (1882\u2013), Borz\u00e1son (ma Dics\u0151szentm\u00e1rtonhoz tartozik) (1889\u20131902), majd Beszterc\u00e9n \u00e9s Erzs\u00e9betv\u00e1roson, G\u00f6rg\u00e9nyoroszfalun (1902\u201338), ahol iskol\u00e1t, rom\u00e1n st\u00edlus\u00fa templomot, falfestm\u00e9nyeit a mv.-i Pop Nicolae k\u00e9sz\u00edtette, (1926) \u00e9s papi lak\u00e1st \u00e9p\u00edttetett. Tagja az \u201eAstra\u201d-nak, felemeli szav\u00e1t a rom\u00e1ns\u00e1g jogai\u00e9rt, letartoztatt\u00e1k \u00e9s Fert\u0151meggyesre (Magyaro.) deport\u00e1lt\u00e1k (1916\u201318), kiszabadult (1918 m\u00e1j.), \u00e9s bekapcsol\u00f3dik a g\u00f6rg\u00e9nyv\u00f6lgyiek mozgalmaiba, G\u00f6rg\u00e9nyoroszfal\u00fa hivatalos k\u00fcld\u00f6tte a gyulafeh\u00e9rv\u00e1ri nagygy\u0171l\u00e9sen (1918. dec. 1.). Nyugd\u00edjba vonult (1938), elmenek\u00fclt (1940). Cikke \u00e9s verse: Gazeta Transilvaniei, Unirea, Familia, Tribuna-ban. \u2013 <strong>F. m.:<\/strong> Carmen (versuri; Cluj, 1909); De la noi din sat (versuri; Cluj, 1909); Blajul nostru (versuri; Reghin, 1930); Din temni\u0163\u0103 \u015fi exil (1916\u20131918) (versuri; Reghin, 1930); <strong>ford.:<\/strong> C\u00e2nt\u0103rile Evangheliei (Mihai Brumaru, Vasile Berbecariu; Bp., 1913); Roy, Cristine: F\u0103r\u0103 Dumnezeu \u00een lume (Bp., 1918). <br \/><strong>Irod.:<\/strong> Bosoanc\u0103; Cosma; Guly\u00e1s; Gurghiu; Jurnalul de Mures (1995. szept. 25\u2013); Reghin, Protopopiat; Tanco<\/br><\/p>\n","protected":false},"excerpt":{"rendered":"<p>Mez\u0151k\u00f6b\u00f6lk\u00fat 1858., \u2020 Dics\u0151szentm\u00e1rton, 1942. m\u00e1j. 14.: g. kat. pap, k\u00f6lt\u0151, m\u0171ford\u00edt\u00f3. \u2013 Tanult sz\u00fcl\u0151faluj\u00e1ban, Bal\u00e1zsfalv\u00e1n a gimn\u00e1ziumban (1989\u201377) \u00e9s tanulm\u00e1nyait a Teol\u00f3giai Int\u00e9zetben folytatta, ahol papp\u00e1 szentelt\u00e9k. G. kat. pap Marosd\u00e1toson (1882\u2013), Borz\u00e1son (ma Dics\u0151szentm\u00e1rtonhoz tartozik) (1889\u20131902), majd Beszterc\u00e9n \u00e9s Erzs\u00e9betv\u00e1roson, G\u00f6rg\u00e9nyoroszfalun (1902\u201338), ahol iskol\u00e1t, rom\u00e1n st\u00edlus\u00fa templomot, falfestm\u00e9nyeit a mv.-i Pop Nicolae k\u00e9sz\u00edtette, [&hellip;]<\/p>\n","protected":false},"featured_media":0,"comment_status":"open","ping_status":"closed","template":"","meta":[],"product_brand":[],"product_cat":[137],"product_tag":[],"class_list":{"0":"post-15899","1":"product","2":"type-product","3":"status-publish","5":"product_cat-maros-megyei-eletrajzi-lexikon","7":"first","8":"instock","9":"shipping-taxable","10":"product-type-simple"},"_links":{"self":[{"href":"https:\/\/uj.adatbank.ro\/lexikon\/wp-json\/wp\/v2\/product\/15899","targetHints":{"allow":["GET"]}}],"collection":[{"href":"https:\/\/uj.adatbank.ro\/lexikon\/wp-json\/wp\/v2\/product"}],"about":[{"href":"https:\/\/uj.adatbank.ro\/lexikon\/wp-json\/wp\/v2\/types\/product"}],"replies":[{"embeddable":true,"href":"https:\/\/uj.adatbank.ro\/lexikon\/wp-json\/wp\/v2\/comments?post=15899"}],"wp:attachment":[{"href":"https:\/\/uj.adatbank.ro\/lexikon\/wp-json\/wp\/v2\/media?parent=15899"}],"wp:term":[{"taxonomy":"product_brand","embeddable":true,"href":"https:\/\/uj.adatbank.ro\/lexikon\/wp-json\/wp\/v2\/product_brand?post=15899"},{"taxonomy":"product_cat","embeddable":true,"href":"https:\/\/uj.adatbank.ro\/lexikon\/wp-json\/wp\/v2\/product_cat?post=15899"},{"taxonomy":"product_tag","embeddable":true,"href":"https:\/\/uj.adatbank.ro\/lexikon\/wp-json\/wp\/v2\/product_tag?post=15899"}],"curies":[{"name":"wp","href":"https:\/\/api.w.org\/{rel}","templated":true}]}}