{"id":1590,"date":"2025-06-28T11:46:52","date_gmt":"2025-06-28T09:46:52","guid":{"rendered":"https:\/\/uj.adatbank.ro\/lexikon\/termek\/adleff-julius-adleff-gyula\/"},"modified":"2025-06-28T11:46:52","modified_gmt":"2025-06-28T09:46:52","slug":"adleff-julius-adleff-gyula","status":"publish","type":"product","link":"https:\/\/uj.adatbank.ro\/lexikon\/termek\/adleff-julius-adleff-gyula\/","title":{"rendered":"ADLEFF Julius, Adleff Gyula"},"content":{"rendered":"<p>Segesv\u00e1r, 1886. febr. 3.,\u2020 ? : bankvez\u00e9rigazgat\u00f3. \u2013 Apja poszt\u00f3gy\u00e1ros volt. \u2013 Segesv\u00e1ron \u00e9retts\u00e9gizett, Kv.-on \u00e9s K\u00f6ln-ben Kereskedelmi F\u0151isk.-\u00e1n tanult (1905. okt. 24.\u2013). Kereskedelmi \u00e9s banktev\u00e9kenys\u00e9get folytatott. Segesv\u00e1ron az Egyes\u00fclt Ipar \u00e9s Jelz\u00e1logbank Rt-hez ker\u00fclt (1906), ahol vez\u00e9rigazgat\u00f3 lett (1922). A vezet\u00e9se alatt \u00e1ll\u00f3 p\u00e9nzint\u00e9zet sz\u00f6vetkezetk\u00e9nt j\u00f6tt l\u00e9tre (1862), majd rt.-v\u00e9 alakult (1908). A sz\u00e1szf\u00f6ld egyik p\u00e9nz\u00fcgyi szaktekint\u00e9lye volt, v\u00e1rmegyei bizotts\u00e1gi tag, a gazdas\u00e1gi \u00fcgyek referense, a helybeli selyemgy\u00e1r, a Transsylv\u00e1nia Biztos\u00edt\u00f3 T\u00e1rsas\u00e1g, az Erd\u00e9lyi Egyleti Bank igazgat\u00f3s\u00e1g\u00e1nak tagja. Vezet\u0151 szerepet t\u00f6lt\u00f6tt be m\u00e1s kereskedelmi \u00e9s gazdas\u00e1gi egyes\u00fcletekben is. Mint politikus a sz\u00e1szok Nagyk\u00fck\u00fcll\u0151 megyei szervezet\u00e9nek eln\u00f6ke, a luter\u00e1nus egyh\u00e1z tan\u00e1csosa volt. Magas sz\u00ednvonal\u00fa gazdas\u00e1gi el\u0151ad\u00e1sokat tartott Segesv\u00e1ron. <br \/><strong>Irod.:<\/strong> EBKL; Ki kicsoda ?; MMK; Szab\u00f3\u2013Simon\u2013Sz\u00f6gi<\/br><\/p>\n","protected":false},"excerpt":{"rendered":"<p>Segesv\u00e1r, 1886. febr. 3.,\u2020 ? : bankvez\u00e9rigazgat\u00f3. \u2013 Apja poszt\u00f3gy\u00e1ros volt. \u2013 Segesv\u00e1ron \u00e9retts\u00e9gizett, Kv.-on \u00e9s K\u00f6ln-ben Kereskedelmi F\u0151isk.-\u00e1n tanult (1905. okt. 24.\u2013). Kereskedelmi \u00e9s banktev\u00e9kenys\u00e9get folytatott. Segesv\u00e1ron az Egyes\u00fclt Ipar \u00e9s Jelz\u00e1logbank Rt-hez ker\u00fclt (1906), ahol vez\u00e9rigazgat\u00f3 lett (1922). A vezet\u00e9se alatt \u00e1ll\u00f3 p\u00e9nzint\u00e9zet sz\u00f6vetkezetk\u00e9nt j\u00f6tt l\u00e9tre (1862), majd rt.-v\u00e9 alakult (1908). A sz\u00e1szf\u00f6ld [&hellip;]<\/p>\n","protected":false},"featured_media":0,"comment_status":"open","ping_status":"closed","template":"","meta":[],"product_brand":[],"product_cat":[137],"product_tag":[],"class_list":{"0":"post-1590","1":"product","2":"type-product","3":"status-publish","5":"product_cat-maros-megyei-eletrajzi-lexikon","7":"first","8":"instock","9":"shipping-taxable","10":"product-type-simple"},"_links":{"self":[{"href":"https:\/\/uj.adatbank.ro\/lexikon\/wp-json\/wp\/v2\/product\/1590","targetHints":{"allow":["GET"]}}],"collection":[{"href":"https:\/\/uj.adatbank.ro\/lexikon\/wp-json\/wp\/v2\/product"}],"about":[{"href":"https:\/\/uj.adatbank.ro\/lexikon\/wp-json\/wp\/v2\/types\/product"}],"replies":[{"embeddable":true,"href":"https:\/\/uj.adatbank.ro\/lexikon\/wp-json\/wp\/v2\/comments?post=1590"}],"wp:attachment":[{"href":"https:\/\/uj.adatbank.ro\/lexikon\/wp-json\/wp\/v2\/media?parent=1590"}],"wp:term":[{"taxonomy":"product_brand","embeddable":true,"href":"https:\/\/uj.adatbank.ro\/lexikon\/wp-json\/wp\/v2\/product_brand?post=1590"},{"taxonomy":"product_cat","embeddable":true,"href":"https:\/\/uj.adatbank.ro\/lexikon\/wp-json\/wp\/v2\/product_cat?post=1590"},{"taxonomy":"product_tag","embeddable":true,"href":"https:\/\/uj.adatbank.ro\/lexikon\/wp-json\/wp\/v2\/product_tag?post=1590"}],"curies":[{"name":"wp","href":"https:\/\/api.w.org\/{rel}","templated":true}]}}