{"id":15902,"date":"2025-07-15T13:50:54","date_gmt":"2025-07-15T11:50:54","guid":{"rendered":"https:\/\/uj.adatbank.ro\/lexikon\/termek\/muranyi\/"},"modified":"2025-07-15T13:50:54","modified_gmt":"2025-07-15T11:50:54","slug":"muranyi","status":"publish","type":"product","link":"https:\/\/uj.adatbank.ro\/lexikon\/termek\/muranyi\/","title":{"rendered":"MUR\u00c1NYI"},"content":{"rendered":"<p>Marossz\u00e9ken is \u00e9lt ilyen nev\u0171 csal\u00e1d. M. P\u00e1l \u00e9s B\u00e1lint legfels\u0151bb helyen igazolt\u00e1k nemess\u00e9g\u00fcket (1786. j\u00fan. 19). <br \/><strong>Irod.:<\/strong> P\u00e1lmay<\/br><\/p>\n","protected":false},"excerpt":{"rendered":"<p>Marossz\u00e9ken is \u00e9lt ilyen nev\u0171 csal\u00e1d. M. P\u00e1l \u00e9s B\u00e1lint legfels\u0151bb helyen igazolt\u00e1k nemess\u00e9g\u00fcket (1786. j\u00fan. 19). Irod.: P\u00e1lmay<\/p>\n","protected":false},"featured_media":0,"comment_status":"open","ping_status":"closed","template":"","meta":[],"product_brand":[],"product_cat":[137],"product_tag":[],"class_list":{"0":"post-15902","1":"product","2":"type-product","3":"status-publish","5":"product_cat-maros-megyei-eletrajzi-lexikon","7":"first","8":"instock","9":"shipping-taxable","10":"product-type-simple"},"_links":{"self":[{"href":"https:\/\/uj.adatbank.ro\/lexikon\/wp-json\/wp\/v2\/product\/15902","targetHints":{"allow":["GET"]}}],"collection":[{"href":"https:\/\/uj.adatbank.ro\/lexikon\/wp-json\/wp\/v2\/product"}],"about":[{"href":"https:\/\/uj.adatbank.ro\/lexikon\/wp-json\/wp\/v2\/types\/product"}],"replies":[{"embeddable":true,"href":"https:\/\/uj.adatbank.ro\/lexikon\/wp-json\/wp\/v2\/comments?post=15902"}],"wp:attachment":[{"href":"https:\/\/uj.adatbank.ro\/lexikon\/wp-json\/wp\/v2\/media?parent=15902"}],"wp:term":[{"taxonomy":"product_brand","embeddable":true,"href":"https:\/\/uj.adatbank.ro\/lexikon\/wp-json\/wp\/v2\/product_brand?post=15902"},{"taxonomy":"product_cat","embeddable":true,"href":"https:\/\/uj.adatbank.ro\/lexikon\/wp-json\/wp\/v2\/product_cat?post=15902"},{"taxonomy":"product_tag","embeddable":true,"href":"https:\/\/uj.adatbank.ro\/lexikon\/wp-json\/wp\/v2\/product_tag?post=15902"}],"curies":[{"name":"wp","href":"https:\/\/api.w.org\/{rel}","templated":true}]}}