{"id":15904,"date":"2025-07-15T13:50:58","date_gmt":"2025-07-15T11:50:58","guid":{"rendered":"https:\/\/uj.adatbank.ro\/lexikon\/termek\/murarasu-dimitrie\/"},"modified":"2025-07-15T13:50:58","modified_gmt":"2025-07-15T11:50:58","slug":"murarasu-dimitrie","status":"publish","type":"product","link":"https:\/\/uj.adatbank.ro\/lexikon\/termek\/murarasu-dimitrie\/","title":{"rendered":"MUR\u0102RA\u015eU, Dimitrie"},"content":{"rendered":"<p>Boto\u015fani, 1896. nov. 26., \u2020 1984. okt. 19.: tan\u00e1r, irodalomt\u00f6rt\u00e9n\u00e9sz. \u2013 A k\u00f6z\u00e9piskol\u00e1t sz\u00fcl\u0151v\u0171ros\u0171ban v\u00e9gezte, majd filol\u00f3gi\u00e1t v\u00e9gzett. Tan\u00e1rseg\u00e9d az egyetemen, tan\u00e1r a p\u00e1rizsi Rom\u00e1n iskol\u00e1ban. Doktor\u00e1lt (1926).Tan\u00e1r a Florea Bogdan L\u00edc.-ban, Sz\u00e1szr\u00e9gen els\u0151 rom\u00e1n k\u00f6z\u00e9piskol\u00e1jj\u00e1ban (1920\u2013). Megszervezte \u00e9s vezette a l\u00edc. olvas\u00f3k\u00f6r\u00e9t amely keret\u00e9ben gazdag folklorisztikai tev\u00e9kenys\u00e9get folytattak. Kiadta M. Eminescu Literatur\u0103 popular\u0103 folkl\u00f3rgy\u0171jtem\u00e9ny\u00e9t (1936).Majd Buk.-ben egyetemi tan\u00e1r. \u2013 <strong>F. m.:<\/strong> M\u0103rturii \u00een leg\u0103tur\u0103 cu originea lui M. Eminescu (1931); Eminescu \u015fi clasicismul grecolatin (1932), Din izvoarele poeziei Epigonii (1936); Eminescu \u015fi Oxenstiern (1936); Eminescu \u015fi literatur\u0103 popular\u0103 (1936); Istoria literaturii rom\u00e2ne (Buc., 1943); Comentarii eminesciene (Buc., 1967); Mihai Eminescu: Via\u0163a \u015fi opera (Buc., 1983); <strong>ford.:<\/strong> Virgilius Maro, Publius: Eneida (Buc., 1956, 1958); Virgilius Maro, Publius: Bucolice. Georgice (Buc., 1967); Cartea celor o mie \u015fi una de nop\u0163i 1\u20135. (Buc., 1966, 1968, 1970, 1971); <strong>szerk.:<\/strong> Din presaliterar\u0103 rom\u00e2neasc\u0103 (1900\u20131918) (Buc., 1970); Alexandri Vasile: Poezii populare ale rom\u00e2nilor (Buc., 1971, 1972); Eminescu, Mihai Poezii (Buc., 1972) <br \/><strong>Irod.:<\/strong> F\u00fcl\u00f6p\u2013Ferencz; Gazeta Reghinului (an 6. nr.2)<\/br><\/p>\n","protected":false},"excerpt":{"rendered":"<p>Boto\u015fani, 1896. nov. 26., \u2020 1984. okt. 19.: tan\u00e1r, irodalomt\u00f6rt\u00e9n\u00e9sz. \u2013 A k\u00f6z\u00e9piskol\u00e1t sz\u00fcl\u0151v\u0171ros\u0171ban v\u00e9gezte, majd filol\u00f3gi\u00e1t v\u00e9gzett. Tan\u00e1rseg\u00e9d az egyetemen, tan\u00e1r a p\u00e1rizsi Rom\u00e1n iskol\u00e1ban. Doktor\u00e1lt (1926).Tan\u00e1r a Florea Bogdan L\u00edc.-ban, Sz\u00e1szr\u00e9gen els\u0151 rom\u00e1n k\u00f6z\u00e9piskol\u00e1jj\u00e1ban (1920\u2013). Megszervezte \u00e9s vezette a l\u00edc. olvas\u00f3k\u00f6r\u00e9t amely keret\u00e9ben gazdag folklorisztikai tev\u00e9kenys\u00e9get folytattak. Kiadta M. Eminescu Literatur\u0103 popular\u0103 folkl\u00f3rgy\u0171jtem\u00e9ny\u00e9t [&hellip;]<\/p>\n","protected":false},"featured_media":0,"comment_status":"open","ping_status":"closed","template":"","meta":[],"product_brand":[],"product_cat":[137],"product_tag":[],"class_list":{"0":"post-15904","1":"product","2":"type-product","3":"status-publish","5":"product_cat-maros-megyei-eletrajzi-lexikon","7":"first","8":"instock","9":"shipping-taxable","10":"product-type-simple"},"_links":{"self":[{"href":"https:\/\/uj.adatbank.ro\/lexikon\/wp-json\/wp\/v2\/product\/15904","targetHints":{"allow":["GET"]}}],"collection":[{"href":"https:\/\/uj.adatbank.ro\/lexikon\/wp-json\/wp\/v2\/product"}],"about":[{"href":"https:\/\/uj.adatbank.ro\/lexikon\/wp-json\/wp\/v2\/types\/product"}],"replies":[{"embeddable":true,"href":"https:\/\/uj.adatbank.ro\/lexikon\/wp-json\/wp\/v2\/comments?post=15904"}],"wp:attachment":[{"href":"https:\/\/uj.adatbank.ro\/lexikon\/wp-json\/wp\/v2\/media?parent=15904"}],"wp:term":[{"taxonomy":"product_brand","embeddable":true,"href":"https:\/\/uj.adatbank.ro\/lexikon\/wp-json\/wp\/v2\/product_brand?post=15904"},{"taxonomy":"product_cat","embeddable":true,"href":"https:\/\/uj.adatbank.ro\/lexikon\/wp-json\/wp\/v2\/product_cat?post=15904"},{"taxonomy":"product_tag","embeddable":true,"href":"https:\/\/uj.adatbank.ro\/lexikon\/wp-json\/wp\/v2\/product_tag?post=15904"}],"curies":[{"name":"wp","href":"https:\/\/api.w.org\/{rel}","templated":true}]}}