{"id":15905,"date":"2025-07-15T13:51:00","date_gmt":"2025-07-15T11:51:00","guid":{"rendered":"https:\/\/uj.adatbank.ro\/lexikon\/termek\/murasanu-nicolae\/"},"modified":"2025-07-15T13:51:00","modified_gmt":"2025-07-15T11:51:00","slug":"murasanu-nicolae","status":"publish","type":"product","link":"https:\/\/uj.adatbank.ro\/lexikon\/termek\/murasanu-nicolae\/","title":{"rendered":"MUR\u0102\u015eANU, Nicolae"},"content":{"rendered":"<p>Zetev\u00e1ralja, ? \u2020 ?: g. kat. lelk\u00e9sz. \u2013 Bal\u00e1zsfalv\u00e1n v\u00e9gezte a gimn\u00e1ziumot \u00e9s a teol\u00f3gi\u00e1t (1901\u201309). El\u0151bb B\u00e9lborban volt tan\u00edt\u00f3, lelk\u00e9sz Torj\u00e1n, majd Marosszentkir\u00e1lyon, v\u00e9g\u00fcl \u00c1d\u00e1moson. N\u00e9pk\u00f6lt\u00e9szeti gy\u0171jt\u0151 is volt. <br \/><strong>Irod.:<\/strong> \u015eerban 2006<\/br><\/p>\n","protected":false},"excerpt":{"rendered":"<p>Zetev\u00e1ralja, ? \u2020 ?: g. kat. lelk\u00e9sz. \u2013 Bal\u00e1zsfalv\u00e1n v\u00e9gezte a gimn\u00e1ziumot \u00e9s a teol\u00f3gi\u00e1t (1901\u201309). El\u0151bb B\u00e9lborban volt tan\u00edt\u00f3, lelk\u00e9sz Torj\u00e1n, majd Marosszentkir\u00e1lyon, v\u00e9g\u00fcl \u00c1d\u00e1moson. N\u00e9pk\u00f6lt\u00e9szeti gy\u0171jt\u0151 is volt. Irod.: \u015eerban 2006<\/p>\n","protected":false},"featured_media":0,"comment_status":"open","ping_status":"closed","template":"","meta":[],"product_brand":[],"product_cat":[137],"product_tag":[],"class_list":{"0":"post-15905","1":"product","2":"type-product","3":"status-publish","5":"product_cat-maros-megyei-eletrajzi-lexikon","7":"first","8":"instock","9":"shipping-taxable","10":"product-type-simple"},"_links":{"self":[{"href":"https:\/\/uj.adatbank.ro\/lexikon\/wp-json\/wp\/v2\/product\/15905","targetHints":{"allow":["GET"]}}],"collection":[{"href":"https:\/\/uj.adatbank.ro\/lexikon\/wp-json\/wp\/v2\/product"}],"about":[{"href":"https:\/\/uj.adatbank.ro\/lexikon\/wp-json\/wp\/v2\/types\/product"}],"replies":[{"embeddable":true,"href":"https:\/\/uj.adatbank.ro\/lexikon\/wp-json\/wp\/v2\/comments?post=15905"}],"wp:attachment":[{"href":"https:\/\/uj.adatbank.ro\/lexikon\/wp-json\/wp\/v2\/media?parent=15905"}],"wp:term":[{"taxonomy":"product_brand","embeddable":true,"href":"https:\/\/uj.adatbank.ro\/lexikon\/wp-json\/wp\/v2\/product_brand?post=15905"},{"taxonomy":"product_cat","embeddable":true,"href":"https:\/\/uj.adatbank.ro\/lexikon\/wp-json\/wp\/v2\/product_cat?post=15905"},{"taxonomy":"product_tag","embeddable":true,"href":"https:\/\/uj.adatbank.ro\/lexikon\/wp-json\/wp\/v2\/product_tag?post=15905"}],"curies":[{"name":"wp","href":"https:\/\/api.w.org\/{rel}","templated":true}]}}