{"id":15906,"date":"2025-07-15T13:51:05","date_gmt":"2025-07-15T11:51:05","guid":{"rendered":"https:\/\/uj.adatbank.ro\/lexikon\/termek\/muresan-alexandru\/"},"modified":"2025-07-15T13:51:05","modified_gmt":"2025-07-15T11:51:05","slug":"muresan-alexandru","status":"publish","type":"product","link":"https:\/\/uj.adatbank.ro\/lexikon\/termek\/muresan-alexandru\/","title":{"rendered":"MURE\u015eAN, Alexandru"},"content":{"rendered":"<p>Radn\u00f3tf\u00e1ja, ? \u2020 ?: k\u00e1ntortan\u00edt\u00f3, falub\u00edr\u00f3. \u2013 Radn\u00f3tf\u00e1j\u00e1n a g. kat. rom\u00e1n tannyelv\u0171 \u00e1llami iskol\u00e1ban. Osztatlan iskola volt, amelyben 50\u201360 I\u2013IV. oszt.-os tanul\u00f3t tan\u00edtott (1885 \u2013 1905 ). A falub\u00edr\u00f3 szerep\u00e9t is bet\u00f6lt\u00f6tte \u00e9s cip\u00e9sz is volt. Esti oktat\u00e1st is szervezett az ism\u00e9tl\u0151 iskol\u00e1ban.-<br \/><strong>Irod.:<\/strong> Costea 1999<\/br><\/p>\n","protected":false},"excerpt":{"rendered":"<p>Radn\u00f3tf\u00e1ja, ? \u2020 ?: k\u00e1ntortan\u00edt\u00f3, falub\u00edr\u00f3. \u2013 Radn\u00f3tf\u00e1j\u00e1n a g. kat. rom\u00e1n tannyelv\u0171 \u00e1llami iskol\u00e1ban. Osztatlan iskola volt, amelyben 50\u201360 I\u2013IV. oszt.-os tanul\u00f3t tan\u00edtott (1885 \u2013 1905 ). A falub\u00edr\u00f3 szerep\u00e9t is bet\u00f6lt\u00f6tte \u00e9s cip\u00e9sz is volt. Esti oktat\u00e1st is szervezett az ism\u00e9tl\u0151 iskol\u00e1ban.-Irod.: Costea 1999<\/p>\n","protected":false},"featured_media":0,"comment_status":"open","ping_status":"closed","template":"","meta":[],"product_brand":[],"product_cat":[137],"product_tag":[],"class_list":{"0":"post-15906","1":"product","2":"type-product","3":"status-publish","5":"product_cat-maros-megyei-eletrajzi-lexikon","7":"first","8":"instock","9":"shipping-taxable","10":"product-type-simple"},"_links":{"self":[{"href":"https:\/\/uj.adatbank.ro\/lexikon\/wp-json\/wp\/v2\/product\/15906","targetHints":{"allow":["GET"]}}],"collection":[{"href":"https:\/\/uj.adatbank.ro\/lexikon\/wp-json\/wp\/v2\/product"}],"about":[{"href":"https:\/\/uj.adatbank.ro\/lexikon\/wp-json\/wp\/v2\/types\/product"}],"replies":[{"embeddable":true,"href":"https:\/\/uj.adatbank.ro\/lexikon\/wp-json\/wp\/v2\/comments?post=15906"}],"wp:attachment":[{"href":"https:\/\/uj.adatbank.ro\/lexikon\/wp-json\/wp\/v2\/media?parent=15906"}],"wp:term":[{"taxonomy":"product_brand","embeddable":true,"href":"https:\/\/uj.adatbank.ro\/lexikon\/wp-json\/wp\/v2\/product_brand?post=15906"},{"taxonomy":"product_cat","embeddable":true,"href":"https:\/\/uj.adatbank.ro\/lexikon\/wp-json\/wp\/v2\/product_cat?post=15906"},{"taxonomy":"product_tag","embeddable":true,"href":"https:\/\/uj.adatbank.ro\/lexikon\/wp-json\/wp\/v2\/product_tag?post=15906"}],"curies":[{"name":"wp","href":"https:\/\/api.w.org\/{rel}","templated":true}]}}