{"id":15907,"date":"2025-07-15T13:51:06","date_gmt":"2025-07-15T11:51:06","guid":{"rendered":"https:\/\/uj.adatbank.ro\/lexikon\/termek\/muresan-anca-georgina-nicusan\/"},"modified":"2025-07-15T13:51:06","modified_gmt":"2025-07-15T11:51:06","slug":"muresan-anca-georgina-nicusan","status":"publish","type":"product","link":"https:\/\/uj.adatbank.ro\/lexikon\/termek\/muresan-anca-georgina-nicusan\/","title":{"rendered":"MURE\u015eAN, Anca Georgina; Nicu\u015fan"},"content":{"rendered":"<p>Kisikland, 1928. nov. 7., \u2020\u00a0?: tan\u00edt\u00f3n\u0151. \u2013 Tan\u00edt\u00f3k\u00e9pz\u0151t Mv.-en v\u00e9gzett (1947). Tan\u00edtott Kisoklandon, Marosesden, Marosszentkir\u00e1lyon, Mv.-en a 3. sz. \u00c1ltal\u00e1nos Iskol\u00e1ban. Nyugd\u00edjba vonult (1982). \u2013 F.m.\u00a0: Vacan\u0163e&#8230; Vacan\u0163e (Tg.M., 2006). <br \/><strong>Irod.:<\/strong> MMK<\/br><\/p>\n","protected":false},"excerpt":{"rendered":"<p>Kisikland, 1928. nov. 7., \u2020\u00a0?: tan\u00edt\u00f3n\u0151. \u2013 Tan\u00edt\u00f3k\u00e9pz\u0151t Mv.-en v\u00e9gzett (1947). Tan\u00edtott Kisoklandon, Marosesden, Marosszentkir\u00e1lyon, Mv.-en a 3. sz. \u00c1ltal\u00e1nos Iskol\u00e1ban. Nyugd\u00edjba vonult (1982). \u2013 F.m.\u00a0: Vacan\u0163e&#8230; Vacan\u0163e (Tg.M., 2006). Irod.: MMK<\/p>\n","protected":false},"featured_media":0,"comment_status":"open","ping_status":"closed","template":"","meta":[],"product_brand":[],"product_cat":[137],"product_tag":[],"class_list":{"0":"post-15907","1":"product","2":"type-product","3":"status-publish","5":"product_cat-maros-megyei-eletrajzi-lexikon","7":"first","8":"instock","9":"shipping-taxable","10":"product-type-simple"},"_links":{"self":[{"href":"https:\/\/uj.adatbank.ro\/lexikon\/wp-json\/wp\/v2\/product\/15907","targetHints":{"allow":["GET"]}}],"collection":[{"href":"https:\/\/uj.adatbank.ro\/lexikon\/wp-json\/wp\/v2\/product"}],"about":[{"href":"https:\/\/uj.adatbank.ro\/lexikon\/wp-json\/wp\/v2\/types\/product"}],"replies":[{"embeddable":true,"href":"https:\/\/uj.adatbank.ro\/lexikon\/wp-json\/wp\/v2\/comments?post=15907"}],"wp:attachment":[{"href":"https:\/\/uj.adatbank.ro\/lexikon\/wp-json\/wp\/v2\/media?parent=15907"}],"wp:term":[{"taxonomy":"product_brand","embeddable":true,"href":"https:\/\/uj.adatbank.ro\/lexikon\/wp-json\/wp\/v2\/product_brand?post=15907"},{"taxonomy":"product_cat","embeddable":true,"href":"https:\/\/uj.adatbank.ro\/lexikon\/wp-json\/wp\/v2\/product_cat?post=15907"},{"taxonomy":"product_tag","embeddable":true,"href":"https:\/\/uj.adatbank.ro\/lexikon\/wp-json\/wp\/v2\/product_tag?post=15907"}],"curies":[{"name":"wp","href":"https:\/\/api.w.org\/{rel}","templated":true}]}}