{"id":15908,"date":"2025-07-15T13:51:08","date_gmt":"2025-07-15T11:51:08","guid":{"rendered":"https:\/\/uj.adatbank.ro\/lexikon\/termek\/muresan-augustin\/"},"modified":"2025-07-15T13:51:08","modified_gmt":"2025-07-15T11:51:08","slug":"muresan-augustin","status":"publish","type":"product","link":"https:\/\/uj.adatbank.ro\/lexikon\/termek\/muresan-augustin\/","title":{"rendered":"MURE\u015eAN, Augustin"},"content":{"rendered":"<p>Mez\u0151kem\u00e9nytelke, 1908. j\u00fal. 12., \u2020 ?, 1985. aug. 1.: orvos.- Mv-en v\u00e9gezte a l\u00edc.-ot, Kv-on az orvosi egyetemet (1933), az orvostudom\u00e1nyok doktora (1935), doktor docens (1961). Gyakornok a K\u00f3rbonctani Tansz\u00e9ken (1933), tan\u00e1rseg\u00e9d a buk.-i Egyetem Orvosi Kar\u00e1n (1939), el\u0151ad\u00f3tan\u00e1r az Orvosi \u00e9s gy\u00f3gyszer\u00e9szeti Tov\u00e1bbk\u00e9pz\u0151 Int\u00e9zetben (1952), professzor (1962\u20131973). \u2013 <strong>F. m.:<\/strong> T\u00e1rsszerz\u0151: Curs de anatomie patologica (1950). <br \/><strong>Irod.:<\/strong> Fornade<\/br><\/p>\n","protected":false},"excerpt":{"rendered":"<p>Mez\u0151kem\u00e9nytelke, 1908. j\u00fal. 12., \u2020 ?, 1985. aug. 1.: orvos.- Mv-en v\u00e9gezte a l\u00edc.-ot, Kv-on az orvosi egyetemet (1933), az orvostudom\u00e1nyok doktora (1935), doktor docens (1961). Gyakornok a K\u00f3rbonctani Tansz\u00e9ken (1933), tan\u00e1rseg\u00e9d a buk.-i Egyetem Orvosi Kar\u00e1n (1939), el\u0151ad\u00f3tan\u00e1r az Orvosi \u00e9s gy\u00f3gyszer\u00e9szeti Tov\u00e1bbk\u00e9pz\u0151 Int\u00e9zetben (1952), professzor (1962\u20131973). \u2013 F. m.: T\u00e1rsszerz\u0151: Curs de anatomie [&hellip;]<\/p>\n","protected":false},"featured_media":0,"comment_status":"open","ping_status":"closed","template":"","meta":[],"product_brand":[],"product_cat":[137],"product_tag":[],"class_list":{"0":"post-15908","1":"product","2":"type-product","3":"status-publish","5":"product_cat-maros-megyei-eletrajzi-lexikon","7":"first","8":"instock","9":"shipping-taxable","10":"product-type-simple"},"_links":{"self":[{"href":"https:\/\/uj.adatbank.ro\/lexikon\/wp-json\/wp\/v2\/product\/15908","targetHints":{"allow":["GET"]}}],"collection":[{"href":"https:\/\/uj.adatbank.ro\/lexikon\/wp-json\/wp\/v2\/product"}],"about":[{"href":"https:\/\/uj.adatbank.ro\/lexikon\/wp-json\/wp\/v2\/types\/product"}],"replies":[{"embeddable":true,"href":"https:\/\/uj.adatbank.ro\/lexikon\/wp-json\/wp\/v2\/comments?post=15908"}],"wp:attachment":[{"href":"https:\/\/uj.adatbank.ro\/lexikon\/wp-json\/wp\/v2\/media?parent=15908"}],"wp:term":[{"taxonomy":"product_brand","embeddable":true,"href":"https:\/\/uj.adatbank.ro\/lexikon\/wp-json\/wp\/v2\/product_brand?post=15908"},{"taxonomy":"product_cat","embeddable":true,"href":"https:\/\/uj.adatbank.ro\/lexikon\/wp-json\/wp\/v2\/product_cat?post=15908"},{"taxonomy":"product_tag","embeddable":true,"href":"https:\/\/uj.adatbank.ro\/lexikon\/wp-json\/wp\/v2\/product_tag?post=15908"}],"curies":[{"name":"wp","href":"https:\/\/api.w.org\/{rel}","templated":true}]}}