{"id":15909,"date":"2025-07-15T13:51:09","date_gmt":"2025-07-15T11:51:09","guid":{"rendered":"https:\/\/uj.adatbank.ro\/lexikon\/termek\/muresan-aurel\/"},"modified":"2025-07-15T13:51:09","modified_gmt":"2025-07-15T11:51:09","slug":"muresan-aurel","status":"publish","type":"product","link":"https:\/\/uj.adatbank.ro\/lexikon\/termek\/muresan-aurel\/","title":{"rendered":"MURE\u015eAN, Aurel"},"content":{"rendered":"<p>Bala, 1899. okt. 23., \u2020 Bala, 1944. okt. 4. : szeg\u00e9nyparaszt, katona. \u2013 R\u00e9szt vett a gyulafeh\u00e9rv\u00e1ri nagygy\u0171l\u00e9sen (1918. dec. 1.). A f\u00f6ldreform (1923) f\u00f6ldh\u00f6z juttatta. A II. vh.-ban \u00f6nk\u00e9ntesk\u00e9nt szolg\u00e1lt a rom\u00e1n hadseregben, eleset sz\u00fcl\u0151faluj\u00e1ban 17 \u00e9ves fi\u00e1val egy\u00fctt. <br \/><strong>Irod.:<\/strong> MMK<\/br><\/p>\n","protected":false},"excerpt":{"rendered":"<p>Bala, 1899. okt. 23., \u2020 Bala, 1944. okt. 4. : szeg\u00e9nyparaszt, katona. \u2013 R\u00e9szt vett a gyulafeh\u00e9rv\u00e1ri nagygy\u0171l\u00e9sen (1918. dec. 1.). A f\u00f6ldreform (1923) f\u00f6ldh\u00f6z juttatta. A II. vh.-ban \u00f6nk\u00e9ntesk\u00e9nt szolg\u00e1lt a rom\u00e1n hadseregben, eleset sz\u00fcl\u0151faluj\u00e1ban 17 \u00e9ves fi\u00e1val egy\u00fctt. Irod.: MMK<\/p>\n","protected":false},"featured_media":0,"comment_status":"open","ping_status":"closed","template":"","meta":[],"product_brand":[],"product_cat":[137],"product_tag":[],"class_list":{"0":"post-15909","1":"product","2":"type-product","3":"status-publish","5":"product_cat-maros-megyei-eletrajzi-lexikon","7":"first","8":"instock","9":"shipping-taxable","10":"product-type-simple"},"_links":{"self":[{"href":"https:\/\/uj.adatbank.ro\/lexikon\/wp-json\/wp\/v2\/product\/15909","targetHints":{"allow":["GET"]}}],"collection":[{"href":"https:\/\/uj.adatbank.ro\/lexikon\/wp-json\/wp\/v2\/product"}],"about":[{"href":"https:\/\/uj.adatbank.ro\/lexikon\/wp-json\/wp\/v2\/types\/product"}],"replies":[{"embeddable":true,"href":"https:\/\/uj.adatbank.ro\/lexikon\/wp-json\/wp\/v2\/comments?post=15909"}],"wp:attachment":[{"href":"https:\/\/uj.adatbank.ro\/lexikon\/wp-json\/wp\/v2\/media?parent=15909"}],"wp:term":[{"taxonomy":"product_brand","embeddable":true,"href":"https:\/\/uj.adatbank.ro\/lexikon\/wp-json\/wp\/v2\/product_brand?post=15909"},{"taxonomy":"product_cat","embeddable":true,"href":"https:\/\/uj.adatbank.ro\/lexikon\/wp-json\/wp\/v2\/product_cat?post=15909"},{"taxonomy":"product_tag","embeddable":true,"href":"https:\/\/uj.adatbank.ro\/lexikon\/wp-json\/wp\/v2\/product_tag?post=15909"}],"curies":[{"name":"wp","href":"https:\/\/api.w.org\/{rel}","templated":true}]}}