{"id":1591,"date":"2025-06-28T11:46:54","date_gmt":"2025-06-28T09:46:54","guid":{"rendered":"https:\/\/uj.adatbank.ro\/lexikon\/termek\/adleff-norbert\/"},"modified":"2025-06-28T11:46:54","modified_gmt":"2025-06-28T09:46:54","slug":"adleff-norbert","status":"publish","type":"product","link":"https:\/\/uj.adatbank.ro\/lexikon\/termek\/adleff-norbert\/","title":{"rendered":"ADLEFF Norbert"},"content":{"rendered":"<p>Sz\u00e1szr\u00e9gen, 1884. j\u00fan. 7.,\u2020 Sz\u00e1szr\u00e9gen, 1936. jan.18.: tan\u00e1r. \u2013 Apja b\u0151rkeresked\u0151 Sz\u00e1szr\u00e9genben. \u2013 A besztercei ev. gimn.-ban \u00e9retts\u00e9gizett. A kv.-i egy.-en tanult, majd beiratkozott a heidelbergi egy. Hittudom\u00e1nyi Kar\u00e1ra (1903. \u00e1pr. 29.\u20131905\u20131906), k\u00f6zben a berlini egy. Hittudom\u00e1nyi Kar\u00e1n (1904. nov. 3.- 1905. m\u00e1j. 4.) is tanult, majd \u00fajrairatkozott a kv.-i egy.-re \u00e9s b\u00f6lcs\u00e9szdoktori c\u00edmet szerzett (1907). A sz\u00e1szr\u00e9geni ev. f\u0151gimn.-ban pr\u00f3baid\u0151s (1906), helyettes (1908\u2013), rendes tan\u00e1r (1911\u201325). <br \/><strong>Irod.:<\/strong> Szab\u00f3\u2013Simon\u2013Sz\u00f6gi<\/br><\/p>\n","protected":false},"excerpt":{"rendered":"<p>Sz\u00e1szr\u00e9gen, 1884. j\u00fan. 7.,\u2020 Sz\u00e1szr\u00e9gen, 1936. jan.18.: tan\u00e1r. \u2013 Apja b\u0151rkeresked\u0151 Sz\u00e1szr\u00e9genben. \u2013 A besztercei ev. gimn.-ban \u00e9retts\u00e9gizett. A kv.-i egy.-en tanult, majd beiratkozott a heidelbergi egy. Hittudom\u00e1nyi Kar\u00e1ra (1903. \u00e1pr. 29.\u20131905\u20131906), k\u00f6zben a berlini egy. Hittudom\u00e1nyi Kar\u00e1n (1904. nov. 3.- 1905. m\u00e1j. 4.) is tanult, majd \u00fajrairatkozott a kv.-i egy.-re \u00e9s b\u00f6lcs\u00e9szdoktori c\u00edmet szerzett [&hellip;]<\/p>\n","protected":false},"featured_media":0,"comment_status":"open","ping_status":"closed","template":"","meta":[],"product_brand":[],"product_cat":[137],"product_tag":[],"class_list":{"0":"post-1591","1":"product","2":"type-product","3":"status-publish","5":"product_cat-maros-megyei-eletrajzi-lexikon","7":"first","8":"instock","9":"shipping-taxable","10":"product-type-simple"},"_links":{"self":[{"href":"https:\/\/uj.adatbank.ro\/lexikon\/wp-json\/wp\/v2\/product\/1591","targetHints":{"allow":["GET"]}}],"collection":[{"href":"https:\/\/uj.adatbank.ro\/lexikon\/wp-json\/wp\/v2\/product"}],"about":[{"href":"https:\/\/uj.adatbank.ro\/lexikon\/wp-json\/wp\/v2\/types\/product"}],"replies":[{"embeddable":true,"href":"https:\/\/uj.adatbank.ro\/lexikon\/wp-json\/wp\/v2\/comments?post=1591"}],"wp:attachment":[{"href":"https:\/\/uj.adatbank.ro\/lexikon\/wp-json\/wp\/v2\/media?parent=1591"}],"wp:term":[{"taxonomy":"product_brand","embeddable":true,"href":"https:\/\/uj.adatbank.ro\/lexikon\/wp-json\/wp\/v2\/product_brand?post=1591"},{"taxonomy":"product_cat","embeddable":true,"href":"https:\/\/uj.adatbank.ro\/lexikon\/wp-json\/wp\/v2\/product_cat?post=1591"},{"taxonomy":"product_tag","embeddable":true,"href":"https:\/\/uj.adatbank.ro\/lexikon\/wp-json\/wp\/v2\/product_tag?post=1591"}],"curies":[{"name":"wp","href":"https:\/\/api.w.org\/{rel}","templated":true}]}}