{"id":15912,"date":"2025-07-15T13:51:15","date_gmt":"2025-07-15T11:51:15","guid":{"rendered":"https:\/\/uj.adatbank.ro\/lexikon\/termek\/muresan-dumitru-%c2%a7-dumitru-tica-muresianu\/"},"modified":"2025-07-15T13:51:15","modified_gmt":"2025-07-15T11:51:15","slug":"muresan-dumitru-%c2%a7-dumitru-tica-muresianu","status":"publish","type":"product","link":"https:\/\/uj.adatbank.ro\/lexikon\/termek\/muresan-dumitru-%c2%a7-dumitru-tica-muresianu\/","title":{"rendered":"MURE\u015eAN, Dumitru, \u00a7 Dumitru Tic\u0103 Mure\u015fianu"},"content":{"rendered":"<p>Bucsony, 1941. jan. 21., \u2020\u00a0?: k\u00f6lt\u0151, tan\u00e1r.- Elemi isk.-t Szamossz\u00e9plakon (Szil\u00e1gy), V-VII. oszt.-t Szil\u00e1gycsehen, k\u00f6z\u00e9pisk.-t Nagyb\u00e1ny\u00e1n v\u00e9gezte (1957), Kv.-on a BBTE-en Matematika Szakon szerzett oklevelet (1957\u201362 nappali tagozat, 1964\u201366 l\u00e1togat\u00e1s n\u00e9lk\u00fcl). Buk.-ben \u00dajs\u00e1g\u00edr\u00f3i Egyetemet hallgatott (1981\u201387). Matematikatan\u00e1r Jurilovcaban (Tulcea, 1962\u201368), igazgat\u00f3 \u00e9s metodista Tulceaban a N\u00e9pi Alkot\u00e1sok H\u00e1z\u00e1ban (1968\u201372). Szerkeszt\u0151 a mv.-i Vatra c. foly\u00f3iratn\u00e1l (1972\u2013), a Mv.-i R\u00e1di\u00f3 munkat\u00e1rsa. K\u00f6lt\u0151k\u00e9nt a Gazeta literar\u0103 foly\u00f3iratban jelentkezett (1964).Versekkel, essz\u00e9kkel \u00e9s ford\u00edt\u00e1sokkal munkat\u00e1rsa t\u00f6bb sajt\u00f3term\u00e9knek : Tomis, Rom\u00e2nia literar\u0103, Luceaf\u0103rul, Vatra, Tribuna, Steaua, Familia, Igaz Sz\u00f3, Poesis, \u201eV\u201d(Focsani), Ramuri, Discobolul (Gyulafeh\u00e9rv\u00e1r), Arca (Arad), Calende (Pitesti). Essz\u00e9inek a java a jelenkori rom. irodalommal foglalkozik (t\u00f6bb mint 175, egy k\u00f6tetre val\u00f3 el\u0151k\u00e9sz\u00edtve). Ford\u00edtott Alexei Prosvetov, Ghenadi Lasenco, Dim.Daminov, Nicolai Novicov, Jules Laforgue, Jules Supervielle m\u0171veket. Megkapta a Mv-i \u00cdr\u00f3sz\u00f6vets\u00e9g d\u00edj\u00e1t a Despre melancolie c. k\u00f6tet\u00e9\u00e9rt (1981); a Dobrudzsai \u00cdr\u00f3sz\u00f6vets\u00e9g \u00e9s a Tomis foly\u00f3irat d\u00edj\u00e1t Konstanc\u00e1n a Lira meditativ\u0103 c. k\u00f6tet\u00e9\u00e9rt (1998); a Mv.-i \u00cdr\u00f3sz\u00f6vets\u00e9g k\u00f6lt\u0151i d\u00edj\u00e1t az 1998. esztend\u0151re a Lira meditativ\u0103 (Beszterce, 1999) c. k\u00f6tet\u00e9\u00e9rt. \u2013 F. m.\u00a0: Nebuloasa crabului (vers., Buc., 1968); Orologiul din oglinzi: [vers., Cluj-N., 1975); Despre melancolie (vers., Buc., 1981); Lira meditativ\u0103 (vers., Tg. M., 1998); <strong>antol\u00f3g.:<\/strong> Inscrip\u0163ii de pe malul m\u0103rii: (kiad. Marin Porumbescu; Constan\u0163a, 1965). <br \/><strong>Irod.:<\/strong> Cosma; DSR<\/br><\/p>\n","protected":false},"excerpt":{"rendered":"<p>Bucsony, 1941. jan. 21., \u2020\u00a0?: k\u00f6lt\u0151, tan\u00e1r.- Elemi isk.-t Szamossz\u00e9plakon (Szil\u00e1gy), V-VII. oszt.-t Szil\u00e1gycsehen, k\u00f6z\u00e9pisk.-t Nagyb\u00e1ny\u00e1n v\u00e9gezte (1957), Kv.-on a BBTE-en Matematika Szakon szerzett oklevelet (1957\u201362 nappali tagozat, 1964\u201366 l\u00e1togat\u00e1s n\u00e9lk\u00fcl). Buk.-ben \u00dajs\u00e1g\u00edr\u00f3i Egyetemet hallgatott (1981\u201387). Matematikatan\u00e1r Jurilovcaban (Tulcea, 1962\u201368), igazgat\u00f3 \u00e9s metodista Tulceaban a N\u00e9pi Alkot\u00e1sok H\u00e1z\u00e1ban (1968\u201372). Szerkeszt\u0151 a mv.-i Vatra c. foly\u00f3iratn\u00e1l [&hellip;]<\/p>\n","protected":false},"featured_media":0,"comment_status":"open","ping_status":"closed","template":"","meta":[],"product_brand":[],"product_cat":[137],"product_tag":[],"class_list":{"0":"post-15912","1":"product","2":"type-product","3":"status-publish","5":"product_cat-maros-megyei-eletrajzi-lexikon","7":"first","8":"instock","9":"shipping-taxable","10":"product-type-simple"},"_links":{"self":[{"href":"https:\/\/uj.adatbank.ro\/lexikon\/wp-json\/wp\/v2\/product\/15912","targetHints":{"allow":["GET"]}}],"collection":[{"href":"https:\/\/uj.adatbank.ro\/lexikon\/wp-json\/wp\/v2\/product"}],"about":[{"href":"https:\/\/uj.adatbank.ro\/lexikon\/wp-json\/wp\/v2\/types\/product"}],"replies":[{"embeddable":true,"href":"https:\/\/uj.adatbank.ro\/lexikon\/wp-json\/wp\/v2\/comments?post=15912"}],"wp:attachment":[{"href":"https:\/\/uj.adatbank.ro\/lexikon\/wp-json\/wp\/v2\/media?parent=15912"}],"wp:term":[{"taxonomy":"product_brand","embeddable":true,"href":"https:\/\/uj.adatbank.ro\/lexikon\/wp-json\/wp\/v2\/product_brand?post=15912"},{"taxonomy":"product_cat","embeddable":true,"href":"https:\/\/uj.adatbank.ro\/lexikon\/wp-json\/wp\/v2\/product_cat?post=15912"},{"taxonomy":"product_tag","embeddable":true,"href":"https:\/\/uj.adatbank.ro\/lexikon\/wp-json\/wp\/v2\/product_tag?post=15912"}],"curies":[{"name":"wp","href":"https:\/\/api.w.org\/{rel}","templated":true}]}}